

{"id":4864,"date":"2025-01-17T16:42:55","date_gmt":"2025-01-17T15:42:55","guid":{"rendered":"https:\/\/blackviewphones.com\/?product=blackview-r30-pro-smartwatch-negro"},"modified":"2025-12-22T11:20:32","modified_gmt":"2025-12-22T10:20:32","slug":"orologio-intelligente-blackview-r30-pro","status":"publish","type":"product","link":"https:\/\/blackviewphones.com\/it\/product\/blackview-r30-pro-smartwatch\/","title":{"rendered":"Blackview R30 Pro \u2013 Orologio intelligente"},"content":{"rendered":"<h1>Blackview R30 Pro \u2013 Orologio intelligente<\/h1>\n<p>Vi invitiamo a scoprire il nuovo smartwatch Blackview, il Blackview R30 Pro, che vi permette di monitorare la vostra salute, offre una ricarica rapida e una durata della batteria eccezionale. \u00c8 dotato di un cinturino in silicone flessibile integrato per il massimo comfort. Grazie al display cristallino da 1,85&quot;, potrete visualizzare in modo fluido le notifiche di chiamata e i promemoria, il tutto con una batteria da 280 mAh.<\/p>\n<p><strong>Rispondi rapidamente alle chiamate, ricevi notifiche e visualizza promemoria<\/strong><\/p>\n<p>Questo smartwatch \u00e8 dotato di Bluetooth intelligente che consente di connetterlo facilmente al telefono. Puoi rispondere o rifiutare le chiamate mentre fai sport o ti occupi delle faccende domestiche. Inoltre, puoi sincronizzare le notifiche del cellulare, i messaggi e le comunicazioni giornaliere che ritieni pi\u00f9 importanti, ovunque tu sia.<\/p>\n<p><strong>Tieni traccia della tua frequenza cardiaca e monitora l&#039;ossigeno nel sangue con il tuo smartwatch<\/strong><\/p>\n<p>Con il tuo R30 Pro monitora la tua frequenza cardiaca in tempo reale durante l&#039;attivit\u00e0 fisica e mantieni un ritmo salutare. Cambiamenti negli indicatori di ossigenazione del sangue per comprendere meglio il tuo corpo e i movimenti salutari.<\/p>\n<p><strong>Monitorare lo stato del sonno e valutarne la qualit\u00e0<\/strong><\/p>\n<p>Ti aiuta a sviluppare buone abitudini di riposo e rilassamento: un sonno di qualit\u00e0 non pu\u00f2 essere ottenuto senza la sveglia con allarme regolare. Tiene inoltre sotto controllo lo stress emotivo: un umore stabile pu\u00f2 portare piacere e garantire un sonno di qualit\u00e0. Inoltre, ha un monitor dello stress emotivo che favorisce il buon umore e migliora la qualit\u00e0 del sonno.<\/p>","protected":false},"excerpt":{"rendered":"<p>Schermo da 1,85\u2033<br \/>\n\u03c644,5*37*11,6 mm<br \/>\n54,56 grammi<br \/>\n280 mAh<br \/>\nModalit\u00e0 Sport<br \/>\nChiamate e notifiche<br \/>\nMonitoraggio ossigeno + battito cardiaco + sonno + stress<br \/>\nCompatibile con iOS e Android.<\/p>","protected":false},"featured_media":4863,"comment_status":"open","ping_status":"closed","template":"","meta":{"_acf_changed":false},"product_brand":[],"product_cat":[349],"product_tag":[],"class_list":{"0":"post-4864","1":"product","2":"type-product","3":"status-publish","4":"has-post-thumbnail","6":"product_cat-sin-categoria","8":"first","9":"outofstock","10":"sale","11":"shipping-taxable","12":"purchasable","13":"product-type-variable"},"acf":[],"_links":{"self":[{"href":"https:\/\/blackviewphones.com\/it\/wp-json\/wp\/v2\/product\/4864","targetHints":{"allow":["GET"]}}],"collection":[{"href":"https:\/\/blackviewphones.com\/it\/wp-json\/wp\/v2\/product"}],"about":[{"href":"https:\/\/blackviewphones.com\/it\/wp-json\/wp\/v2\/types\/product"}],"replies":[{"embeddable":true,"href":"https:\/\/blackviewphones.com\/it\/wp-json\/wp\/v2\/comments?post=4864"}],"version-history":[{"count":0,"href":"https:\/\/blackviewphones.com\/it\/wp-json\/wp\/v2\/product\/4864\/revisions"}],"wp:featuredmedia":[{"embeddable":true,"href":"https:\/\/blackviewphones.com\/it\/wp-json\/wp\/v2\/media\/4863"}],"wp:attachment":[{"href":"https:\/\/blackviewphones.com\/it\/wp-json\/wp\/v2\/media?parent=4864"}],"wp:term":[{"taxonomy":"product_brand","embeddable":true,"href":"https:\/\/blackviewphones.com\/it\/wp-json\/wp\/v2\/product_brand?post=4864"},{"taxonomy":"product_cat","embeddable":true,"href":"https:\/\/blackviewphones.com\/it\/wp-json\/wp\/v2\/product_cat?post=4864"},{"taxonomy":"product_tag","embeddable":true,"href":"https:\/\/blackviewphones.com\/it\/wp-json\/wp\/v2\/product_tag?post=4864"}],"curies":[{"name":"wp","href":"https:\/\/api.w.org\/{rel}","templated":true}]}}