

{"id":4777,"date":"2025-01-17T16:42:26","date_gmt":"2025-01-17T15:42:26","guid":{"rendered":"https:\/\/blackviewphones.com\/?product=tablet-blackview-tab-9-wifi-18gb-6gb12gb-ram-256-gb-rom-gris"},"modified":"2026-04-15T15:20:43","modified_gmt":"2026-04-15T13:20:43","slug":"tablet-blackview-tab-9-wi-fi-18-gb-ram-256-gb-rom","status":"publish","type":"product","link":"https:\/\/blackviewphones.com\/it\/product\/tablet-blackview-tab-9-wifi-18gb-ram-256gb-rom\/","title":{"rendered":"Tablet Blackview Tab 9 Wifi | 18 GB (6 GB + 12 GB) di RAM 256 GB di ROM"},"content":{"rendered":"<h1>Tablet Blackview Tab 9 Wifi | 18 GB (6 GB + 12 GB) di RAM 256 GB di ROM<\/h1>\n<p>Scopri il nuovo Tablet\u00a0<strong>Scheda 9 Wi-Fi\u00a0<\/strong>del marchio Blackview da 11\u2033 con spessore di 9,1 mm, con batteria da\u00a0<strong>8200 mAh<\/strong>\u00a0e con sistema operativo\u00a0<strong>Androide 14.\u00a0<\/strong>Ha un processore UNISOC T606 Octa-Core da 12 nm,\u00a0<strong>Funzione modalit\u00e0 PC<\/strong>\u00a0e un Antutu 260146.<\/p>\n<p><span data-spm-anchor-id=\"a2g0o.detail.1000023.i6.416912c6ea8IFf\">Ha uno stile moderno ed elegante e<\/span><span data-spm-anchor-id=\"a2g0o.detail.1000023.i7.416912c6ea8IFf\">\u00a0pesa 512 grammi<\/span><strong>.<\/strong>\u00a0Ha anche<strong>\u00a06 GB di RAM<\/strong>\u00a0<strong>virtualmente espandibile fino a 18 GB<\/strong>\u00a0E\u00a0<strong>ROM da 256 GB espandibile fino a 1 TF<\/strong>, inoltre \u00e8 possibile adattare una tastiera wireless per un utilizzo migliore ed \u00e8\u00a0<strong>Compatibile con Widevine L1.<\/strong><\/p>\n<p><strong>Wi-Fi a doppia banda 5<\/strong><\/p>\n<p>Tab 9 WiFi con WiFi 5 dual-band integrato garantisce una connettivit\u00e0 pi\u00f9 stabile con una copertura pi\u00f9 ampia e una migliore penetrazione del segnale. Goditi le massime velocit\u00e0 di download e upload, giochi fluidi, streaming di film e conferenze.<\/p>\n<h2><strong style=\"font-size: 16px;\">Il tablet di marca Blackview, non \u00e8 IP68, non pu\u00f2 essere bagnato o urtato.<\/strong><\/h2>\n<p><strong>La tastiera non \u00e8 inclusa.<\/strong><\/p>","protected":false},"excerpt":{"rendered":"<p>Potenza e leggerezza per grandi idee. Questo tablet <strong data-start=\"715\" data-end=\"722\">11\u2033<\/strong> con <strong data-start=\"727\" data-end=\"737\">Wi-Fi 5<\/strong>, <strong data-start=\"739\" data-end=\"754\">Unisoc T606<\/strong> e anche <strong data-start=\"763\" data-end=\"789\">18 GB di RAM combinata<\/strong> Ti offre un&#039;esperienza veloce e multi-dispositivo grazie a <strong data-start=\"851\" data-end=\"877\">Android 14 con modalit\u00e0 PC<\/strong>. La sua batteria <strong data-start=\"893\" data-end=\"905\">8200 mAh<\/strong>, compatibilit\u00e0 con <strong data-start=\"926\" data-end=\"941\">Vite larga L1<\/strong> e un disegno stilizzato di <strong data-start=\"968\" data-end=\"977\">512 grammi<\/strong> Ci\u00f2 lo rende la scelta ideale per chi cerca prestazioni, intrattenimento di alta qualit\u00e0 e mobilit\u00e0 illimitata.<\/p>","protected":false},"featured_media":12933,"comment_status":"open","ping_status":"closed","template":"","meta":{"_acf_changed":false},"product_brand":[287],"product_cat":[349],"product_tag":[302],"class_list":{"0":"post-4777","1":"product","2":"type-product","3":"status-publish","4":"has-post-thumbnail","6":"product_brand-blackview","7":"product_cat-sin-categoria","8":"product_tag-wifi-5","10":"first","11":"outofstock","12":"sale","13":"shipping-taxable","14":"purchasable","15":"product-type-variable","16":"has-default-attributes"},"acf":[],"_links":{"self":[{"href":"https:\/\/blackviewphones.com\/it\/wp-json\/wp\/v2\/product\/4777","targetHints":{"allow":["GET"]}}],"collection":[{"href":"https:\/\/blackviewphones.com\/it\/wp-json\/wp\/v2\/product"}],"about":[{"href":"https:\/\/blackviewphones.com\/it\/wp-json\/wp\/v2\/types\/product"}],"replies":[{"embeddable":true,"href":"https:\/\/blackviewphones.com\/it\/wp-json\/wp\/v2\/comments?post=4777"}],"version-history":[{"count":0,"href":"https:\/\/blackviewphones.com\/it\/wp-json\/wp\/v2\/product\/4777\/revisions"}],"wp:featuredmedia":[{"embeddable":true,"href":"https:\/\/blackviewphones.com\/it\/wp-json\/wp\/v2\/media\/12933"}],"wp:attachment":[{"href":"https:\/\/blackviewphones.com\/it\/wp-json\/wp\/v2\/media?parent=4777"}],"wp:term":[{"taxonomy":"product_brand","embeddable":true,"href":"https:\/\/blackviewphones.com\/it\/wp-json\/wp\/v2\/product_brand?post=4777"},{"taxonomy":"product_cat","embeddable":true,"href":"https:\/\/blackviewphones.com\/it\/wp-json\/wp\/v2\/product_cat?post=4777"},{"taxonomy":"product_tag","embeddable":true,"href":"https:\/\/blackviewphones.com\/it\/wp-json\/wp\/v2\/product_tag?post=4777"}],"curies":[{"name":"wp","href":"https:\/\/api.w.org\/{rel}","templated":true}]}}