

{"id":4656,"date":"2025-01-17T16:41:53","date_gmt":"2025-01-17T15:41:53","guid":{"rendered":"https:\/\/blackviewphones.com\/?product=blackview-bl9000-pro-36-gb-ram-12gb-24-gb-512-gb-rom-negro"},"modified":"2026-04-13T15:14:38","modified_gmt":"2026-04-13T13:14:38","slug":"blackview-bl9000-pro-36-gb-di-ram-e-512-gb-di-rom","status":"publish","type":"product","link":"https:\/\/blackviewphones.com\/it\/product\/blackview-bl9000-pro-36gb-ram-512gb-rom\/","title":{"rendered":"Blackview BL9000 PRO (ricondizionato) | 36 GB RAM 512 GB ROM"},"content":{"rendered":"<h1>Blackview BL9000 PRO 5G \u2013 Telecamera termica | 36 GB di RAM (12 GB + 24 GB) 512 GB di ROM<\/h1>\n<p>Vi presentiamo il <strong>Blackview BL9000 Pro 5G<\/strong> con <strong>telecamera termica <em>Il mio Flir\u00ae Pro<\/em><\/strong>, arriva sul mercato con un doppio schermo integrato. Ha una capacit\u00e0 fino a <strong>36 GB di RAM e 512 GB di ROM<\/strong>, con il processore di ultima generazione MediaTek Dimensity 8020 (MT6891Z), che ti consentir\u00e0 di gestire pi\u00f9 attivit\u00e0 contemporaneamente e di passare senza problemi da un&#039;applicazione all&#039;altra. Inoltre, ha uno schermo da 6,78\u2033 fino a 500 nit, una batteria da <strong>8800 mAh<\/strong> Di <strong>Ricarica rapida da 120 W<\/strong>e con sistema operativo Android 14.<\/p>\n<p>\u00c8 anche un dispositivo che ha <strong>Doppia fotocamera da 50 MP (Samsung\u00ae ISOCELL GN5) e 13 MP<\/strong> (Ultra-grandangolare da 120\u00b0 e Ultra-macro fino a 2 cm). Inoltre, una fotocamera frontale da 50 MP (SK Hynix 5022Q). Dispositivo testato con certificazione IP68 e IP69K.<\/p>\n<p>E se sei uno di quelli che preferisce l&#039;intrattenimento, questo cellulare ha la tecnologia di gioco <strong>MediaTek HyperEngine Lite<\/strong> con motore lineare sull&#039;asse X. Immergiti in un&#039;esperienza di gioco unica con un motore lineare sull&#039;asse X avanzato, che offre uno straordinario feedback tattile. Con Wi-Fi 6 dual-band.<\/p>\n<h2><span style=\"font-size: 16px;\">IP68: COSA SI PU\u00d2 FARE E COSA NON SI PU\u00d2 FARE<\/span><\/h2>\n<p>Se un dispositivo \u00e8 certificato IP68, significa che pu\u00f2 essere immerso in acqua. <strong>acqua dolce<\/strong>\u00a0<strong>a profondit\u00e0 fino a un metro per un massimo di 30 minuti, a condizione che le protezioni terminali rimangano adeguatamente sigillate.<\/strong><\/p>\n<p><strong>Vi lasciamo qualche consiglio<\/strong>\u00a0<strong>per qualsiasi terminale con certificazione IP68<\/strong>:<\/p>\n<ul>\n<li>Non esporre lo smartphone IP68 a correnti d&#039;acqua come acqua del rubinetto, onde dell&#039;oceano o cascate.<\/li>\n<li>Se il tuo smartphone IP68 \u00e8 stato esposto ad acqua dolce, asciugalo accuratamente con un panno pulito e morbido.<\/li>\n<li>Se lo smartphone IP68 \u00e8 stato esposto a qualsiasi tipo di liquido diverso dall&#039;acqua dolce (ad esempio l&#039;acqua di mare), sciacquare immediatamente e delicatamente il dispositivo con acqua dolce e asciugarlo accuratamente con un panno morbido e pulito.<\/li>\n<li>In caso di dubbi sulla corretta chiusura delle protezioni.\u00a0<strong>NO <\/strong>lo bagni.<\/li>\n<li>Sconsigliamo di effettuare test aggressivi per dimostrare la propria resistenza.<\/li>\n<li>Si sconsiglia di manipolare i pulsanti dell&#039;apparecchio in acqua.<\/li>\n<li>Si sconsiglia di immergere il dispositivo in acqua salata, poich\u00e9 la certificazione IP \u00e8 valida solo per l&#039;acqua dolce.<\/li>\n<\/ul>","protected":false},"excerpt":{"rendered":"<p><strong>Telefono cellulare robusto con NFC (ricondizionato)<\/strong><\/p>","protected":false},"featured_media":8357,"comment_status":"open","ping_status":"closed","template":"","meta":{"_acf_changed":false},"product_brand":[287],"product_cat":[42,136,159],"product_tag":[184],"class_list":{"0":"post-4656","1":"product","2":"type-product","3":"status-publish","4":"has-post-thumbnail","6":"product_brand-blackview","7":"product_cat-moviles-blackview","8":"product_cat-moviles-resistentes-rugerizados","9":"product_cat-ofertas","10":"product_tag-camara-termica","12":"first","13":"instock","14":"sale","15":"shipping-taxable","16":"purchasable","17":"product-type-variable","18":"has-default-attributes"},"acf":[],"_links":{"self":[{"href":"https:\/\/blackviewphones.com\/it\/wp-json\/wp\/v2\/product\/4656","targetHints":{"allow":["GET"]}}],"collection":[{"href":"https:\/\/blackviewphones.com\/it\/wp-json\/wp\/v2\/product"}],"about":[{"href":"https:\/\/blackviewphones.com\/it\/wp-json\/wp\/v2\/types\/product"}],"replies":[{"embeddable":true,"href":"https:\/\/blackviewphones.com\/it\/wp-json\/wp\/v2\/comments?post=4656"}],"version-history":[{"count":0,"href":"https:\/\/blackviewphones.com\/it\/wp-json\/wp\/v2\/product\/4656\/revisions"}],"wp:featuredmedia":[{"embeddable":true,"href":"https:\/\/blackviewphones.com\/it\/wp-json\/wp\/v2\/media\/8357"}],"wp:attachment":[{"href":"https:\/\/blackviewphones.com\/it\/wp-json\/wp\/v2\/media?parent=4656"}],"wp:term":[{"taxonomy":"product_brand","embeddable":true,"href":"https:\/\/blackviewphones.com\/it\/wp-json\/wp\/v2\/product_brand?post=4656"},{"taxonomy":"product_cat","embeddable":true,"href":"https:\/\/blackviewphones.com\/it\/wp-json\/wp\/v2\/product_cat?post=4656"},{"taxonomy":"product_tag","embeddable":true,"href":"https:\/\/blackviewphones.com\/it\/wp-json\/wp\/v2\/product_tag?post=4656"}],"curies":[{"name":"wp","href":"https:\/\/api.w.org\/{rel}","templated":true}]}}