

{"id":4595,"date":"2025-01-17T16:41:36","date_gmt":"2025-01-17T15:41:36","guid":{"rendered":"https:\/\/blackviewphones.com\/?product=tablet-blackview-mega-1-16-gb-8gb8gb-ram-256-gb-rom-gris"},"modified":"2025-11-20T14:55:31","modified_gmt":"2025-11-20T13:55:31","slug":"tablet-blackview-mega-2-36-gb-di-ram-e-256-gb-di-rom","status":"publish","type":"product","link":"https:\/\/blackviewphones.com\/it\/product\/tablet-blackview-mega-2-36gb-ram-256gb-rom\/","title":{"rendered":"Tablet Blackview MEGA 2 | 36 GB di RAM 256 GB di ROM"},"content":{"rendered":"<h1>Tablet Blackview MEGA 2 | 36 GB di RAM 256 GB di ROM<\/h1>\n<p><strong>\ud83c\udf81Include caricabatterie, penna stilo, pellicola protettiva in vetro temperato e custodia. \ud83c\udf81<\/strong><\/p>\n<p>Il nuovo Tablet\u00a0<strong>Blackview Mega 2<\/strong>\u00a0\u00e8 arrivato per rivoluzionare la tua esperienza tecnologica. Dotato di un design elegante, una batteria da 9000 mAh e compatibilit\u00e0 con Wideline L1. Ha uno schermo da 12 pollici e Android 15. Inoltre, ha le funzioni di sblocco facciale, anti-impronta e Smart Google Lens.<\/p>\n<h2>Aggiungi widget rapidamente: niente trascinamento, tutta facilit\u00e0<\/h2>\n<p>Con il nuovo pulsante &quot;Aggiungi&quot; posizionare i widget \u00e8 pi\u00f9 veloce che mai: non \u00e8 necessario trascinarli! Con un solo tocco puoi aggiungere rapidamente i tuoi widget preferiti direttamente alla schermata iniziale, risparmiando tempo e fatica.<\/p>\n<h2>Spazio privato: tieni ci\u00f2 che \u00e8 importante solo per te<\/h2>\n<p>Il tuo mondo digitale \u00e8 al sicuro. Private Space crea un rifugio sicuro per le tue app sensibili, tra cui quelle social, di incontri e di banking. Una volta bloccate, queste app diventano invisibili dall&#039;elenco delle app, dalla visualizzazione delle app recenti, dalle notifiche e perfino dalle impostazioni.<\/p>\n<p><strong>Tablet del marchio Blackview, ma non \u00e8 IP68, non pu\u00f2 bagnarsi o urtare.<\/strong><\/p>\n<p><strong>La tastiera \u00e8 inclusa nel prezzo<\/strong><\/p>","protected":false},"excerpt":{"rendered":"<p><strong>\ud83c\udf81Include caricabatterie, stilo, mouse, pellicola protettiva in vetro temperato e custodia. \ud83c\udf81<\/strong><\/p>\n<p>Tablet convenzionale con puntatore, mouse, cuffie e tastiera<br \/>\nUnisoc T615<br \/>\nCompatibile con Wideline L1<br \/>\nAndroid 15 | 9000 mAh<br \/>\nSupporta la scheda SIM<br \/>\n281,7*177,2*8,0 millimetri<br \/>\nPeso 615 g | Schermo da 12\u2033<br \/>\n12 GB + 24 GB di RAM 256 GB di ROM<\/p>","protected":false},"featured_media":8348,"comment_status":"open","ping_status":"closed","template":"","meta":{"_acf_changed":false},"product_brand":[287],"product_cat":[42],"product_tag":[306],"class_list":{"0":"post-4595","1":"product","2":"type-product","3":"status-publish","4":"has-post-thumbnail","6":"product_brand-blackview","7":"product_cat-moviles-blackview","8":"product_tag-306","10":"first","11":"outofstock","12":"sale","13":"shipping-taxable","14":"purchasable","15":"product-type-variable"},"acf":[],"_links":{"self":[{"href":"https:\/\/blackviewphones.com\/it\/wp-json\/wp\/v2\/product\/4595","targetHints":{"allow":["GET"]}}],"collection":[{"href":"https:\/\/blackviewphones.com\/it\/wp-json\/wp\/v2\/product"}],"about":[{"href":"https:\/\/blackviewphones.com\/it\/wp-json\/wp\/v2\/types\/product"}],"replies":[{"embeddable":true,"href":"https:\/\/blackviewphones.com\/it\/wp-json\/wp\/v2\/comments?post=4595"}],"version-history":[{"count":0,"href":"https:\/\/blackviewphones.com\/it\/wp-json\/wp\/v2\/product\/4595\/revisions"}],"wp:featuredmedia":[{"embeddable":true,"href":"https:\/\/blackviewphones.com\/it\/wp-json\/wp\/v2\/media\/8348"}],"wp:attachment":[{"href":"https:\/\/blackviewphones.com\/it\/wp-json\/wp\/v2\/media?parent=4595"}],"wp:term":[{"taxonomy":"product_brand","embeddable":true,"href":"https:\/\/blackviewphones.com\/it\/wp-json\/wp\/v2\/product_brand?post=4595"},{"taxonomy":"product_cat","embeddable":true,"href":"https:\/\/blackviewphones.com\/it\/wp-json\/wp\/v2\/product_cat?post=4595"},{"taxonomy":"product_tag","embeddable":true,"href":"https:\/\/blackviewphones.com\/it\/wp-json\/wp\/v2\/product_tag?post=4595"}],"curies":[{"name":"wp","href":"https:\/\/api.w.org\/{rel}","templated":true}]}}