

{"id":13731,"date":"2026-04-29T12:40:50","date_gmt":"2026-04-29T10:40:50","guid":{"rendered":"https:\/\/blackviewphones.com\/?post_type=product&#038;p=13731"},"modified":"2026-04-29T12:56:07","modified_gmt":"2026-04-29T10:56:07","slug":"blackview-airbuds-16","status":"publish","type":"product","link":"https:\/\/blackviewphones.com\/it\/product\/blackview-airbuds-16\/","title":{"rendered":"Blackview Airbuds 16: Cuffie Bluetooth 6.0 leggere"},"content":{"rendered":"<h1>Blackview Airbuds 16: Cuffie wireless Bluetooth 6.0 ultraleggere<\/h1>\n<p><span style=\"color: #ff0000;\"><b>Le spedizioni inizieranno il 12\/05\/2026 <\/b><\/span><\/p>\n<p><span style=\"color: #ff0000;\"><b>PREZZO SPECIALE DI LANCIO IN PREORDINE. NON DISPONIBILE PER LA SPEDIZIONE PRIMA DELLA DATA INDICATA, CON NESSUN METODO DI SPEDIZIONE.<\/b><\/span><\/p>\n<h2 data-path-to-node=\"8\"><b data-path-to-node=\"8\" data-index-in-node=\"0\">AirBuds 16: suono ad alta definizione e massimo comfort<\/b><\/h2>\n<p data-path-to-node=\"9\">Scopri un nuovo modo per goderti la tua musica con il <b data-path-to-node=\"9\" data-index-in-node=\"55\">AirBuds 16<\/b>. Progettate per gli utenti che apprezzano sia la qualit\u00e0 che il comfort, queste cuffie TWS (True Wireless Stereo) si distinguono per il loro design ultraleggero; pesano solo <b data-path-to-node=\"9\" data-index-in-node=\"209\">2,8 grammi<\/b> Ognuno \u00e8 cos\u00ec leggero che a malapena ti accorgerai di indossarlo, anche dopo lunghe sessioni. Integrano il chip <b data-path-to-node=\"9\" data-index-in-node=\"303\">Bluetrum 5656C3<\/b> insieme alla tecnologia pi\u00f9 recente di <b data-path-to-node=\"9\" data-index-in-node=\"342\">Bluetooth 6.0<\/b>, garantendo una connessione stabile, veloce e ininterrotta.<\/p>\n<p data-path-to-node=\"10\"><b data-path-to-node=\"10\" data-index-in-node=\"0\">Suono nitido e durata della batteria ottimizzata.<\/b> Grazie alla compatibilit\u00e0 dei codec <b data-path-to-node=\"10\" data-index-in-node=\"71\">CAA e SBC<\/b>, Gli AirBuds 16 offrono un&#039;esperienza audio bilanciata, con bassi potenti e alti nitidi. Goditi fino a <b data-path-to-node=\"10\" data-index-in-node=\"184\">6 ore di riproduzione musicale<\/b> con una singola carica (al volume 70%) e ne estende l&#039;utilizzo con la custodia di ricarica di <b data-path-to-node=\"10\" data-index-in-node=\"316\">320 mAh<\/b>, che consente una ricarica completa in circa 90 minuti tramite USB-C.<\/p>\n<p data-path-to-node=\"11\"><b data-path-to-node=\"11\" data-index-in-node=\"0\">Design pratico pensato per l&#039;uso quotidiano.<\/b> Il suo design ergonomico &quot;soft pack&quot; garantisce una vestibilit\u00e0 comoda e sicura, perfetta per l&#039;allenamento o i viaggi. Con un raggio di connessione superiore a <b data-path-to-node=\"11\" data-index-in-node=\"195\">10 metri<\/b> e un&#039;efficienza energetica che fornisce fino a <b data-path-to-node=\"11\" data-index-in-node=\"267\">60 ore in modalit\u00e0 standby<\/b>, Gli AirBuds 16 sono progettati per accompagnarti con stile tutto il giorno, disponibili nelle versioni bianca o nera.<\/p>\n<h2>Caratteristiche degli auricolari Blackview AirBuds 16<\/h2>\n<table width=\"790\">\n<tbody>\n<tr>\n<td>\n<h3 id=\"sec-design\" class=\"k-h3\">Caratteristiche generali<\/h3>\n<\/td>\n<\/tr>\n<tr>\n<td><strong>Modello:<\/strong><\/td>\n<td>AirBuds 16<\/td>\n<\/tr>\n<tr>\n<td><strong>Tecnologia:<\/strong><br \/>\n<strong>Chipset:<\/strong><\/td>\n<td>Bluetooth V6.0<br \/>\nBluetrum 5656C3 | IC CMT2806<\/td>\n<\/tr>\n<tr>\n<td><strong>Codec audio:<\/strong><\/td>\n<td>CAA \/ SBC<\/td>\n<\/tr>\n<tr>\n<td><strong>Tipo:<\/strong><\/td>\n<td>Auricolari wireless TWS<\/td>\n<\/tr>\n<tr>\n<td><strong>Dimensioni:<\/strong><\/td>\n<td>Auricolare: 21,25 \u00d7 16,8 \u00d7 18,26 mm | Custodia: 65,97 \u00d7 37,79 \u00d7 26,38 mm<\/td>\n<\/tr>\n<tr>\n<td><strong>Peso:<\/strong><\/td>\n<td>Auricolari: 2,8 g | Custodia (senza auricolari): 30,97 g<\/td>\n<\/tr>\n<tr>\n<td><strong>Connettivit\u00e0:<\/strong><\/td>\n<td>Bluetooth 6.0 (portata &gt;10 metri)<\/td>\n<\/tr>\n<tr>\n<td><strong>Colori:<\/strong><\/td>\n<td>Nero<\/td>\n<\/tr>\n<tr>\n<td>\n<h3>Capacit\u00e0 e autonomia<\/h3>\n<\/td>\n<\/tr>\n<tr>\n<td><strong>Batteria degli auricolari:<\/strong><\/td>\n<td>35 mAh (polimeri di litio)<\/td>\n<\/tr>\n<tr>\n<td><strong>Contenitore della batteria:<\/strong><\/td>\n<td>320 mAh (polimeri di litio)<\/td>\n<\/tr>\n<tr>\n<td><strong>Tempo di riproduzione:<\/strong><\/td>\n<td>6,0 ore (al volume 70%)<\/td>\n<\/tr>\n<tr>\n<td><strong>Tempo di attesa:<\/strong><\/td>\n<td>60 ore (connesse)<\/td>\n<\/tr>\n<tr>\n<td>\n<h3>Fardello<\/h3>\n<\/td>\n<\/tr>\n<tr>\n<td><strong>Tempo di ricarica degli auricolari:<\/strong><\/td>\n<td>1,6 ore<\/td>\n<\/tr>\n<tr>\n<td><strong>Tempo di ricarica della custodia:<\/strong><\/td>\n<td>Circa 2 ore (via cavo)<\/td>\n<\/tr>\n<tr>\n<td>\n<h3>Altre caratteristiche<\/h3>\n<\/td>\n<td>\n<ul>\n<li>Connessione ultra stabile con Bluetooth 6.0<\/li>\n<li>Design ergonomico ultraleggero (2,8 g per auricolare)<\/li>\n<li>Audio ad alta fedelt\u00e0 con codec AAC<\/li>\n<li>Controllo touch intelligente<\/li>\n<li>Custodia compatta e facile da trasportare<\/li>\n<li>Compatibilit\u00e0 con iOS e Android<\/li>\n<\/ul>\n<\/td>\n<\/tr>\n<tr>\n<td><strong>Porto di carico<\/strong><\/td>\n<td>USB di tipo C<\/td>\n<\/tr>\n<tr>\n<td><strong>Oratore<\/strong><\/td>\n<td>Controllori dinamici ottimizzati<\/td>\n<\/tr>\n<tr>\n<td>\n<h3>Contenuto della confezione<\/h3>\n<\/td>\n<td><b>Blackview AirBuds 16<\/b><br \/>\n<strong>Custodia di ricarica<\/strong><br \/>\n<strong>cavo di ricarica USB-C<\/strong><br \/>\n<strong>Manuale d&#039;uso<\/strong><\/td>\n<\/tr>\n<\/tbody>\n<\/table>\n<div class=\"group_14 flex-row\">\n<h2><strong>Guida utente:<\/strong><\/h2>\n<ul>\n<li><strong>Un tocco (a sinistra o a destra):<\/strong> Riproduci\/Metti in pausa la musica<\/li>\n<li><strong>Doppio tocco (S\/D):<\/strong> Rispondere\/terminare una chiamata<\/li>\n<li><strong>Triplo tocco a sinistra:<\/strong> Canzone precedente<\/li>\n<li><strong>Triplo tocco a destra:<\/strong> Prossima canzone<\/li>\n<li><strong>Tenere premuto per 2 secondi:<\/strong> Rifiuta chiamata<\/li>\n<li><strong>Rubinetto quadruplo (qualsiasi):<\/strong> Attiva\/disattiva la modalit\u00e0 di gioco<\/li>\n<li><strong>Tenere premuto a lungo durante la chiamata:<\/strong> Attiva il microfono del telefono<\/li>\n<\/ul>\n<\/div>","protected":false},"excerpt":{"rendered":"<p><span style=\"color: #ff0000;\"><b>Le spedizioni inizieranno il 12\/05\/2026<\/b><\/span><\/p>\n<p><span style=\"color: #ff0000;\"><b>PREZZO SPECIALE DI LANCIO IN PREORDINE. NON DISPONIBILE PER LA SPEDIZIONE PRIMA DELLA DATA INDICATA, CON NESSUN METODO DI SPEDIZIONE.<\/b><\/span><\/p>\n<p><b data-path-to-node=\"6\" data-index-in-node=\"0\">Libert\u00e0 senza fili con tecnologia all&#039;avanguardia.<\/b> I nuovi <b data-path-to-node=\"6\" data-index-in-node=\"62\">AirBuds 16<\/b> Incorporano lo standard avanzato <b data-path-to-node=\"6\" data-index-in-node=\"105\">Bluetooth 6.0<\/b> Per una connessione impeccabile e senza latenza. Con un peso piuma di solo <b data-path-to-node=\"6\" data-index-in-node=\"189\">2,8 g per auricolare<\/b> e una gamma fino a <b data-path-to-node=\"6\" data-index-in-node=\"233\">6 ore<\/b> Grazie alla riproduzione continua, sono il compagno ideale per la tua musica e le chiamate quotidiane. Qualit\u00e0 del suono <b data-path-to-node=\"6\" data-index-in-node=\"343\">AAC<\/b> e un design minimalista che sta in qualsiasi tasca.<\/p>","protected":false},"featured_media":13735,"comment_status":"open","ping_status":"closed","template":"","meta":{"_acf_changed":false},"product_brand":[287],"product_cat":[154,156,159,339,338],"product_tag":[],"class_list":{"0":"post-13731","1":"product","2":"type-product","3":"status-publish","4":"has-post-thumbnail","6":"product_brand-blackview","7":"product_cat-accesorios-blackview","8":"product_cat-accesorios-blackview-auriculares","9":"product_cat-ofertas","10":"product_cat-otros-productos","11":"product_cat-productos","13":"first","14":"instock","15":"sale","16":"shipping-taxable","17":"purchasable","18":"product-type-variable","19":"has-default-attributes"},"acf":[],"_links":{"self":[{"href":"https:\/\/blackviewphones.com\/it\/wp-json\/wp\/v2\/product\/13731","targetHints":{"allow":["GET"]}}],"collection":[{"href":"https:\/\/blackviewphones.com\/it\/wp-json\/wp\/v2\/product"}],"about":[{"href":"https:\/\/blackviewphones.com\/it\/wp-json\/wp\/v2\/types\/product"}],"replies":[{"embeddable":true,"href":"https:\/\/blackviewphones.com\/it\/wp-json\/wp\/v2\/comments?post=13731"}],"version-history":[{"count":3,"href":"https:\/\/blackviewphones.com\/it\/wp-json\/wp\/v2\/product\/13731\/revisions"}],"predecessor-version":[{"id":13741,"href":"https:\/\/blackviewphones.com\/it\/wp-json\/wp\/v2\/product\/13731\/revisions\/13741"}],"wp:featuredmedia":[{"embeddable":true,"href":"https:\/\/blackviewphones.com\/it\/wp-json\/wp\/v2\/media\/13735"}],"wp:attachment":[{"href":"https:\/\/blackviewphones.com\/it\/wp-json\/wp\/v2\/media?parent=13731"}],"wp:term":[{"taxonomy":"product_brand","embeddable":true,"href":"https:\/\/blackviewphones.com\/it\/wp-json\/wp\/v2\/product_brand?post=13731"},{"taxonomy":"product_cat","embeddable":true,"href":"https:\/\/blackviewphones.com\/it\/wp-json\/wp\/v2\/product_cat?post=13731"},{"taxonomy":"product_tag","embeddable":true,"href":"https:\/\/blackviewphones.com\/it\/wp-json\/wp\/v2\/product_tag?post=13731"}],"curies":[{"name":"wp","href":"https:\/\/api.w.org\/{rel}","templated":true}]}}