

{"id":12790,"date":"2026-03-25T12:58:52","date_gmt":"2026-03-25T11:58:52","guid":{"rendered":"https:\/\/blackviewphones.com\/?post_type=product&#038;p=12790"},"modified":"2026-05-06T09:40:59","modified_gmt":"2026-05-06T07:40:59","slug":"blackview-mp100-pro-mini-pc-i5-12450h","status":"publish","type":"product","link":"https:\/\/blackviewphones.com\/it\/product\/blackview-mp100-pro-mini-pc-i5-12450h\/","title":{"rendered":"Mini PC Blackview MP100 Pro (i5-12450H) 4,4 GHz 45 W 16 GB RAM 512 GB SSD"},"content":{"rendered":"<h1>Mini PC Blackview MP100 Pro (i5-12450H) 4,4 GHz 45 W 16 GB RAM 512 GB SSD<\/h1>\n<h2 data-path-to-node=\"8\"><b data-path-to-node=\"8\" data-index-in-node=\"0\">Mini PC con processore Intel i5-12450H: prestazioni di alto livello per il tuo computer desktop.<\/b><\/h2>\n<p data-path-to-node=\"9\">Se cerchi la potenza di un computer desktop tradizionale ma senza l&#039;ingombro di un case gigante, questo Mini PC \u00e8 il tuo miglior alleato. Grazie al suo processore ad alte prestazioni <b data-path-to-node=\"9\" data-index-in-node=\"187\">Intel\u00ae Core\u2122 i5-12450H (serie H)<\/b>, Grazie agli 8 core e ai 12 thread, \u00e8 possibile eseguire flussi di lavoro complessi, software di gestione e applicazioni di progettazione con la massima fluidit\u00e0.<\/p>\n<p data-path-to-node=\"10\"><b data-path-to-node=\"10\" data-index-in-node=\"0\">Velocit\u00e0 di archiviazione e memoria di livello superiore<\/b> Non perdere tempo ad aspettare. Con il tuo <b data-path-to-node=\"10\" data-index-in-node=\"83\">SSD M.2 da 512 GB con tecnologia PCIe 4.0<\/b>, Il trasferimento dei dati e l&#039;avvio del sistema sono incredibilmente veloci. <b data-path-to-node=\"10\" data-index-in-node=\"210\">16 GB di RAM DDR4<\/b> Consentono un multitasking intensivo senza ritardi e, se ne hai bisogno di pi\u00f9, puoi facilmente espanderlo fino a <b data-path-to-node=\"10\" data-index-in-node=\"333\">64 GB<\/b>.<\/p>\n<p data-path-to-node=\"11\"><b data-path-to-node=\"11\" data-index-in-node=\"0\">Connettivit\u00e0 di nuova generazione e Triplo Video<\/b> Massimizza il tuo spazio di lavoro collegando fino a <b data-path-to-node=\"11\" data-index-in-node=\"94\">tre monitor simultanei con risoluzione 4K a 60Hz<\/b> tramite le sue porte HDMI 2.0, DisplayPort 1.4 e le versatili porte USB-C frontali. Inoltre, l&#039;integrazione di <b data-path-to-node=\"11\" data-index-in-node=\"256\">Wi-Fi 6<\/b> Il Bluetooth garantisce una connessione wireless stabile e veloce, mentre le sei porte USB consentono di collegare tutte le periferiche senza limitazioni. Il tutto \u00e8 gestito dal sistema operativo. <b data-path-to-node=\"11\" data-index-in-node=\"462\">Windows 11 Pro<\/b>, Pronto a lavorare in ambienti professionali fin dal primo minuto.<\/p>\n<p><em>Questo terminale viene fornito con Windows 11 Pro e una licenza OEM a vita; tale licenza \u00e8 vincolata all&#039;hardware del computer e non pu\u00f2 essere trasferita a un altro computer.<\/em><\/p>","protected":false},"excerpt":{"rendered":"<p><b data-path-to-node=\"6\" data-index-in-node=\"0\">Potenza professionale di alto livello in un formato mini.<\/b> Dotato del processore <b data-path-to-node=\"6\" data-index-in-node=\"79\">Intel Core i5-12450H<\/b> 8 core e <b data-path-to-node=\"6\" data-index-in-node=\"115\">16 GB di RAM<\/b>, Questo mini PC \u00e8 progettato per utenti esigenti che necessitano di velocit\u00e0 per il multitasking, l&#039;editing e le attivit\u00e0 d&#039;ufficio avanzate. <b data-path-to-node=\"6\" data-index-in-node=\"250\">SSD PCIe 4.0<\/b>, Grazie al Wi-Fi 6 e al supporto per tre display 4K, rappresenta il perfetto equilibrio tra potenza e ingombro ridotto.<\/p>\n<p><strong>Questo terminale viene fornito con Windows 11 Pro e una licenza OEM a vita; tale licenza \u00e8 vincolata all&#039;hardware del computer e non pu\u00f2 essere trasferita a un altro computer.<\/strong><\/p>","protected":false},"featured_media":13390,"comment_status":"open","ping_status":"closed","template":"","meta":{"_acf_changed":false},"product_brand":[],"product_cat":[153,159,151,332,338],"product_tag":[],"class_list":{"0":"post-12790","1":"product","2":"type-product","3":"status-publish","4":"has-post-thumbnail","6":"product_cat-equipos-blackview-mini-pc","7":"product_cat-ofertas","8":"product_cat-equipos-blackview","9":"product_cat-reservar-moviles-blackview","10":"product_cat-productos","12":"first","13":"instock","14":"sale","15":"shipping-taxable","16":"purchasable","17":"product-type-variable","18":"has-default-attributes"},"acf":[],"_links":{"self":[{"href":"https:\/\/blackviewphones.com\/it\/wp-json\/wp\/v2\/product\/12790","targetHints":{"allow":["GET"]}}],"collection":[{"href":"https:\/\/blackviewphones.com\/it\/wp-json\/wp\/v2\/product"}],"about":[{"href":"https:\/\/blackviewphones.com\/it\/wp-json\/wp\/v2\/types\/product"}],"replies":[{"embeddable":true,"href":"https:\/\/blackviewphones.com\/it\/wp-json\/wp\/v2\/comments?post=12790"}],"version-history":[{"count":0,"href":"https:\/\/blackviewphones.com\/it\/wp-json\/wp\/v2\/product\/12790\/revisions"}],"wp:featuredmedia":[{"embeddable":true,"href":"https:\/\/blackviewphones.com\/it\/wp-json\/wp\/v2\/media\/13390"}],"wp:attachment":[{"href":"https:\/\/blackviewphones.com\/it\/wp-json\/wp\/v2\/media?parent=12790"}],"wp:term":[{"taxonomy":"product_brand","embeddable":true,"href":"https:\/\/blackviewphones.com\/it\/wp-json\/wp\/v2\/product_brand?post=12790"},{"taxonomy":"product_cat","embeddable":true,"href":"https:\/\/blackviewphones.com\/it\/wp-json\/wp\/v2\/product_cat?post=12790"},{"taxonomy":"product_tag","embeddable":true,"href":"https:\/\/blackviewphones.com\/it\/wp-json\/wp\/v2\/product_tag?post=12790"}],"curies":[{"name":"wp","href":"https:\/\/api.w.org\/{rel}","templated":true}]}}