

{"id":12777,"date":"2026-03-25T12:47:50","date_gmt":"2026-03-25T11:47:50","guid":{"rendered":"https:\/\/blackviewphones.com\/?post_type=product&#038;p=12777"},"modified":"2026-05-04T10:56:36","modified_gmt":"2026-05-04T08:56:36","slug":"blackview-mp100-pro-mini-pc-i3-1215u","status":"publish","type":"product","link":"https:\/\/blackviewphones.com\/it\/product\/blackview-mp100-pro-mini-pc-i3-1215u\/","title":{"rendered":"Mini PC Blackview MP100 Pro (i3-1215U) 4.4GHz 28W 16GB RAM 512GB SSD"},"content":{"rendered":"<h1>Mini PC Blackview MP100 Pro (i3-1215U) 4.4GHz 28W 16GB RAM 512GB SSD<\/h1>\n<p data-path-to-node=\"8\"><b data-path-to-node=\"8\" data-index-in-node=\"0\">Mini PC ad alte prestazioni: il cervello del tuo computer desktop, in versione miniaturizzata.<\/b><\/p>\n<p data-path-to-node=\"9\">Porta la tua produttivit\u00e0 a un livello superiore con questo Mini PC di nuova generazione. Grazie al suo processore <b data-path-to-node=\"9\" data-index-in-node=\"105\">Intel\u00ae Core\u2122 i3-1215U (Alder Lake)<\/b> Grazie al suo processore a 6 core, questo computer gestisce attivit\u00e0 complesse, navigazione intensiva e applicazioni per ufficio con una fluidit\u00e0 sorprendente. \u00c8 dotato di <b data-path-to-node=\"9\" data-index-in-node=\"289\">16 GB di memoria DDR4<\/b> (espandibile fino a 64 GB) e spazio di archiviazione <b data-path-to-node=\"9\" data-index-in-node=\"353\">SSD M.2 NVMe PCIe 4.0 da 512 GB<\/b>, Ci\u00f2 garantisce tempi di avvio pressoch\u00e9 istantanei e trasferimenti di file ultraveloci.<\/p>\n<p data-path-to-node=\"10\"><b data-path-to-node=\"10\" data-index-in-node=\"0\">Connettivit\u00e0 senza pari e triplo schermo<\/b> Nonostante le sue dimensioni ridotte (solo 14,7 cm per lato), offre una versatilit\u00e0 professionale. Grazie alle sue porte <b data-path-to-node=\"10\" data-index-in-node=\"154\">HDMI 2.0, DisplayPort 1.4 e USB-C con funzionalit\u00e0 complete<\/b>, \u00c8 possibile collegarsi fino a <b data-path-to-node=\"10\" data-index-in-node=\"225\">tre monitor simultanei con risoluzione 4K a 60Hz<\/b>, Ideale per il trading, la progettazione o il multitasking avanzato.<\/p>\n<p data-path-to-node=\"11\"><b data-path-to-node=\"11\" data-index-in-node=\"0\">tecnologia all&#039;avanguardia<\/b> Rimani connesso alla massima velocit\u00e0 grazie allo standard <b data-path-to-node=\"11\" data-index-in-node=\"96\">Wi-Fi 6<\/b> e la sua porta Gigabit Ethernet. Include <b data-path-to-node=\"11\" data-index-in-node=\"142\">Windows 11 Pro<\/b> Preinstallato, offre tutti gli strumenti di sicurezza e gestione necessari per l&#039;ambiente aziendale. Il suo chassis grigio non \u00e8 solo elegante e minimalista, ma occupa anche uno spazio minimo sulla scrivania, consentendo un ambiente di lavoro pulito ed efficiente.<\/p>\n<p data-start=\"1783\" data-end=\"1855\"><strong data-start=\"1791\" data-end=\"1855\">Windows 11 Pro: <\/strong>Grazie a Windows 11 Pro preinstallato, l&#039;MP100 Pro offre accesso a funzionalit\u00e0 professionali, maggiore sicurezza e un&#039;esperienza fluida e moderna, ideale sia per il lavoro intensivo che per l&#039;intrattenimento.<\/p>","protected":false},"excerpt":{"rendered":"<h3><b data-path-to-node=\"6\" data-index-in-node=\"0\">La potenza dei processori Intel di dodicesima generazione in un formato ultracompatto.<\/b><\/h3>\n<p>Questo Mini PC \u00e8 dotato del processore <b data-path-to-node=\"6\" data-index-in-node=\"100\">Intel Core i3-1215U<\/b>, <b data-path-to-node=\"6\" data-index-in-node=\"121\">16 GB di RAM<\/b> e uno molto veloce <b data-path-to-node=\"6\" data-index-in-node=\"149\">SSD Gen4 da 512 GB<\/b>, \u00c8 la soluzione perfetta per uffici moderni e intrattenimento domestico. Con supporto fino a <b data-path-to-node=\"6\" data-index-in-node=\"265\">3 monitor 4K<\/b>, Grazie al Wi-Fi 6 e a Windows 11 Pro, otterrete le prestazioni di un computer desktop professionale in meno di 500 grammi.<\/p>","protected":false},"featured_media":13382,"comment_status":"open","ping_status":"closed","template":"","meta":{"_acf_changed":false},"product_brand":[287],"product_cat":[153,159,151,332,338],"product_tag":[],"class_list":{"0":"post-12777","1":"product","2":"type-product","3":"status-publish","4":"has-post-thumbnail","6":"product_brand-blackview","7":"product_cat-equipos-blackview-mini-pc","8":"product_cat-ofertas","9":"product_cat-equipos-blackview","10":"product_cat-reservar-moviles-blackview","11":"product_cat-productos","13":"first","14":"instock","15":"sale","16":"shipping-taxable","17":"purchasable","18":"product-type-variable","19":"has-default-attributes"},"acf":[],"_links":{"self":[{"href":"https:\/\/blackviewphones.com\/it\/wp-json\/wp\/v2\/product\/12777","targetHints":{"allow":["GET"]}}],"collection":[{"href":"https:\/\/blackviewphones.com\/it\/wp-json\/wp\/v2\/product"}],"about":[{"href":"https:\/\/blackviewphones.com\/it\/wp-json\/wp\/v2\/types\/product"}],"replies":[{"embeddable":true,"href":"https:\/\/blackviewphones.com\/it\/wp-json\/wp\/v2\/comments?post=12777"}],"version-history":[{"count":0,"href":"https:\/\/blackviewphones.com\/it\/wp-json\/wp\/v2\/product\/12777\/revisions"}],"wp:featuredmedia":[{"embeddable":true,"href":"https:\/\/blackviewphones.com\/it\/wp-json\/wp\/v2\/media\/13382"}],"wp:attachment":[{"href":"https:\/\/blackviewphones.com\/it\/wp-json\/wp\/v2\/media?parent=12777"}],"wp:term":[{"taxonomy":"product_brand","embeddable":true,"href":"https:\/\/blackviewphones.com\/it\/wp-json\/wp\/v2\/product_brand?post=12777"},{"taxonomy":"product_cat","embeddable":true,"href":"https:\/\/blackviewphones.com\/it\/wp-json\/wp\/v2\/product_cat?post=12777"},{"taxonomy":"product_tag","embeddable":true,"href":"https:\/\/blackviewphones.com\/it\/wp-json\/wp\/v2\/product_tag?post=12777"}],"curies":[{"name":"wp","href":"https:\/\/api.w.org\/{rel}","templated":true}]}}