

{"id":12673,"date":"2026-03-24T12:17:35","date_gmt":"2026-03-24T11:17:35","guid":{"rendered":"https:\/\/blackviewphones.com\/?post_type=product&#038;p=12673"},"modified":"2026-05-11T10:35:04","modified_gmt":"2026-05-11T08:35:04","slug":"custodia-robusta-blackview-per-fort100-2","status":"publish","type":"product","link":"https:\/\/blackviewphones.com\/it\/product\/blackview-rugged-funda-para-fort100\/","title":{"rendered":"Custodia robusta Blackview per Fort100"},"content":{"rendered":"<h1 data-spm-anchor-id=\"a2g0o.detail.1000016.i4.6bb25b43f3exZP\">Custodia robusta Blackview per Fort 100<\/h1>\n<p data-spm-anchor-id=\"a2g0o.detail.1000016.i4.6bb25b43f3exZP\">Proteggi il tuo smartphone con la custodia originale Blackview per FORT100, progettata per offrire una durata superiore, una presa sicura e protezione da urti e graffi. Realizzata con materiali resistenti che si adattano perfettamente al dispositivo senza ostacolarne l&#039;utilizzo quotidiano. Scopri la custodia Blackview Rugged per il rugged phone Fort 100. \u00c8 dotata di un anello che funge anche da supporto o da supporto da tavolo per una maggiore praticit\u00e0 durante la visione di video o altre attivit\u00e0.<\/p>\n<p><strong>Massima protezione per il tuo FORT 100<\/strong><\/p>\n<p>Progettata specificamente per il robusto telefono FORT100, questa custodia di precisione porta la resistenza a un nuovo livello. Quando la protezione estrema \u00e8 ci\u00f2 che conta, non accontentarti di niente di meno di una custodia progettata esclusivamente per il tuo dispositivo.<\/p>\n<p><strong>Progettato per il FORT 100<\/strong><\/p>\n<p>Questa non \u00e8 una custodia generica adattata ad un altro modello; \u00e8 progettata specificamente per il FORT100. La sua vestibilit\u00e0 perfetta e precisa avvolge il telefono in un ulteriore strato di protezione senza aggiungere ingombro inutile, offrendo una maggiore protezione contro le cadute e una maggiore resistenza agli urti esattamente dove serve.<\/p>\n<h2>Caratteristiche principali del case Blackview FORT100:<\/h2>\n<ul>\n<li>Garanzia di perfetta aderenza: progettato esclusivamente per le dimensioni del FORT100 con ritagli di precisione per tutte le porte e i pulsanti.<\/li>\n<li>Maggiore resistenza: aggiungi un ulteriore strato protettivo al tuo telefono gi\u00e0 robusto per la massima tranquillit\u00e0.<\/li>\n<li>Supporto ad anello integrato: il supporto ad anello integrato offre una presa sicura e consente la visualizzazione a mani libere da diverse angolazioni.<\/li>\n<li>Struttura robusta: rimane saldamente in posizione senza scivolare o spostarsi durante l&#039;uso.<\/li>\n<li>Opzioni di colore abbinabili: disponibile in nero e bianco lunare per completare perfettamente il tuo FORT100.<\/li>\n<li>Funzionalit\u00e0 intatta: pieno accesso a tutte le funzioni, fotocamere e porte senza bisogno di rimuovere la custodia.<\/li>\n<li>Pensato per il tuo stile di vita<\/li>\n<li>Che tu sia in un cantiere, in esplorazione nella natura o semplicemente desideri la massima protezione per il tuo investimento, questa custodia \u00e8 la soluzione ideale. L&#039;anello di supporto integrato offre una presa sicura per l&#039;utilizzo con una sola mano e funge anche da pratico supporto per guardare video o effettuare videochiamate. Goditi la tranquillit\u00e0 di sapere che il tuo FORT100 \u00e8 protetto da una custodia progettata su misura.<\/li>\n<li>Disponibile in due finiture di alta qualit\u00e0: il classico nero o l&#039;elegante bianco lunare. Scegli il colore che meglio si abbina al tuo FORT100.<\/li>\n<\/ul>\n<p>\u00a0<\/p>","protected":false},"excerpt":{"rendered":"<p>Proteggi il tuo smartphone con la custodia <strong>originale<\/strong> La custodia Blackview Rugged per FORT100 \u00e8 progettata per offrire una durata superiore, una presa sicura e protezione da urti e graffi. Realizzata con materiali resistenti che si adattano perfettamente al dispositivo senza ostacolarne l&#039;utilizzo quotidiano. Scopri la custodia Blackview Rugged per smartphone rugged, Fort 100. \u00c8 dotata di un anello che funge da supporto o da supporto da tavolo per una maggiore praticit\u00e0 durante la visione di video o altre attivit\u00e0.<\/p>","protected":false},"featured_media":12680,"comment_status":"open","ping_status":"closed","template":"","meta":{"_acf_changed":false},"product_brand":[],"product_cat":[154,330,159,338],"product_tag":[],"class_list":{"0":"post-12673","1":"product","2":"type-product","3":"status-publish","4":"has-post-thumbnail","6":"product_cat-accesorios-blackview","7":"product_cat-accesorios-blackview-accesorios-para-moviles","8":"product_cat-ofertas","9":"product_cat-productos","11":"first","12":"instock","13":"sale","14":"shipping-taxable","15":"purchasable","16":"product-type-variable","17":"has-default-attributes"},"acf":[],"_links":{"self":[{"href":"https:\/\/blackviewphones.com\/it\/wp-json\/wp\/v2\/product\/12673","targetHints":{"allow":["GET"]}}],"collection":[{"href":"https:\/\/blackviewphones.com\/it\/wp-json\/wp\/v2\/product"}],"about":[{"href":"https:\/\/blackviewphones.com\/it\/wp-json\/wp\/v2\/types\/product"}],"replies":[{"embeddable":true,"href":"https:\/\/blackviewphones.com\/it\/wp-json\/wp\/v2\/comments?post=12673"}],"version-history":[{"count":0,"href":"https:\/\/blackviewphones.com\/it\/wp-json\/wp\/v2\/product\/12673\/revisions"}],"wp:featuredmedia":[{"embeddable":true,"href":"https:\/\/blackviewphones.com\/it\/wp-json\/wp\/v2\/media\/12680"}],"wp:attachment":[{"href":"https:\/\/blackviewphones.com\/it\/wp-json\/wp\/v2\/media?parent=12673"}],"wp:term":[{"taxonomy":"product_brand","embeddable":true,"href":"https:\/\/blackviewphones.com\/it\/wp-json\/wp\/v2\/product_brand?post=12673"},{"taxonomy":"product_cat","embeddable":true,"href":"https:\/\/blackviewphones.com\/it\/wp-json\/wp\/v2\/product_cat?post=12673"},{"taxonomy":"product_tag","embeddable":true,"href":"https:\/\/blackviewphones.com\/it\/wp-json\/wp\/v2\/product_tag?post=12673"}],"curies":[{"name":"wp","href":"https:\/\/api.w.org\/{rel}","templated":true}]}}