

{"id":12193,"date":"2026-02-06T12:34:10","date_gmt":"2026-02-06T11:34:10","guid":{"rendered":"https:\/\/blackviewphones.com\/?post_type=product&#038;p=12193"},"modified":"2026-05-06T14:26:09","modified_gmt":"2026-05-06T12:26:09","slug":"schermo-portatile-blackview-table-10-238","status":"publish","type":"product","link":"https:\/\/blackviewphones.com\/it\/product\/blackview-table-10-pantalla-portatil-238\/","title":{"rendered":"Blackview Table 10 | Schermo portatile da 23,8\u2033"},"content":{"rendered":"<h1 data-start=\"212\" data-end=\"639\">Blackview Table 10 | Schermo portatile da 23,8\u2033<\/h1>\n<p data-start=\"212\" data-end=\"639\">Progettato per chi ha bisogno <strong data-start=\"243\" data-end=\"304\">Pi\u00f9 spazio di lavoro, maggiore comfort e mobilit\u00e0 totale<\/strong>, IL <strong data-start=\"309\" data-end=\"331\">Blackview TABELLA 10<\/strong> \u00e8 un <strong data-start=\"339\" data-end=\"369\">Schermo portatile da 23,8&quot;\u201d<\/strong> che trasforma qualsiasi spazio nel tuo ufficio o centro di intrattenimento. <strong data-start=\"447\" data-end=\"482\">ampio angolo di visione di 178\u00ba<\/strong> Il suo design leggero offre un&#039;esperienza visiva confortevole e immersiva, ideale per lavorare, studiare o godersi contenuti multimediali senza complicazioni.<\/p>\n<p data-start=\"641\" data-end=\"1070\">Il suo design <strong data-start=\"651\" data-end=\"673\">sottile e pieghevole<\/strong> Include un supporto protettivo <strong data-start=\"708\" data-end=\"723\">vicino a 0\u00b0<\/strong>, che circonda completamente lo schermo e ne facilita il trasporto grazie alla maniglia integrata. \u00c8 inoltre dotato di <strong data-start=\"836\" data-end=\"878\">attacco magnetico stabile e regolabile<\/strong>, consentendo una regolazione fluida dell&#039;altezza per una visione ergonomica. Compatibile con <strong data-start=\"975\" data-end=\"1003\">Supporti VESA 75 \u00d7 75 mm<\/strong>, Si adatta facilmente a qualsiasi ambiente professionale o domestico.<\/p>\n<h3>Nota importante:<\/h3>\n<p><span data-teams=\"true\">Il Table 10 viene fornito con un alimentatore da 30 W per la ricarica indipendente. Si tratta di una potenza relativamente bassa, ma sufficiente ad alimentare il Table 10 (anche senza collegarlo a un computer per la ricarica). La potenza nominale di 80 W si riferisce specificamente alla potenza per la ricarica inversa. Ad esempio, se si utilizza un caricabatterie da 120 W per caricare il Table 10, quest&#039;ultimo supporter\u00e0 un massimo di 80 W per la ricarica inversa, mentre i restanti 80 W saranno utilizzati per caricare il laptop.<\/span><\/p>","protected":false},"excerpt":{"rendered":"<p>IL <strong data-start=\"113\" data-end=\"135\">Blackview TABELLA 10<\/strong> \u00e8 un <strong data-start=\"143\" data-end=\"171\">Schermo portatile da 23,8&quot;\u201d<\/strong>, Leggero e versatile, ideale come <strong data-start=\"203\" data-end=\"223\">secondo schermo<\/strong> Per lavoro, studio o svago. Offre connettivit\u00e0. <strong data-start=\"281\" data-end=\"306\">Plug &amp; play tramite USB-C<\/strong>, \u00c8 dotato di un altoparlante integrato e di un&#039;ampia compatibilit\u00e0 con laptop, smartphone e console. Inoltre, \u00e8 <strong data-start=\"401\" data-end=\"444\">Compatibile con supporti VESA 75 \u00d7 75 mm<\/strong>, consentendo una configurazione pi\u00f9 comoda ed ergonomica in qualsiasi spazio.<\/p>\n<p>&nbsp;<\/p>","protected":false},"featured_media":12202,"comment_status":"open","ping_status":"closed","template":"","meta":{"_acf_changed":false},"product_brand":[287],"product_cat":[151],"product_tag":[],"class_list":{"0":"post-12193","1":"product","2":"type-product","3":"status-publish","4":"has-post-thumbnail","6":"product_brand-blackview","7":"product_cat-equipos-blackview","9":"first","10":"instock","11":"sale","12":"shipping-taxable","13":"purchasable","14":"product-type-variable","15":"has-default-attributes"},"acf":[],"_links":{"self":[{"href":"https:\/\/blackviewphones.com\/it\/wp-json\/wp\/v2\/product\/12193","targetHints":{"allow":["GET"]}}],"collection":[{"href":"https:\/\/blackviewphones.com\/it\/wp-json\/wp\/v2\/product"}],"about":[{"href":"https:\/\/blackviewphones.com\/it\/wp-json\/wp\/v2\/types\/product"}],"replies":[{"embeddable":true,"href":"https:\/\/blackviewphones.com\/it\/wp-json\/wp\/v2\/comments?post=12193"}],"version-history":[{"count":2,"href":"https:\/\/blackviewphones.com\/it\/wp-json\/wp\/v2\/product\/12193\/revisions"}],"predecessor-version":[{"id":13898,"href":"https:\/\/blackviewphones.com\/it\/wp-json\/wp\/v2\/product\/12193\/revisions\/13898"}],"wp:featuredmedia":[{"embeddable":true,"href":"https:\/\/blackviewphones.com\/it\/wp-json\/wp\/v2\/media\/12202"}],"wp:attachment":[{"href":"https:\/\/blackviewphones.com\/it\/wp-json\/wp\/v2\/media?parent=12193"}],"wp:term":[{"taxonomy":"product_brand","embeddable":true,"href":"https:\/\/blackviewphones.com\/it\/wp-json\/wp\/v2\/product_brand?post=12193"},{"taxonomy":"product_cat","embeddable":true,"href":"https:\/\/blackviewphones.com\/it\/wp-json\/wp\/v2\/product_cat?post=12193"},{"taxonomy":"product_tag","embeddable":true,"href":"https:\/\/blackviewphones.com\/it\/wp-json\/wp\/v2\/product_tag?post=12193"}],"curies":[{"name":"wp","href":"https:\/\/api.w.org\/{rel}","templated":true}]}}