

{"id":11341,"date":"2026-01-19T12:39:48","date_gmt":"2026-01-19T11:39:48","guid":{"rendered":"https:\/\/blackviewphones.com\/?post_type=product&#038;p=11341"},"modified":"2026-05-04T10:36:33","modified_gmt":"2026-05-04T08:36:33","slug":"lettore-di-codici-a-barre-blackview-rock-1-pro","status":"publish","type":"product","link":"https:\/\/blackviewphones.com\/it\/product\/blackview-rock-1-pro-lector-de-barras\/","title":{"rendered":"Blackview ROCK 1 PRO | Con lettore di codici a barre"},"content":{"rendered":"<h1>Blackview ROCK 1 Pro | Con scanner di codici a barre<\/h1>\n<p>Lui <strong data-start=\"267\" data-end=\"291\">Blackview ROCK 1 Pro<\/strong> \u00e8 un <strong data-start=\"298\" data-end=\"331\">smartphone robusto professionale<\/strong> Con telecamera per la visione notturna. Progettato per massimizzare la produttivit\u00e0 in ambienti industriali, logistici e di vendita al dettaglio. <strong data-start=\"426\" data-end=\"486\">lettore di codici a barre 2D omnidirezionale integrato<\/strong> Consente la scansione rapida e precisa delle etichette da pi\u00f9 angolazioni, anche in condizioni avverse, eliminando la necessit\u00e0 di dispositivi esterni. Dotato di <strong data-start=\"662\" data-end=\"691\">una batteria da 15.000 mAh<\/strong>, memoria <strong data-start=\"701\" data-end=\"730\">RAM espandibile fino a 32 GB<\/strong> E <strong data-start=\"733\" data-end=\"761\">256 GB di spazio di archiviazione<\/strong>, Questo terminale garantisce autonomia e capacit\u00e0 per giornate di lavoro intense.<\/p>\n<p>Inoltre, il suo <strong data-start=\"855\" data-end=\"880\">struttura robusta<\/strong> certificato <strong data-start=\"893\" data-end=\"922\">IP68\/IP69K e MIL-STD-810H<\/strong>, Grazie alla connettivit\u00e0 completa (Wi-Fi, Bluetooth 5.0, NFC e GPS multiplo), consente ai professionisti di svolgere attivit\u00e0 di inventario, logistica e gestione dei dati senza problemi, anche negli ambienti pi\u00f9 impegnativi. Incorpora inoltre un assistente AI Gemini ad attivazione vocale e il riconoscimento dell&#039;impronta vocale.<\/p>\n<h3>Scanner flessibile:<\/h3>\n<p>Con una rotazione di 360\u00b0, un&#039;inclinazione di \u00b150\u00b0 e una deflessione di \u00b150\u00b0, ROCK 1 Pro scansiona i codici a barre da qualsiasi angolazione. Non \u00e8 necessario regolare la posizione del codice a barre: basta puntare e scansionare!<\/p>\n<ul>\n<li><strong>EAN-13 (13 mil):<\/strong> 7-60 centimetri<\/li>\n<li><strong>PDF417 (6,7 mila):<\/strong> 11-23 centimetri<\/li>\n<li><strong>Codice QR (15 mila):<\/strong> 5,5-40 centimetri<\/li>\n<\/ul>\n<p><strong>IP68: COSA SI PU\u00d2 FARE E COSA NON SI PU\u00d2 FARE<\/strong><\/p>\n<p>Se un dispositivo \u00e8 certificato IP68, significa che pu\u00f2 essere immerso in acqua.\u00a0<strong>acqua dolce<\/strong>\u00a0<strong>a profondit\u00e0 fino a un metro per un massimo di 30 minuti, a condizione che le protezioni terminali rimangano adeguatamente sigillate.<\/strong><\/p>\n<p><strong>Vi lasciamo qualche consiglio<\/strong>\u00a0<strong>per qualsiasi terminale con certificazione IP68<\/strong>:<\/p>\n<ul>\n<li>Non esporre lo smartphone IP68 a correnti d&#039;acqua come acqua del rubinetto, onde dell&#039;oceano o cascate.<\/li>\n<li>Inoltre, se il tuo smartphone IP68 \u00e8 stato esposto ad acqua dolce, asciugalo accuratamente con un panno pulito e morbido.<\/li>\n<li>Se lo smartphone IP68 \u00e8 stato esposto a qualsiasi tipo di liquido diverso dall&#039;acqua dolce (ad esempio l&#039;acqua di mare), sciacquare immediatamente il dispositivo con acqua dolce delicata e asciugarlo accuratamente con un panno morbido e pulito.<\/li>\n<li>In caso di dubbi sulla corretta chiusura delle protezioni.\u00a0<strong>NO\u00a0<\/strong>lo bagni.<\/li>\n<li>Evita test aggressivi per dimostrare la tua resistenza<\/li>\n<li>Si sconsiglia di manipolare i pulsanti dell&#039;apparecchio in acqua.<\/li>\n<li>Si raccomanda di NON immergere il dispositivo in acqua salata poich\u00e9 la certificazione IP \u00e8 valida solo per l&#039;acqua dolce.<\/li>\n<\/ul>\n<p><b>IP69K + MIL-STD-810H: COSA PUOI E NON PUOI FARE<\/b><\/p>\n<p><span style=\"font-weight: 400;\">Un dispositivo con certificazione IP69K e test superati secondo lo standard militare MIL-STD-810H offre un livello superiore di resistenza all&#039;acqua ad alta pressione, alla polvere, agli urti, alle vibrazioni e alle temperature estreme.<\/span><\/p>\n<p><strong>Questo standard militare statunitense valuta le prestazioni di un dispositivo in condizioni di utilizzo reali e impegnative, sebbene non ne garantisca l&#039;indistruttibilit\u00e0. Ecco alcuni suggerimenti per qualsiasi dispositivo con certificazioni IP69K e MIL-STD-810H:<\/strong><\/p>\n<ul>\n<li style=\"font-weight: 400;\" aria-level=\"1\"><span style=\"font-weight: 400;\">Non dare per scontato che gli standard militari consentano urti estremi o cadute da qualsiasi altezza. Il dispositivo \u00e8 resistente, ma non infrangibile.<\/span><\/li>\n<li style=\"font-weight: 400;\" aria-level=\"1\"><span style=\"font-weight: 400;\">Evitare di esporre lo smartphone a pressioni, temperature o forze superiori ai limiti indicati dal produttore.<\/span><\/li>\n<li style=\"font-weight: 400;\" aria-level=\"1\"><span style=\"font-weight: 400;\">Sebbene possa resistere all&#039;acqua ad alta pressione, non immergerlo per periodi prolungati e non manipolare i pulsanti sott&#039;acqua o sotto getti diretti.<\/span><\/li>\n<li style=\"font-weight: 400;\" aria-level=\"1\"><span style=\"font-weight: 400;\">Se il terminale \u00e8 entrato in contatto con acqua dolce, asciugarlo accuratamente con un panno morbido.<\/span><\/li>\n<li style=\"font-weight: 400;\" aria-level=\"1\"><span style=\"font-weight: 400;\">Se \u00e8 stato esposto ad acqua salata, fango, sostanze chimiche o qualsiasi liquido diverso dall&#039;acqua dolce, sciacquarlo delicatamente con acqua dolce e poi asciugarlo completamente.<\/span><\/li>\n<li style=\"font-weight: 400;\" aria-level=\"1\"><span style=\"font-weight: 400;\">Non eseguire test estremi con fuoco, impatti deliberati o cadute inutili solo per dimostrare la durevolezza.<\/span><\/li>\n<li style=\"font-weight: 400;\" aria-level=\"1\"><span style=\"font-weight: 400;\">Assicurarsi che tutti i coperchi, le protezioni o i sigilli siano completamente chiusi prima di esporre il dispositivo a polvere, pressione o umidit\u00e0.<\/span><\/li>\n<li style=\"font-weight: 400;\" aria-level=\"1\"><span style=\"font-weight: 400;\">Sebbene possa resistere a vibrazioni e temperature elevate, evitare l&#039;uso prolungato su macchinari pesanti che superano i limiti certificati.<\/span><\/li>\n<\/ul>\n<p><strong><span style=\"color: #ff0000;\">Nota importante: lo scanner di codici a barre (APP Scan 5.0: singola o in batch, attivabile con il pulsante PPT) non supporta scanner di terze parti.<\/span><\/strong><\/p>","protected":false},"excerpt":{"rendered":"<p>Il Blackview Rock 1 Pro \u00e8 uno smartphone robusto con<strong> lettore di codici a barre integrato, telecamera per visione notturna, batteria da 15.000 mAh<\/strong> e design robusto. <strong>Ideale per<\/strong> uso professionale in <strong>logistica, industria e ambienti esigenti<\/strong>.<\/p>\n<p><strong><span style=\"color: #ff0000;\">Nota importante: lo scanner di codici a barre (APP Scan 5.0: singola o in batch, attivabile con il pulsante PPT) non supporta scanner di terze parti.<\/span><\/strong><\/p>","protected":false},"featured_media":11344,"comment_status":"open","ping_status":"closed","template":"","meta":{"_acf_changed":false},"product_brand":[287],"product_cat":[42,136,166,159,332],"product_tag":[],"class_list":{"0":"post-11341","1":"product","2":"type-product","3":"status-publish","4":"has-post-thumbnail","6":"product_brand-blackview","7":"product_cat-moviles-blackview","8":"product_cat-moviles-resistentes-rugerizados","9":"product_cat-moviles-resistentes-rugerizados-nuevos-modelos","10":"product_cat-ofertas","11":"product_cat-reservar-moviles-blackview","13":"first","14":"instock","15":"sale","16":"featured","17":"shipping-taxable","18":"purchasable","19":"product-type-variable","20":"has-default-attributes"},"acf":[],"_links":{"self":[{"href":"https:\/\/blackviewphones.com\/it\/wp-json\/wp\/v2\/product\/11341","targetHints":{"allow":["GET"]}}],"collection":[{"href":"https:\/\/blackviewphones.com\/it\/wp-json\/wp\/v2\/product"}],"about":[{"href":"https:\/\/blackviewphones.com\/it\/wp-json\/wp\/v2\/types\/product"}],"replies":[{"embeddable":true,"href":"https:\/\/blackviewphones.com\/it\/wp-json\/wp\/v2\/comments?post=11341"}],"version-history":[{"count":0,"href":"https:\/\/blackviewphones.com\/it\/wp-json\/wp\/v2\/product\/11341\/revisions"}],"wp:featuredmedia":[{"embeddable":true,"href":"https:\/\/blackviewphones.com\/it\/wp-json\/wp\/v2\/media\/11344"}],"wp:attachment":[{"href":"https:\/\/blackviewphones.com\/it\/wp-json\/wp\/v2\/media?parent=11341"}],"wp:term":[{"taxonomy":"product_brand","embeddable":true,"href":"https:\/\/blackviewphones.com\/it\/wp-json\/wp\/v2\/product_brand?post=11341"},{"taxonomy":"product_cat","embeddable":true,"href":"https:\/\/blackviewphones.com\/it\/wp-json\/wp\/v2\/product_cat?post=11341"},{"taxonomy":"product_tag","embeddable":true,"href":"https:\/\/blackviewphones.com\/it\/wp-json\/wp\/v2\/product_tag?post=11341"}],"curies":[{"name":"wp","href":"https:\/\/api.w.org\/{rel}","templated":true}]}}