

{"id":10870,"date":"2025-12-30T16:27:59","date_gmt":"2025-12-30T15:27:59","guid":{"rendered":"https:\/\/blackviewphones.com\/?post_type=product&#038;p=10870"},"modified":"2026-04-22T09:54:22","modified_gmt":"2026-04-22T07:54:22","slug":"blackview-rock-2-5g","status":"publish","type":"product","link":"https:\/\/blackviewphones.com\/it\/product\/blackview-rock-2-5g\/","title":{"rendered":"Blackview Rock 2 5G | 650 nit e 15.000 mAh"},"content":{"rendered":"<h1><span dir=\"auto\" style=\"vertical-align: inherit;\"><span dir=\"auto\" style=\"vertical-align: inherit;\">Blackview Rock 2 5G | <\/span><\/span>650 nit e 15.000 mAh<\/h1>\n<p>Blackview ROCK 2 con NFC ridefinisce ci\u00f2 che uno smartphone rugged pu\u00f2 offrire: combina una connettivit\u00e0 5G ultraveloce con una potente batteria da 15.000 mAh, in grado di garantire settimane di autonomia e ore di utilizzo intenso e continuo. Il suo display da 6,67&quot; con 650 nit di luminosit\u00e0 e una frequenza di aggiornamento intelligente basata sull&#039;intelligenza artificiale a 120 Hz offre colori vivaci e uno scorrimento fluido, ideale per qualsiasi situazione. Dotato del potente chipset UNISOC T8100 e fino a 32 GB o 48 GB di RAM virtuale, offre prestazioni fluide per applicazioni impegnative, multitasking e gaming leggero.<\/p>\n<p>Questo dispositivo non solo resiste alle condizioni pi\u00f9 difficili (certificazioni IP68\/IP69K e MIL-STD-810H), ma offre anche funzionalit\u00e0 avanzate come un Assistente Intelligente AI integrato con diversi modelli di intelligenza artificiale, punteggi AnTuTu elevati, una fotocamera subacquea, la Modalit\u00e0 Guanti 2.0 per l&#039;uso con i guanti e pratici strumenti per l&#039;outdoor come bussola, torcia e lente d&#039;ingrandimento. La sua fotocamera principale da 16 MP e la fotocamera frontale AI da 13 MP catturano immagini dettagliate in qualsiasi situazione, mentre la sua batteria di grandi dimensioni supporta la ricarica inversa per condividere l&#039;energia con gli accessori. Blackview ROCK 2 \u00e8 ideale per avventurieri, professionisti sul campo e utenti che cercano potenza, durata e versatilit\u00e0 in un unico dispositivo.<\/p>\n<p><strong>IP68: COSA SI PU\u00d2 FARE E COSA NON SI PU\u00d2 FARE<\/strong><\/p>\n<p>Se un dispositivo \u00e8 certificato IP68, significa che pu\u00f2 essere immerso in acqua.\u00a0<strong>acqua dolce<\/strong>\u00a0<strong>a profondit\u00e0 fino a un metro per un massimo di 30 minuti, a condizione che le protezioni terminali rimangano adeguatamente sigillate.<\/strong><\/p>\n<p><strong>Vi lasciamo qualche consiglio<\/strong>\u00a0<strong>per qualsiasi terminale con certificazione IP68<\/strong>:<\/p>\n<ul>\n<li>Non esporre lo smartphone IP68 a correnti d&#039;acqua come acqua del rubinetto, onde dell&#039;oceano o cascate.<\/li>\n<li>Inoltre, se il tuo smartphone IP68 \u00e8 stato esposto ad acqua dolce, asciugalo accuratamente con un panno pulito e morbido.<\/li>\n<li>Se lo smartphone IP68 \u00e8 stato esposto a qualsiasi tipo di liquido diverso dall&#039;acqua dolce (ad esempio l&#039;acqua di mare), sciacquare immediatamente il dispositivo con acqua dolce delicata e asciugarlo accuratamente con un panno morbido e pulito.<\/li>\n<li>In caso di dubbi sulla corretta chiusura delle protezioni.\u00a0<strong>NO\u00a0<\/strong>lo bagni.<\/li>\n<li>Evita test aggressivi per dimostrare la tua resistenza<\/li>\n<li>Si sconsiglia di manipolare i pulsanti dell&#039;apparecchio in acqua.<\/li>\n<li>Si raccomanda di NON immergere il dispositivo in acqua salata poich\u00e9 la certificazione IP \u00e8 valida solo per l&#039;acqua dolce.<\/li>\n<\/ul>\n<p><b>IP69K + MIL-STD-810H: COSA PUOI E NON PUOI FARE<\/b><\/p>\n<p><span style=\"font-weight: 400;\">Un dispositivo con certificazione IP69K e test superati secondo lo standard militare MIL-STD-810H offre un livello superiore di resistenza all&#039;acqua ad alta pressione, alla polvere, agli urti, alle vibrazioni e alle temperature estreme.<\/span><\/p>\n<p><strong>Questo standard militare statunitense valuta le prestazioni di un dispositivo in condizioni di utilizzo reali e impegnative, sebbene non ne garantisca l&#039;indistruttibilit\u00e0. Ecco alcuni suggerimenti per qualsiasi dispositivo con certificazioni IP69K e MIL-STD-810H:<\/strong><\/p>\n<ul>\n<li style=\"font-weight: 400;\" aria-level=\"1\"><span style=\"font-weight: 400;\">Non dare per scontato che gli standard militari consentano urti estremi o cadute da qualsiasi altezza. Il dispositivo \u00e8 resistente, ma non infrangibile.<\/span><\/li>\n<li style=\"font-weight: 400;\" aria-level=\"1\"><span style=\"font-weight: 400;\">Evitare di esporre lo smartphone a pressioni, temperature o forze superiori ai limiti indicati dal produttore.<\/span><\/li>\n<li style=\"font-weight: 400;\" aria-level=\"1\"><span style=\"font-weight: 400;\">Sebbene possa resistere all&#039;acqua ad alta pressione, non immergerlo per periodi prolungati e non manipolare i pulsanti sott&#039;acqua o sotto getti diretti.<\/span><\/li>\n<li style=\"font-weight: 400;\" aria-level=\"1\"><span style=\"font-weight: 400;\">Se il terminale \u00e8 entrato in contatto con acqua dolce, asciugarlo accuratamente con un panno morbido.<\/span><\/li>\n<li style=\"font-weight: 400;\" aria-level=\"1\"><span style=\"font-weight: 400;\">Se \u00e8 stato esposto ad acqua salata, fango, sostanze chimiche o qualsiasi liquido diverso dall&#039;acqua dolce, sciacquarlo delicatamente con acqua dolce e poi asciugarlo completamente.<\/span><\/li>\n<li style=\"font-weight: 400;\" aria-level=\"1\"><span style=\"font-weight: 400;\">Non eseguire test estremi con fuoco, impatti deliberati o cadute inutili solo per dimostrare la durevolezza.<\/span><\/li>\n<li style=\"font-weight: 400;\" aria-level=\"1\"><span style=\"font-weight: 400;\">Assicurarsi che tutti i coperchi, le protezioni o i sigilli siano completamente chiusi prima di esporre il dispositivo a polvere, pressione o umidit\u00e0.<\/span><\/li>\n<li style=\"font-weight: 400;\" aria-level=\"1\"><span style=\"font-weight: 400;\">Sebbene possa resistere a vibrazioni e temperature elevate, evitare l&#039;uso prolungato su macchinari pesanti che superano i limiti certificati.<\/span><\/li>\n<\/ul>\n<p>&nbsp;<\/p>","protected":false},"excerpt":{"rendered":"<p>Il Blackview ROCK 2 \u00e8 uno smartphone <strong data-start=\"217\" data-end=\"234\">5G rinforzato<\/strong> con batteria <strong data-start=\"250\" data-end=\"264\">15.000 mAh<\/strong>, schermo di <strong data-start=\"278\" data-end=\"298\">6,67&quot; e 650 nit<\/strong>, <strong data-start=\"300\" data-end=\"322\">Assistente intelligente AI<\/strong>, macchina fotografica con <strong data-start=\"335\" data-end=\"354\">Modalit\u00e0 subacquea<\/strong>, <strong data-start=\"356\" data-end=\"374\">Modalit\u00e0 guanto 2.0<\/strong> E <strong data-start=\"377\" data-end=\"394\">ricarica inversa<\/strong>. Progettato per lavori pesanti e utilizzi estremi.<\/p>","protected":false},"featured_media":13453,"comment_status":"open","ping_status":"closed","template":"","meta":{"_acf_changed":false},"product_brand":[287],"product_cat":[42,136,166,159],"product_tag":[],"class_list":{"0":"post-10870","1":"product","2":"type-product","3":"status-publish","4":"has-post-thumbnail","6":"product_brand-blackview","7":"product_cat-moviles-blackview","8":"product_cat-moviles-resistentes-rugerizados","9":"product_cat-moviles-resistentes-rugerizados-nuevos-modelos","10":"product_cat-ofertas","12":"first","13":"instock","14":"sale","15":"shipping-taxable","16":"purchasable","17":"product-type-variable","18":"has-default-attributes"},"acf":[],"_links":{"self":[{"href":"https:\/\/blackviewphones.com\/it\/wp-json\/wp\/v2\/product\/10870","targetHints":{"allow":["GET"]}}],"collection":[{"href":"https:\/\/blackviewphones.com\/it\/wp-json\/wp\/v2\/product"}],"about":[{"href":"https:\/\/blackviewphones.com\/it\/wp-json\/wp\/v2\/types\/product"}],"replies":[{"embeddable":true,"href":"https:\/\/blackviewphones.com\/it\/wp-json\/wp\/v2\/comments?post=10870"}],"version-history":[{"count":0,"href":"https:\/\/blackviewphones.com\/it\/wp-json\/wp\/v2\/product\/10870\/revisions"}],"wp:featuredmedia":[{"embeddable":true,"href":"https:\/\/blackviewphones.com\/it\/wp-json\/wp\/v2\/media\/13453"}],"wp:attachment":[{"href":"https:\/\/blackviewphones.com\/it\/wp-json\/wp\/v2\/media?parent=10870"}],"wp:term":[{"taxonomy":"product_brand","embeddable":true,"href":"https:\/\/blackviewphones.com\/it\/wp-json\/wp\/v2\/product_brand?post=10870"},{"taxonomy":"product_cat","embeddable":true,"href":"https:\/\/blackviewphones.com\/it\/wp-json\/wp\/v2\/product_cat?post=10870"},{"taxonomy":"product_tag","embeddable":true,"href":"https:\/\/blackviewphones.com\/it\/wp-json\/wp\/v2\/product_tag?post=10870"}],"curies":[{"name":"wp","href":"https:\/\/api.w.org\/{rel}","templated":true}]}}