

{"id":9804,"date":"2025-11-27T15:59:36","date_gmt":"2025-11-27T14:59:36","guid":{"rendered":"https:\/\/blackviewphones.com\/?post_type=product&#038;p=9804"},"modified":"2026-04-14T12:37:13","modified_gmt":"2026-04-14T10:37:13","slug":"ecran-portable-dcm6","status":"publish","type":"product","link":"https:\/\/blackviewphones.com\/fr\/product\/pantalla-portatil-dcm6\/","title":{"rendered":"Blackview DCM6\u00a0: Double \u00e9cran pour ordinateur portable."},"content":{"rendered":"<h1>Blackview DCM6\u00a0: Double \u00e9cran pour ordinateur portable.<\/h1>\n<p data-start=\"1773\" data-end=\"2057\">Avec son <strong data-start=\"1781\" data-end=\"1858\">Deux ports USB-C pleine taille et un troisi\u00e8me port USB-C d\u00e9di\u00e9 \u00e0 l&#039;alimentation.<\/strong>, Le DCM6 permet de transmettre la vid\u00e9o et l&#039;alimentation via un seul c\u00e2ble. Aucune configuration technique ni \u00e9tape suppl\u00e9mentaire n&#039;est requise\u00a0: branchez et c&#039;est pr\u00eat\u00a0! Compatible nativement avec <strong data-start=\"2011\" data-end=\"2056\">Windows, macOS, Linux, Android et ChromeOS<\/strong>.<\/p>\n<p data-start=\"2059\" data-end=\"2364\">Il comprend un <strong data-start=\"2070\" data-end=\"2093\">haut-parleur int\u00e9gr\u00e9<\/strong>, Id\u00e9al pour les r\u00e9unions en ligne, la lecture vid\u00e9o ou les pr\u00e9sentations rapides lorsque vous ne disposez pas de p\u00e9riph\u00e9riques suppl\u00e9mentaires. Son ch\u00e2ssis\u2026 <strong data-start=\"2231\" data-end=\"2267\">aluminium avec mat\u00e9riaux ABS et PC<\/strong> Elle garantit une grande durabilit\u00e9 sans sacrifier la l\u00e9g\u00e8ret\u00e9, id\u00e9ale pour vous accompagner partout.<\/p>\n<p data-start=\"2366\" data-end=\"2611\">En bref, le <strong data-start=\"2384\" data-end=\"2392\">DCM6<\/strong> C&#039;est une solution <strong data-start=\"2409\" data-end=\"2443\">portable, pratique et universel<\/strong> Pour \u00e9tendre votre espace de travail avec un deuxi\u00e8me ou un troisi\u00e8me \u00e9cran, optimisez votre productivit\u00e9, le t\u00e9l\u00e9travail, le montage vid\u00e9o ou le divertissement o\u00f9 que vous soyez.<\/p>\n<p data-start=\"2613\" data-end=\"2652\"><strong>support d&#039;\u00e9cran pour ordinateur portable<\/strong><\/p>\n<p data-start=\"2653\" data-end=\"2847\">Un travail plus confortable, des \u00e9crans align\u00e9s. Le support maintient votre ordinateur portable stable et \u00e0 la bonne hauteur, \u00e9vitant les inclinaisons inconfortables et cr\u00e9ant un environnement de travail plus fluide et ergonomique.<\/p>\n<p data-start=\"2849\" data-end=\"2882\"><strong>Multiplateforme Plug &amp; Play<\/strong><\/p>\n<p data-start=\"2883\" data-end=\"3055\">Compatible avec les principaux syst\u00e8mes d&#039;exploitation\u00a0: <strong data-start=\"2935\" data-end=\"2978\">Mac, Windows, Android, Linux et ChromeOS<\/strong>. Aucun logiciel suppl\u00e9mentaire n&#039;est requis. Branchez-le et commencez \u00e0 travailler instantan\u00e9ment.<\/p>\n<p data-start=\"3057\" data-end=\"3098\"><strong>Alimentation bidirectionnelle de 100 W<\/strong><\/p>\n<p data-start=\"3099\" data-end=\"3314\">\u00c9nergie illimit\u00e9e. Gr\u00e2ce \u00e0 son <strong data-start=\"3133\" data-end=\"3165\">Charge invers\u00e9e jusqu&#039;\u00e0 100 W<\/strong>, Le DCM6 peut alimenter votre ordinateur portable pendant que vous l&#039;utilisez, garantissant ainsi des performances continues lors de longues journ\u00e9es de travail, de streaming ou de jeux.<\/p>\n<p><strong>*Pour une utilisation sur secteur, une alimentation de 65 W ou plus est recommand\u00e9e.<\/strong><\/p>\n<p>&nbsp;<\/p>","protected":false},"excerpt":{"rendered":"<p>Il <strong data-start=\"1612\" data-end=\"1620\">DCM6<\/strong> Blackview propose deux \u00e9crans <strong data-start=\"1658\" data-end=\"1681\">14 pouces Full HD<\/strong> Pour une exp\u00e9rience multit\u00e2che optimale. Sa conception l\u00e9g\u00e8re et pliable en fait l&#039;accessoire id\u00e9al pour ceux qui ont besoin de travailler dans des caf\u00e9s, des espaces de coworking, en voyage ou dans des espaces r\u00e9duits. <strong data-start=\"1896\" data-end=\"1918\">luminosit\u00e9 de 300 nits<\/strong>, Chaque panneau offre une excellente nettet\u00e9, m\u00eame dans des environnements lumineux.<\/p>\n<p><strong>*Image de r\u00e9f\u00e9rence\u00a0: \u00c9crans avec support, ordinateur portable non inclus.<\/strong><\/p>","protected":false},"featured_media":10278,"comment_status":"open","ping_status":"closed","template":"","meta":{"_acf_changed":false},"product_brand":[287],"product_cat":[42,159],"product_tag":[],"class_list":{"0":"post-9804","1":"product","2":"type-product","3":"status-publish","4":"has-post-thumbnail","6":"product_brand-blackview","7":"product_cat-moviles-blackview","8":"product_cat-ofertas","10":"first","11":"instock","12":"sale","13":"shipping-taxable","14":"purchasable","15":"product-type-variable","16":"has-default-attributes"},"acf":[],"_links":{"self":[{"href":"https:\/\/blackviewphones.com\/fr\/wp-json\/wp\/v2\/product\/9804","targetHints":{"allow":["GET"]}}],"collection":[{"href":"https:\/\/blackviewphones.com\/fr\/wp-json\/wp\/v2\/product"}],"about":[{"href":"https:\/\/blackviewphones.com\/fr\/wp-json\/wp\/v2\/types\/product"}],"replies":[{"embeddable":true,"href":"https:\/\/blackviewphones.com\/fr\/wp-json\/wp\/v2\/comments?post=9804"}],"version-history":[{"count":2,"href":"https:\/\/blackviewphones.com\/fr\/wp-json\/wp\/v2\/product\/9804\/revisions"}],"predecessor-version":[{"id":13367,"href":"https:\/\/blackviewphones.com\/fr\/wp-json\/wp\/v2\/product\/9804\/revisions\/13367"}],"wp:featuredmedia":[{"embeddable":true,"href":"https:\/\/blackviewphones.com\/fr\/wp-json\/wp\/v2\/media\/10278"}],"wp:attachment":[{"href":"https:\/\/blackviewphones.com\/fr\/wp-json\/wp\/v2\/media?parent=9804"}],"wp:term":[{"taxonomy":"product_brand","embeddable":true,"href":"https:\/\/blackviewphones.com\/fr\/wp-json\/wp\/v2\/product_brand?post=9804"},{"taxonomy":"product_cat","embeddable":true,"href":"https:\/\/blackviewphones.com\/fr\/wp-json\/wp\/v2\/product_cat?post=9804"},{"taxonomy":"product_tag","embeddable":true,"href":"https:\/\/blackviewphones.com\/fr\/wp-json\/wp\/v2\/product_tag?post=9804"}],"curies":[{"name":"wp","href":"https:\/\/api.w.org\/{rel}","templated":true}]}}