

{"id":9784,"date":"2025-11-27T13:13:19","date_gmt":"2025-11-27T12:13:19","guid":{"rendered":"https:\/\/blackviewphones.com\/?post_type=product&#038;p=9784"},"modified":"2026-04-15T12:14:23","modified_gmt":"2026-04-15T10:14:23","slug":"blackview-zeno-10-5g-ia","status":"publish","type":"product","link":"https:\/\/blackviewphones.com\/fr\/product\/blackview-zeno-10-5g-ai\/","title":{"rendered":"Tablette Blackview ZENO 10 5G | IA avanc\u00e9e"},"content":{"rendered":"<h1>Tablette Blackview ZENO 10 5G IA | 24 Go de RAM | 128 Go de ROM<\/h1>\n<p><strong>\ud83c\udf81 Comprend une coque, un clavier sans fil, une souris, des \u00e9couteurs, un stylet et un protecteur d&#039;\u00e9cran en verre tremp\u00e9. \ud83c\udf81<\/strong><\/p>\n<h2>\u00c9cran fluide et certifi\u00e9 pour prot\u00e9ger vos yeux<\/h2>\n<p>Le <strong>Blackview ZENO 10<\/strong> Il combine la connectivit\u00e9 5G avec un \u00e9cran <strong>\u00c9cran FHD+ de 11 pouces \u00e0 90 Hz<\/strong>, Parfait pour les utilisateurs qui exigent une fluidit\u00e9 constante. Sa certification <strong>Certifi\u00e9 T\u00dcV S\u00dcD Faible lumi\u00e8re bleue<\/strong> Il r\u00e9duit la fatigue oculaire lors de longues journ\u00e9es d&#039;\u00e9tudes, de travail ou d&#039;utilisation de supports multim\u00e9dias.<\/p>\n<h2>Architecture optimis\u00e9e et m\u00e9moire extensible<\/h2>\n<p>Gr\u00e2ce au chipset <strong>UNISOC Tigre T8200<\/strong>, Le ZENO 10 offre une stabilit\u00e9 m\u00eame dans les applications les plus exigeantes. <strong>8 Go de RAM extensible jusqu&#039;\u00e0 24 Go<\/strong> Ils permettent l&#039;ex\u00e9cution simultan\u00e9e de plusieurs processus sans ralentissement. <strong>128 Go de stockage<\/strong>, Extensible jusqu&#039;\u00e0 **2 To**, vous pouvez stocker vos projets, biblioth\u00e8ques et documents de travail en toute libert\u00e9.<\/p>\n<h2>Batterie haute performance et haut-parleurs Quad-BOX<\/h2>\n<p>La batterie de <strong>8800 mAh<\/strong> offre une autonomie prolong\u00e9e, tandis que les haut-parleurs <strong>Quad-BOX Smart-K<\/strong> Ils garantissent un son puissant et clair. Le syst\u00e8me <strong>Android 15<\/strong> Il int\u00e8gre un mode PC am\u00e9lior\u00e9, le multit\u00e2che, l&#039;optimisation de l&#039;\u00e9nergie et des outils professionnels pr\u00eats \u00e0 l&#039;emploi.<\/p>\n<h2>Qualit\u00e9 de streaming Full HD<\/h2>\n<p>La certification <strong>Widevine L1<\/strong> Elle vous permet de lire du contenu haute d\u00e9finition sur des services comme Netflix, Disney+, Prime Video et YouTube. Si vous recherchez une tablette suffisamment polyvalente pour le divertissement et la productivit\u00e9, la ZENO 10 est l&#039;une des options les plus compl\u00e8tes de sa cat\u00e9gorie.<\/p>","protected":false},"excerpt":{"rendered":"<p>Le <strong data-start=\"622\" data-end=\"636\">ZENO 10 5G<\/strong> combine la puce <strong data-start=\"653\" data-end=\"668\">Tigre T8200<\/strong>, <strong data-start=\"670\" data-end=\"685\">8+16 Go de RAM<\/strong>, 128 Go ou 256 Go extensibles jusqu&#039;\u00e0 2 To et un \u00e9cran <strong data-start=\"727\" data-end=\"755\">11\u2033 FHD+ certifi\u00e9 T\u00dcV<\/strong>. Il offre une connectivit\u00e9 5G, le mode PC 2.0, une batterie de 8800 mAh et un son Quad-BOX, id\u00e9al pour les t\u00e2ches avanc\u00e9es et la productivit\u00e9 quotidienne.<\/p>","protected":false},"featured_media":12030,"comment_status":"open","ping_status":"closed","template":"","meta":{"_acf_changed":false},"product_brand":[287],"product_cat":[159,95,328],"product_tag":[348],"class_list":{"0":"post-9784","1":"product","2":"type-product","3":"status-publish","4":"has-post-thumbnail","6":"product_brand-blackview","7":"product_cat-ofertas","8":"product_cat-tablets-blackview","9":"product_cat-tablets-blackview-tablets-inteligentes-blackview","10":"product_tag-348","12":"first","13":"instock","14":"sale","15":"shipping-taxable","16":"purchasable","17":"product-type-variable","18":"has-default-attributes"},"acf":[],"_links":{"self":[{"href":"https:\/\/blackviewphones.com\/fr\/wp-json\/wp\/v2\/product\/9784","targetHints":{"allow":["GET"]}}],"collection":[{"href":"https:\/\/blackviewphones.com\/fr\/wp-json\/wp\/v2\/product"}],"about":[{"href":"https:\/\/blackviewphones.com\/fr\/wp-json\/wp\/v2\/types\/product"}],"replies":[{"embeddable":true,"href":"https:\/\/blackviewphones.com\/fr\/wp-json\/wp\/v2\/comments?post=9784"}],"version-history":[{"count":0,"href":"https:\/\/blackviewphones.com\/fr\/wp-json\/wp\/v2\/product\/9784\/revisions"}],"wp:featuredmedia":[{"embeddable":true,"href":"https:\/\/blackviewphones.com\/fr\/wp-json\/wp\/v2\/media\/12030"}],"wp:attachment":[{"href":"https:\/\/blackviewphones.com\/fr\/wp-json\/wp\/v2\/media?parent=9784"}],"wp:term":[{"taxonomy":"product_brand","embeddable":true,"href":"https:\/\/blackviewphones.com\/fr\/wp-json\/wp\/v2\/product_brand?post=9784"},{"taxonomy":"product_cat","embeddable":true,"href":"https:\/\/blackviewphones.com\/fr\/wp-json\/wp\/v2\/product_cat?post=9784"},{"taxonomy":"product_tag","embeddable":true,"href":"https:\/\/blackviewphones.com\/fr\/wp-json\/wp\/v2\/product_tag?post=9784"}],"curies":[{"name":"wp","href":"https:\/\/api.w.org\/{rel}","templated":true}]}}