

{"id":9747,"date":"2025-11-26T16:14:02","date_gmt":"2025-11-26T15:14:02","guid":{"rendered":"https:\/\/blackviewphones.com\/?post_type=product&#038;p=9747"},"modified":"2026-05-07T12:40:30","modified_gmt":"2026-05-07T10:40:30","slug":"ecran-portable-scm6","status":"publish","type":"product","link":"https:\/\/blackviewphones.com\/fr\/product\/pantalla-portatil-scm6\/","title":{"rendered":"\u00c9cran portable SCM6"},"content":{"rendered":"<h1>\u00c9cran portable SCM6<\/h1>\n<p data-start=\"3074\" data-end=\"3438\">Il <strong data-start=\"261\" data-end=\"279\">Blackview SCM6<\/strong> Il s&#039;agit d&#039;un moniteur portable Full HD de 14 pouces con\u00e7u pour ceux qui ont besoin d&#039;\u00e9tendre leur espace de travail \u00e0 tout moment. Son bo\u00eetier est l\u00e9ger. <strong data-start=\"422\" data-end=\"431\">600 g<\/strong> Son design ultra-fin en fait l&#039;outil id\u00e9al pour les professionnels, les \u00e9tudiants et les cr\u00e9ateurs nomades. Un seul c\u00e2ble suffit. <strong data-start=\"590\" data-end=\"613\">USB-C complet<\/strong> pour transmettre l&#039;image, le son et l&#039;\u00e9nergie, permettant une connexion rapide sans configuration.<\/p>\n<p>\u00a0<\/p>\n<p>\u00a0<\/p>","protected":false},"excerpt":{"rendered":"<p>Le moniteur portable Blackview SCM6 14&quot; Full HD est l\u00e9ger et ultra-fin. Dot\u00e9 d&#039;une connectivit\u00e9 USB-C (plug &amp; play), d&#039;une dalle IPS et d&#039;un haut-parleur int\u00e9gr\u00e9, il est id\u00e9al pour optimiser votre productivit\u00e9 o\u00f9 que vous soyez.<\/p>\n<p><strong>*Image de r\u00e9f\u00e9rence\u00a0: \u00c9crans avec support, ordinateur portable non inclus.<\/strong><\/p>","protected":false},"featured_media":10839,"comment_status":"open","ping_status":"closed","template":"","meta":{"_acf_changed":false},"product_brand":[287],"product_cat":[61,159,151],"product_tag":[],"class_list":{"0":"post-9747","1":"product","2":"type-product","3":"status-publish","4":"has-post-thumbnail","6":"product_brand-blackview","7":"product_cat-equipos-blackview-portatiles","8":"product_cat-ofertas","9":"product_cat-equipos-blackview","11":"first","12":"instock","13":"sale","14":"shipping-taxable","15":"purchasable","16":"product-type-variable","17":"has-default-attributes"},"acf":[],"_links":{"self":[{"href":"https:\/\/blackviewphones.com\/fr\/wp-json\/wp\/v2\/product\/9747","targetHints":{"allow":["GET"]}}],"collection":[{"href":"https:\/\/blackviewphones.com\/fr\/wp-json\/wp\/v2\/product"}],"about":[{"href":"https:\/\/blackviewphones.com\/fr\/wp-json\/wp\/v2\/types\/product"}],"replies":[{"embeddable":true,"href":"https:\/\/blackviewphones.com\/fr\/wp-json\/wp\/v2\/comments?post=9747"}],"version-history":[{"count":0,"href":"https:\/\/blackviewphones.com\/fr\/wp-json\/wp\/v2\/product\/9747\/revisions"}],"wp:featuredmedia":[{"embeddable":true,"href":"https:\/\/blackviewphones.com\/fr\/wp-json\/wp\/v2\/media\/10839"}],"wp:attachment":[{"href":"https:\/\/blackviewphones.com\/fr\/wp-json\/wp\/v2\/media?parent=9747"}],"wp:term":[{"taxonomy":"product_brand","embeddable":true,"href":"https:\/\/blackviewphones.com\/fr\/wp-json\/wp\/v2\/product_brand?post=9747"},{"taxonomy":"product_cat","embeddable":true,"href":"https:\/\/blackviewphones.com\/fr\/wp-json\/wp\/v2\/product_cat?post=9747"},{"taxonomy":"product_tag","embeddable":true,"href":"https:\/\/blackviewphones.com\/fr\/wp-json\/wp\/v2\/product_tag?post=9747"}],"curies":[{"name":"wp","href":"https:\/\/api.w.org\/{rel}","templated":true}]}}