

{"id":9683,"date":"2025-11-27T15:03:33","date_gmt":"2025-11-27T14:03:33","guid":{"rendered":"https:\/\/blackviewphones.com\/?post_type=product&#038;p=9683"},"modified":"2026-04-14T12:05:40","modified_gmt":"2026-04-14T10:05:40","slug":"xplore-1-pro","status":"publish","type":"product","link":"https:\/\/blackviewphones.com\/fr\/product\/xplore-1-pro\/","title":{"rendered":"Blackview XPLORE 1 Pro 5G | Avec cam\u00e9ra thermique et t\u00e9l\u00e9commande"},"content":{"rendered":"<h1>Blackview XPLORE 1 Pro 5G | Avec cam\u00e9ra thermique et t\u00e9l\u00e9commande<\/h1>\n<p data-start=\"3074\" data-end=\"3438\">Il <strong data-start=\"3077\" data-end=\"3103\">Blackview XPLORE 1 Pro<\/strong> C&#039;est un smartphone robuste et performant avec NFC, con\u00e7u pour les professionnels et les aventuriers qui ont besoin d&#039;un appareil fiable. <strong>cam\u00e9ra thermique<\/strong>. \u00c9quip\u00e9 jusqu&#039;\u00e0 <strong>36 Go ou 48 Go de RAM<\/strong> et <strong data-start=\"3303\" data-end=\"3338\">256 Go ou 512 Go de stockage<\/strong>, Il offre une puissance exceptionnelle pour le multit\u00e2che, la navigation web, les applications gourmandes en ressources et une utilisation intensive.<\/p>\n<p data-start=\"3440\" data-end=\"3859\">Son <strong>cam\u00e9ra thermique int\u00e9gr\u00e9e<\/strong> Il est utile pour d\u00e9tecter les zones chaudes, que ce soit dans votre vie quotidienne ou au travail. De plus, son \u00e9norme <strong data-start=\"3638\" data-end=\"3663\">Batterie de 20 000 mAh<\/strong>, l&#039;\u00e9cran <strong data-start=\"3677\" data-end=\"3694\">FHD+ \u00e0 120 Hz<\/strong>, le syst\u00e8me Android 15 et une durabilit\u00e9 certifi\u00e9e <strong data-start=\"3747\" data-end=\"3774\">IP68\/IP69K\/MIL-STD-810H<\/strong> Ils garantissent une fiabilit\u00e9 absolue contre les chocs, la poussi\u00e8re, l&#039;eau et les temp\u00e9ratures extr\u00eames. Ils sont \u00e9galement dot\u00e9s de <strong>T\u00e9l\u00e9commande infrarouge<\/strong> pour contr\u00f4ler le t\u00e9l\u00e9viseur ou d&#039;autres appareils.<\/p>\n<p data-start=\"3861\" data-end=\"4061\">Les cam\u00e9ras de <strong data-start=\"3876\" data-end=\"3909\">Vision nocturne 64 MP + 20 MP<\/strong> et son objectif frontal de 50 MP compl\u00e8te un appareil tout-terrain parfait pour les utilisateurs recherchant une autonomie maximale, une s\u00e9curit\u00e9 optimale et une communication avanc\u00e9e.<\/p>\n<p>&nbsp;<\/p>\n<p>&nbsp;<\/p>","protected":false},"excerpt":{"rendered":"<p>Il <strong data-start=\"4103\" data-end=\"4129\">Blackview XPLORE 1 Pro<\/strong> Elle allie une robustesse extr\u00eame \u00e0 une cam\u00e9ra thermique, une lampe torche puissante, une t\u00e9l\u00e9commande infrarouge et des performances sup\u00e9rieures. <strong data-start=\"4213\" data-end=\"4231\">12\/16 Go de RAM<\/strong>. Sa batterie <strong data-start=\"4263\" data-end=\"4277\">20 000 mAh<\/strong>, L&#039;\u00e9cran 120 Hz et les certifications IP68\/IP69K\/MIL-STD-810H garantissent une fiabilit\u00e9 totale dans tous les environnements.<\/p>","protected":false},"featured_media":13055,"comment_status":"open","ping_status":"closed","template":"","meta":{"_acf_changed":false},"product_brand":[287],"product_cat":[42,136,166,159,338],"product_tag":[],"class_list":{"0":"post-9683","1":"product","2":"type-product","3":"status-publish","4":"has-post-thumbnail","6":"product_brand-blackview","7":"product_cat-moviles-blackview","8":"product_cat-moviles-resistentes-rugerizados","9":"product_cat-moviles-resistentes-rugerizados-nuevos-modelos","10":"product_cat-ofertas","11":"product_cat-productos","13":"first","14":"instock","15":"sale","16":"shipping-taxable","17":"purchasable","18":"product-type-variable","19":"has-default-attributes"},"acf":[],"_links":{"self":[{"href":"https:\/\/blackviewphones.com\/fr\/wp-json\/wp\/v2\/product\/9683","targetHints":{"allow":["GET"]}}],"collection":[{"href":"https:\/\/blackviewphones.com\/fr\/wp-json\/wp\/v2\/product"}],"about":[{"href":"https:\/\/blackviewphones.com\/fr\/wp-json\/wp\/v2\/types\/product"}],"replies":[{"embeddable":true,"href":"https:\/\/blackviewphones.com\/fr\/wp-json\/wp\/v2\/comments?post=9683"}],"version-history":[{"count":0,"href":"https:\/\/blackviewphones.com\/fr\/wp-json\/wp\/v2\/product\/9683\/revisions"}],"wp:featuredmedia":[{"embeddable":true,"href":"https:\/\/blackviewphones.com\/fr\/wp-json\/wp\/v2\/media\/13055"}],"wp:attachment":[{"href":"https:\/\/blackviewphones.com\/fr\/wp-json\/wp\/v2\/media?parent=9683"}],"wp:term":[{"taxonomy":"product_brand","embeddable":true,"href":"https:\/\/blackviewphones.com\/fr\/wp-json\/wp\/v2\/product_brand?post=9683"},{"taxonomy":"product_cat","embeddable":true,"href":"https:\/\/blackviewphones.com\/fr\/wp-json\/wp\/v2\/product_cat?post=9683"},{"taxonomy":"product_tag","embeddable":true,"href":"https:\/\/blackviewphones.com\/fr\/wp-json\/wp\/v2\/product_tag?post=9683"}],"curies":[{"name":"wp","href":"https:\/\/api.w.org\/{rel}","templated":true}]}}