

{"id":9657,"date":"2025-11-24T12:21:15","date_gmt":"2025-11-24T11:21:15","guid":{"rendered":"https:\/\/blackviewphones.com\/?post_type=product&#038;p=9657"},"modified":"2026-04-14T12:05:35","modified_gmt":"2026-04-14T10:05:35","slug":"lunettes-bv100","status":"publish","type":"product","link":"https:\/\/blackviewphones.com\/fr\/product\/bv100-gafas\/","title":{"rendered":"Lunettes Blackview BV100"},"content":{"rendered":"<h1>Lunettes Blackview BV100<\/h1>\n<p data-start=\"38\" data-end=\"384\">Les lunettes <strong data-start=\"42\" data-end=\"61\">Blackview BV100<\/strong> Ce sont bien plus que de simples lunettes : ce sont vos assistants intelligents au quotidien. Gr\u00e2ce \u00e0 leur <strong data-start=\"153\" data-end=\"180\">technologie d&#039;IA int\u00e9gr\u00e9e<\/strong>, Elles allient un design l\u00e9ger et moderne \u00e0 des fonctionnalit\u00e9s intelligentes qui facilitent votre quotidien, que vous soyez au travail, en d\u00e9placement en ville ou que vous profitiez d&#039;une exp\u00e9rience connect\u00e9e sans sortir votre t\u00e9l\u00e9phone de votre poche.<\/p>\n<p data-start=\"386\" data-end=\"693\">Con\u00e7u pour offrir <strong data-start=\"409\" data-end=\"442\">confort toute la journ\u00e9e<\/strong>, La s\u00e9rie BV100 se distingue par son utilisation intuitive, sa connectivit\u00e9 avanc\u00e9e et son approche pratique, parfaitement adapt\u00e9e au mode de vie num\u00e9rique actuel. Id\u00e9ale pour ceux qui recherchent innovation, fonctionnalit\u00e9 et une touche futuriste dans un seul appareil.<\/p>\n<h2 data-start=\"386\" data-end=\"693\">Assistant IA \u00e0 activation vocale avec lunettes Blackview BV100<\/h2>\n<p data-start=\"386\" data-end=\"693\">Activation en un seul geste\u00a0: il suffit d\u2019appuyer du doigt pour activer facilement l\u2019assistant vocal IA et d\u00e9bloquer des fonctionnalit\u00e9s telles que l\u2019\u00e9coute de musique, les appels, l\u2019enregistrement de vid\u00e9os et la prise de photos.<\/p>\n<h2 data-start=\"386\" data-end=\"693\">Optimisation vid\u00e9o automatique HD<\/h2>\n<p>Cam\u00e9ra haute d\u00e9finition 800 W, capture d&#039;images 2K HD, enregistrement vid\u00e9o 1200p et stabilisation d&#039;image int\u00e9gr\u00e9e. L&#039;IA optimise automatiquement la qualit\u00e9 d&#039;image (assombrissement et flou d&#039;arri\u00e8re-plan). R\u00e9duction du bruit multi-images et synth\u00e8se HDR. Capture et synchronisation automatiques avec votre appareil mobile.<\/p>\n<h2>Instructions d\u2019utilisation des lunettes BV100<\/h2>\n<h3>\u00c9tapes physiques du bouton<\/h3>\n<ul>\n<li><strong>Marche\/Arr\u00eat : <\/strong>\u00a0Appuyez bri\u00e8vement sur le bouton droit pendant 2 secondes lors du d\u00e9marrage\/de la mise hors tension, puis maintenez-le enfonc\u00e9 pendant 5 secondes.<\/li>\n<li><strong> Appairage Bluetooth\u00a0: <\/strong>Ouvrez l&#039;application mobile, recherchez les appareils Bluetooth pour les ajouter.<\/li>\n<li><strong>Prenez des photos : <\/strong>Appuyez bri\u00e8vement une fois sur le bouton droit. <em><strong>(hors mode appel)<\/strong><\/em>.<\/li>\n<\/ul>\n<blockquote><p><em><strong>* Maintenez le bouton droit enfonc\u00e9 pendant 3 secondes pour allumer (reconnexion Bluetooth r\u00e9ussie)\u00a0<\/strong><\/em><\/p><\/blockquote>\n<ul>\n<li><strong>Enregistrement d&#039;images\u00a0: <\/strong>Appuyez bri\u00e8vement deux fois sur le bouton droit pour d\u00e9marrer l&#039;enregistrement (hors mode appel). Appuyez ensuite bri\u00e8vement une fois sur le bouton droit pour arr\u00eater l&#039;enregistrement.<\/li>\n<li><strong>Enregistrement sonore :<\/strong> Appuyez deux fois bri\u00e8vement sur le bouton droit pour d\u00e9marrer l&#039;enregistrement (hors mode appel). Appuyez ensuite bri\u00e8vement une fois sur le bouton droit pour arr\u00eater et sauvegarder l&#039;enregistrement. <em>(en cours)<\/em>.<\/li>\n<li><strong>Mode d&#039;appel\u00a0:<\/strong> Appuyez bri\u00e8vement sur le bouton gauche\/droit pour r\u00e9pondre. Maintenez-le enfonc\u00e9 pendant deux secondes pour rejeter l&#039;appel. Enfin, appuyez bri\u00e8vement sur le bouton droit pour raccrocher (pendant un appel).<\/li>\n<li><strong>Au r\u00e9veil :<\/strong> Appuyez bri\u00e8vement une fois sur le bouton gauche pour activer ou d\u00e9sactiver l&#039;assistant vocal IA. <em>(en mode Bluetooth)<\/em>.<\/li>\n<li><strong>Transmission de donn\u00e9es :<\/strong> Transmission WiFi dans n&#039;importe quel \u00e9tat.<\/li>\n<li><strong>Supprimer les enregistrements d&#039;appariement\u00a0:<\/strong> Maintenez le bouton gauche enfonc\u00e9 pendant 5 secondes pour effacer les informations et l&#039;appairage de l&#039;appareil connect\u00e9.<\/li>\n<\/ul>\n<h3>Zone tactile lat\u00e9rale<\/h3>\n<ul>\n<li><strong>Mode musique :<\/strong><\/li>\n<\/ul>\n<ol>\n<li>Cliquez avec le bouton droit pour mettre la musique en pause (en mode lecture musicale).<\/li>\n<li>Faites un clic droit sur la lecture musicale (musique en pause).<\/li>\n<li>Double-cliquez avec le bouton droit de la souris sur la piste suivante (en mode lecture\/pause).<\/li>\n<\/ol>\n<ul>\n<li><strong>Contr\u00f4le du volume\u00a0:<\/strong><\/li>\n<\/ul>\n<ol>\n<li>Faites glisser le curseur de droite vers l&#039;avant (volume +)<\/li>\n<li>Faites glisser le curseur de droite vers l&#039;arri\u00e8re (volume \u2013 )<\/li>\n<\/ol>","protected":false},"excerpt":{"rendered":"<p>La Blackview BV100 se distingue par son appareil photo de 8 m\u00e9gapixels avec vid\u00e9o 1200p, son<strong> IA multimodale<\/strong> et une double connectivit\u00e9 pour des t\u00e2ches rapides et fluides. Gr\u00e2ce \u00e0 sa conception l\u00e9g\u00e8re et \u00e0 ses \u00e9couteurs \u00e0 oreille ouverte, vous pouvez \u00e9couter, enregistrer et traduire sans sacrifier le confort. La reconnaissance visuelle et la commande \u201c\u00a0Hey Cyan\u00a0\u201d ajoutent des fonctionnalit\u00e9s pratiques pour toutes les situations, professionnelles ou personnelles.<\/p>","protected":false},"featured_media":12066,"comment_status":"open","ping_status":"closed","template":"","meta":{"_acf_changed":false},"product_brand":[287],"product_cat":[154,159],"product_tag":[],"class_list":{"0":"post-9657","1":"product","2":"type-product","3":"status-publish","4":"has-post-thumbnail","6":"product_brand-blackview","7":"product_cat-accesorios-blackview","8":"product_cat-ofertas","10":"first","11":"instock","12":"sale","13":"shipping-taxable","14":"purchasable","15":"product-type-variable"},"acf":[],"_links":{"self":[{"href":"https:\/\/blackviewphones.com\/fr\/wp-json\/wp\/v2\/product\/9657","targetHints":{"allow":["GET"]}}],"collection":[{"href":"https:\/\/blackviewphones.com\/fr\/wp-json\/wp\/v2\/product"}],"about":[{"href":"https:\/\/blackviewphones.com\/fr\/wp-json\/wp\/v2\/types\/product"}],"replies":[{"embeddable":true,"href":"https:\/\/blackviewphones.com\/fr\/wp-json\/wp\/v2\/comments?post=9657"}],"version-history":[{"count":0,"href":"https:\/\/blackviewphones.com\/fr\/wp-json\/wp\/v2\/product\/9657\/revisions"}],"wp:featuredmedia":[{"embeddable":true,"href":"https:\/\/blackviewphones.com\/fr\/wp-json\/wp\/v2\/media\/12066"}],"wp:attachment":[{"href":"https:\/\/blackviewphones.com\/fr\/wp-json\/wp\/v2\/media?parent=9657"}],"wp:term":[{"taxonomy":"product_brand","embeddable":true,"href":"https:\/\/blackviewphones.com\/fr\/wp-json\/wp\/v2\/product_brand?post=9657"},{"taxonomy":"product_cat","embeddable":true,"href":"https:\/\/blackviewphones.com\/fr\/wp-json\/wp\/v2\/product_cat?post=9657"},{"taxonomy":"product_tag","embeddable":true,"href":"https:\/\/blackviewphones.com\/fr\/wp-json\/wp\/v2\/product_tag?post=9657"}],"curies":[{"name":"wp","href":"https:\/\/api.w.org\/{rel}","templated":true}]}}