

{"id":9528,"date":"2025-11-17T14:58:12","date_gmt":"2025-11-17T13:58:12","guid":{"rendered":"https:\/\/blackviewphones.com\/?post_type=product&#038;p=9528"},"modified":"2026-04-07T13:15:08","modified_gmt":"2026-04-07T11:15:08","slug":"aurabass-2","status":"publish","type":"product","link":"https:\/\/blackviewphones.com\/fr\/product\/aurabass-2\/","title":{"rendered":"Blackview AuraBass 2"},"content":{"rendered":"<h1 data-start=\"306\" data-end=\"365\"><strong data-start=\"309\" data-end=\"365\">Blackview AuraBass 2\u00a0: Enceinte Bluetooth<\/strong><\/h1>\n<p data-start=\"367\" data-end=\"681\">Envie de faire passer votre exp\u00e9rience sonore \u00e0 un niveau sup\u00e9rieur ? <strong data-start=\"422\" data-end=\"436\">AuraBass 2<\/strong> C&#039;est l&#039;enceinte id\u00e9ale pour ceux qui appr\u00e9cient une musique riche, d\u00e9taill\u00e9e et \u00e9mouvante. Avec un design moderne et un son qui emplit n&#039;importe quel espace, elle combine <strong data-start=\"592\" data-end=\"624\">technologie audio avanc\u00e9e<\/strong> avec un style \u00e9l\u00e9gant qui s&#039;adapte \u00e0 votre style de vie.<\/p>\n<h2 data-start=\"683\" data-end=\"736\"><strong data-start=\"687\" data-end=\"736\">Des basses que vous pouvez ressentir, un son qui vous enveloppe.<\/strong><\/h2>\n<p data-start=\"738\" data-end=\"1156\">Il <strong data-start=\"741\" data-end=\"755\">Aurabass 2<\/strong> Il est \u00e9quip\u00e9 d&#039;un <strong data-start=\"777\" data-end=\"816\">syst\u00e8me acoustique \u00e0 double diaphragme<\/strong> et un <strong data-start=\"822\" data-end=\"867\">amplificateur int\u00e9gr\u00e9 \u00e0 haut rendement<\/strong>, Offrant une reproduction sonore puissante, claire et sans distorsion, ses basses sont profondes et pr\u00e9cises, id\u00e9ales pour ceux qui souhaitent ressentir la musique au-del\u00e0 de la simple \u00e9coute. Des rythmes urbains les plus intenses aux accords les plus doux, chaque genre musical prend vie avec un \u00e9quilibre parfait.<\/p>\n<h2 data-start=\"1158\" data-end=\"1206\"><strong data-start=\"1162\" data-end=\"1206\">Un design \u00e9l\u00e9gant, pens\u00e9 pour votre espace<\/strong><\/h2>\n<p data-start=\"1208\" data-end=\"1519\">Compact, robuste et esth\u00e9tiquement attrayant, le <strong data-start=\"1254\" data-end=\"1268\">AuraBass 2<\/strong> Elle associe des mat\u00e9riaux de haute qualit\u00e9 \u00e0 une structure solide qui r\u00e9duit les vibrations et am\u00e9liore la puret\u00e9 du son. Elle est parfaite pour votre bureau, votre salon ou m\u00eame votre configuration de jeu\u00a0: une touche de style qui offre \u00e9galement\u2026 <strong data-start=\"1491\" data-end=\"1518\">performance professionnelle<\/strong>.<\/p>\n<h2 data-start=\"1521\" data-end=\"1565\"><strong data-start=\"1525\" data-end=\"1565\">Connectivit\u00e9 compl\u00e8te pour votre confort<\/strong><\/h2>\n<p data-start=\"1567\" data-end=\"1844\">Avec <strong data-start=\"1571\" data-end=\"1588\">Bluetooth 5.0<\/strong>, <strong data-start=\"1590\" data-end=\"1610\">entr\u00e9e auxiliaire<\/strong> et <strong data-start=\"1613\" data-end=\"1627\">port USB<\/strong>, il <strong data-start=\"1632\" data-end=\"1646\">AuraBass 2<\/strong> Elle vous permet de connecter facilement n&#039;importe quel appareil et de profiter de votre musique sans limites. Basculez entre les sources d&#039;un simple geste et b\u00e9n\u00e9ficiez d&#039;une connexion stable et rapide, sans interruption.<\/p>\n<h2 data-start=\"1846\" data-end=\"1895\"><strong data-start=\"1850\" data-end=\"1895\">Performance durable et sans tracas<\/strong><\/h2>\n<p data-start=\"1897\" data-end=\"2174\">Merci \u00e0 votre <strong data-start=\"1910\" data-end=\"1939\">batterie longue dur\u00e9e<\/strong>, Profitez d&#039;heures de musique en continu sans vous soucier de la recharge. De plus, son syst\u00e8me de charge rapide vous permet de l&#039;utiliser \u00e0 nouveau en un rien de temps. Fiable, puissant et pr\u00eat \u00e0 vous accompagner partout.<\/p>","protected":false},"excerpt":{"rendered":"<p data-start=\"436\" data-end=\"691\">D\u00e9couvrez un son puissant avec le <strong data-start=\"479\" data-end=\"493\">AuraBass 2<\/strong>, Cette enceinte Bluetooth allie design \u00e9l\u00e9gant, basses profondes et son immersif. Gr\u00e2ce \u00e0 sa longue autonomie et sa connectivit\u00e9 compl\u00e8te, elle est id\u00e9ale pour profiter de votre musique partout.<\/p>","protected":false},"featured_media":10210,"comment_status":"open","ping_status":"closed","template":"","meta":{"_acf_changed":false},"product_brand":[287],"product_cat":[154,159],"product_tag":[],"class_list":{"0":"post-9528","1":"product","2":"type-product","3":"status-publish","4":"has-post-thumbnail","6":"product_brand-blackview","7":"product_cat-accesorios-blackview","8":"product_cat-ofertas","10":"first","11":"instock","12":"sale","13":"shipping-taxable","14":"purchasable","15":"product-type-variable","16":"has-default-attributes"},"acf":[],"_links":{"self":[{"href":"https:\/\/blackviewphones.com\/fr\/wp-json\/wp\/v2\/product\/9528","targetHints":{"allow":["GET"]}}],"collection":[{"href":"https:\/\/blackviewphones.com\/fr\/wp-json\/wp\/v2\/product"}],"about":[{"href":"https:\/\/blackviewphones.com\/fr\/wp-json\/wp\/v2\/types\/product"}],"replies":[{"embeddable":true,"href":"https:\/\/blackviewphones.com\/fr\/wp-json\/wp\/v2\/comments?post=9528"}],"version-history":[{"count":0,"href":"https:\/\/blackviewphones.com\/fr\/wp-json\/wp\/v2\/product\/9528\/revisions"}],"wp:featuredmedia":[{"embeddable":true,"href":"https:\/\/blackviewphones.com\/fr\/wp-json\/wp\/v2\/media\/10210"}],"wp:attachment":[{"href":"https:\/\/blackviewphones.com\/fr\/wp-json\/wp\/v2\/media?parent=9528"}],"wp:term":[{"taxonomy":"product_brand","embeddable":true,"href":"https:\/\/blackviewphones.com\/fr\/wp-json\/wp\/v2\/product_brand?post=9528"},{"taxonomy":"product_cat","embeddable":true,"href":"https:\/\/blackviewphones.com\/fr\/wp-json\/wp\/v2\/product_cat?post=9528"},{"taxonomy":"product_tag","embeddable":true,"href":"https:\/\/blackviewphones.com\/fr\/wp-json\/wp\/v2\/product_tag?post=9528"}],"curies":[{"name":"wp","href":"https:\/\/api.w.org\/{rel}","templated":true}]}}