

{"id":9320,"date":"2025-10-28T11:34:52","date_gmt":"2025-10-28T10:34:52","guid":{"rendered":"https:\/\/blackviewphones.com\/?post_type=product&#038;p=9320"},"modified":"2026-05-09T11:38:39","modified_gmt":"2026-05-09T09:38:39","slug":"batterie-oscal-bp3600","status":"publish","type":"product","link":"https:\/\/blackviewphones.com\/fr\/product\/oscal-bp3600-pack-bateria\/","title":{"rendered":"OSCAL BP3600 (Batterie)"},"content":{"rendered":"<h1 class=\"product_title entry-title\">OSCAL BP3600 (Batterie)<\/h1>\n<h4>\u27a1\ufe0f\ud83d\udce6 Nous avons 1 exemplaire en stock. Exp\u00e9dition sous 48 \u00e0 72 heures.<\/h4>\n<p data-start=\"1039\" data-end=\"1337\">\u00a0Il <strong data-start=\"1707\" data-end=\"1723\">OSCAL BP3600<\/strong> est le module qui donne une dur\u00e9e de vie illimit\u00e9e \u00e0 votre station PowerMax. Avec <strong data-start=\"1787\" data-end=\"1810\">3600 Wh suppl\u00e9mentaires<\/strong>, vous permet de transformer votre installation \u00e9nerg\u00e9tique modulaire en une centrale \u00e9lectrique robuste capable d&#039;alimenter des maisons, des outils ou des syst\u00e8mes de secours pendant des jours.<br data-start=\"1973\" data-end=\"1976\" \/>Un long voyage ? Un s\u00e9jour camping prolong\u00e9 ? Une panne de courant prolong\u00e9e ? Branchez simplement un ou plusieurs BP3600 et augmentez votre port\u00e9e sans avoir \u00e0 remplacer la base.<br data-start=\"2140\" data-end=\"2143\" \/>Avec la technologie <strong data-start=\"2158\" data-end=\"2169\">LiFePO\u2084<\/strong>, prend en charge jusqu&#039;\u00e0 <strong data-start=\"2185\" data-end=\"2200\">3500 cycles<\/strong> Il garantit stabilit\u00e9, efficacit\u00e9 et s\u00e9curit\u00e9. De plus, sa conception compacte et modulaire s&#039;int\u00e8gre parfaitement \u00e0 la gamme PowerMax 3600\/6000, permettant une capacit\u00e9 \u00e9nerg\u00e9tique \u00e9tendue jusqu&#039;\u00e0 57,6 kWh.<\/p>\n<h2>Caract\u00e9ristiques de l&#039;OSCAL BP3600<\/h2>\n<table style=\"height: 1300px;\" width=\"1355\">\n<tbody>\n<tr>\n<td>\n<h3 id=\"sec-design\" class=\"k-h3\">Caract\u00e9ristiques g\u00e9n\u00e9rales<\/h3>\n<\/td>\n<\/tr>\n<tr>\n<td><strong>Mod\u00e8le:<\/strong><\/td>\n<td>BP3600<\/td>\n<\/tr>\n<tr>\n<td><strong>Gars:<\/strong><\/td>\n<td>Module d&#039;extension de batterie<\/td>\n<\/tr>\n<tr>\n<td><strong>Capacit\u00e9:<\/strong><\/td>\n<td>3600 Wh<\/td>\n<\/tr>\n<tr>\n<td><strong>Compatibilit\u00e9:<\/strong><\/td>\n<td>Compatible avec les stations PowerMax (3600 \/ 6000)<\/td>\n<\/tr>\n<tr>\n<td><strong>Dimensions:<\/strong><\/td>\n<td>590 \u00d7 350 \u00d7 441 mm<\/td>\n<\/tr>\n<tr>\n<td><strong>Poids:<\/strong><\/td>\n<td>\u2248 37,7 kg<\/td>\n<\/tr>\n<tr>\n<td><strong>Type de batterie :<\/strong><\/td>\n<td>LiFePO\u2084 (LFP)<\/td>\n<\/tr>\n<tr>\n<td><strong>Cycles de vie :<\/strong><\/td>\n<td>\u2265 3500 cycles jusqu&#039;\u00e0 80 % capacit\u00e9<\/td>\n<\/tr>\n<tr>\n<td>\n<h3>Fonctionnement et conception modulaires<\/h3>\n<\/td>\n<\/tr>\n<tr>\n<td><strong>Conception modulaire :<\/strong><\/td>\n<td>Connexion en guirlande au syst\u00e8me PowerMax<\/td>\n<\/tr>\n<tr>\n<td><strong>Capacit\u00e9 modulaire maximale :<\/strong><\/td>\n<td>Jusqu&#039;\u00e0 57,6 kWh en combinant des modules<\/td>\n<\/tr>\n<tr>\n<td><strong>T\u00e9l\u00e9chargement\/t\u00e9l\u00e9chargement simultan\u00e9\u00a0:<\/strong><\/td>\n<td>Permet un fonctionnement ininterrompu avec la station principale<\/td>\n<\/tr>\n<tr>\n<td>\n<h3>Temp\u00e9rature et conditions<\/h3>\n<\/td>\n<\/tr>\n<tr>\n<td><strong>Temp\u00e9rature de refoulement :<\/strong><\/td>\n<td>-20\u00b0C \u00e0 55\u00b0C<\/td>\n<\/tr>\n<tr>\n<td><strong>Temp\u00e9rature de charge :<\/strong><\/td>\n<td>0 \u00b0C \u00e0 50 \u00b0C<\/td>\n<\/tr>\n<tr>\n<td>\n<h3>Autres caract\u00e9ristiques<\/h3>\n<\/td>\n<td>\n<ul>\n<li>Extension simple sans c\u00e2blage complexe<\/li>\n<li>Batterie longue dur\u00e9e<\/li>\n<li>Gestion int\u00e9gr\u00e9e de l&#039;alimentation (BMS)<\/li>\n<li>Prise en charge de plusieurs modules<\/li>\n<li>Syst\u00e8me s\u00fbr avec protection thermique et contre les surcharges<\/li>\n<\/ul>\n<\/td>\n<\/tr>\n<tr>\n<td><strong>Utilisation recommand\u00e9e :<\/strong><\/td>\n<td>Extension pour sauvegarde \u00e0 domicile, camping prolong\u00e9, alimentation modulaire<\/td>\n<\/tr>\n<tr>\n<td>\n<h3>Contenu du colis<\/h3>\n<\/td>\n<td><\/td>\n<\/tr>\n<tr>\n<td><strong>OSCAL BP3600<\/strong><\/td>\n<td><\/td>\n<\/tr>\n<tr>\n<td><strong>C\u00e2ble de raccordement modulaire<\/strong><\/td>\n<td><\/td>\n<\/tr>\n<tr>\n<td><strong>Manuel d&#039;utilisation<\/strong><\/td>\n<td><\/td>\n<\/tr>\n<\/tbody>\n<\/table>","protected":false},"excerpt":{"rendered":"<h4>\u27a1\ufe0f\ud83d\udce6 Nous avons 1 exemplaire en stock. Exp\u00e9dition sous 48 \u00e0 72 heures.<\/h4>\n<p>Il <strong data-start=\"1707\" data-end=\"1723\">OSCAL BP3600<\/strong> est le module qui donne une dur\u00e9e de vie illimit\u00e9e \u00e0 votre station PowerMax. Avec <strong data-start=\"1787\" data-end=\"1810\">3600 Wh suppl\u00e9mentaires<\/strong>, vous permet de transformer votre installation \u00e9nerg\u00e9tique modulaire en une centrale \u00e9lectrique robuste capable d&#039;alimenter des maisons, des outils ou des syst\u00e8mes de secours pendant des jours.<\/p>","protected":false},"featured_media":9322,"comment_status":"open","ping_status":"closed","template":"","meta":{"_acf_changed":false},"product_brand":[335],"product_cat":[336,339,338],"product_tag":[],"class_list":{"0":"post-9320","1":"product","2":"type-product","3":"status-publish","4":"has-post-thumbnail","6":"product_brand-oscal","7":"product_cat-estaciones-de-carga-portatil","8":"product_cat-otros-productos","9":"product_cat-productos","10":"product_shipping_class-productos-pesados","12":"first","13":"onbackorder","14":"sale","15":"shipping-taxable","16":"purchasable","17":"product-type-variable","18":"has-default-attributes"},"acf":[],"_links":{"self":[{"href":"https:\/\/blackviewphones.com\/fr\/wp-json\/wp\/v2\/product\/9320","targetHints":{"allow":["GET"]}}],"collection":[{"href":"https:\/\/blackviewphones.com\/fr\/wp-json\/wp\/v2\/product"}],"about":[{"href":"https:\/\/blackviewphones.com\/fr\/wp-json\/wp\/v2\/types\/product"}],"replies":[{"embeddable":true,"href":"https:\/\/blackviewphones.com\/fr\/wp-json\/wp\/v2\/comments?post=9320"}],"version-history":[{"count":0,"href":"https:\/\/blackviewphones.com\/fr\/wp-json\/wp\/v2\/product\/9320\/revisions"}],"wp:featuredmedia":[{"embeddable":true,"href":"https:\/\/blackviewphones.com\/fr\/wp-json\/wp\/v2\/media\/9322"}],"wp:attachment":[{"href":"https:\/\/blackviewphones.com\/fr\/wp-json\/wp\/v2\/media?parent=9320"}],"wp:term":[{"taxonomy":"product_brand","embeddable":true,"href":"https:\/\/blackviewphones.com\/fr\/wp-json\/wp\/v2\/product_brand?post=9320"},{"taxonomy":"product_cat","embeddable":true,"href":"https:\/\/blackviewphones.com\/fr\/wp-json\/wp\/v2\/product_cat?post=9320"},{"taxonomy":"product_tag","embeddable":true,"href":"https:\/\/blackviewphones.com\/fr\/wp-json\/wp\/v2\/product_tag?post=9320"}],"curies":[{"name":"wp","href":"https:\/\/api.w.org\/{rel}","templated":true}]}}