

{"id":9310,"date":"2025-10-28T11:28:45","date_gmt":"2025-10-28T10:28:45","guid":{"rendered":"https:\/\/blackviewphones.com\/?post_type=product&#038;p=9310"},"modified":"2026-05-08T14:04:36","modified_gmt":"2026-05-08T12:04:36","slug":"oscal-powermax-6000","status":"publish","type":"product","link":"https:\/\/blackviewphones.com\/fr\/product\/oscal-powermax-6000\/","title":{"rendered":"OSCAL PowerMax 6000"},"content":{"rendered":"<h1 class=\"product_title entry-title\">OSCAL PowerMax 6000<\/h1>\n<h4>\u27a1\ufe0f\ud83d\udce6 Ce produit a un d\u00e9lai de livraison minimum de 15 jours ouvrables, valable pour tous les modes de livraison.<\/h4>\n<p data-start=\"1039\" data-end=\"1337\">\u26a1Le <strong data-start=\"731\" data-end=\"754\">Oscal PowerMax 6000<\/strong> Il s&#039;agit d&#039;une solution d&#039;alimentation portable con\u00e7ue pour fournir une alimentation \u00e9lectrique stable et polyvalente. Elle comprend\u00a0: <strong data-start=\"869\" data-end=\"893\">Capacit\u00e9 de 3600 Wh<\/strong> et un <strong data-start=\"900\" data-end=\"930\">puissance nominale de 6000 W<\/strong>, en utilisant une batterie <strong data-start=\"954\" data-end=\"973\">Chimie du LiFePO\u2084<\/strong> et permettant une expansion jusqu&#039;\u00e0 <strong data-start=\"1016\" data-end=\"1043\">15 blocs-batteries<\/strong>, atteignant un maximum de <strong data-start=\"1069\" data-end=\"1082\">57 600 Wh<\/strong>.<\/p>\n<p data-start=\"1085\" data-end=\"1436\">Integra <strong data-start=\"1093\" data-end=\"1109\">4 prises de courant alternatif<\/strong>, Il est dot\u00e9 de sorties CC avec connecteurs Anderson, de plusieurs ports USB-A et USB-C, ainsi que d&#039;une prise allume-cigare, permettant de connecter divers appareils \u00e9lectriques. Son syst\u00e8me prend en charge <strong data-start=\"1305\" data-end=\"1335\">Puissance d&#039;entr\u00e9e CA jusqu&#039;\u00e0 1800 W<\/strong>, avec un temps de recharge approximatif de <strong data-start=\"1376\" data-end=\"1390\">1,96 heure<\/strong>, et soutient <strong data-start=\"1402\" data-end=\"1435\">charge avec fonction UPS<\/strong>.<\/p>\n<p data-start=\"1438\" data-end=\"1694\">L&#039;unit\u00e9 offre <strong data-start=\"1455\" data-end=\"1506\">Tension de sortie 120 V et 240 V (tension divis\u00e9e)<\/strong>, int\u00e8gre <strong data-start=\"1518\" data-end=\"1551\">Lampe LED fonctionnelle avec 5 modes<\/strong> et permet <strong data-start=\"1565\" data-end=\"1596\">contr\u00f4le via application<\/strong>, offrir une solution d&#039;alimentation portable flexible avec diff\u00e9rentes possibilit\u00e9s de connexion.<\/p>","protected":false},"excerpt":{"rendered":"<h4>\u27a1\ufe0f\ud83d\udce6 Ce produit a un d\u00e9lai de livraison minimum de 15 jours ouvrables, valable pour tous les modes de livraison.<\/h4>\n<p>\u26a1Le <strong data-start=\"309\" data-end=\"332\">Oscal PowerMax 6000<\/strong> Il s&#039;agit d&#039;une centrale \u00e9lectrique portable avec <strong data-start=\"373\" data-end=\"403\">Puissance nominale de 6000 W<\/strong> et <strong data-start=\"406\" data-end=\"430\">Capacit\u00e9 de 3600 Wh<\/strong>, pr\u00eat \u00e0 fournir de l&#039;\u00e9nergie dans <strong data-start=\"470\" data-end=\"487\">120 V et 240 V<\/strong>. Il poss\u00e8de plusieurs sorties AC, DC et USB., <strong data-start=\"532\" data-end=\"555\">recharge rapide en courant alternatif<\/strong>, fonction <strong data-start=\"565\" data-end=\"590\">Onduleur avec charge traversante<\/strong>, contr\u00f4le via application et <strong data-start=\"622\" data-end=\"653\">\u00c9clairage LED \u00e0 5 modes<\/strong>.<\/p>","protected":false},"featured_media":12024,"comment_status":"open","ping_status":"closed","template":"","meta":{"_acf_changed":false},"product_brand":[335],"product_cat":[336,339,338],"product_tag":[],"class_list":{"0":"post-9310","1":"product","2":"type-product","3":"status-publish","4":"has-post-thumbnail","6":"product_brand-oscal","7":"product_cat-estaciones-de-carga-portatil","8":"product_cat-otros-productos","9":"product_cat-productos","10":"product_shipping_class-productos-pesados","12":"first","13":"instock","14":"sale","15":"shipping-taxable","16":"purchasable","17":"product-type-variable","18":"has-default-attributes"},"acf":[],"_links":{"self":[{"href":"https:\/\/blackviewphones.com\/fr\/wp-json\/wp\/v2\/product\/9310","targetHints":{"allow":["GET"]}}],"collection":[{"href":"https:\/\/blackviewphones.com\/fr\/wp-json\/wp\/v2\/product"}],"about":[{"href":"https:\/\/blackviewphones.com\/fr\/wp-json\/wp\/v2\/types\/product"}],"replies":[{"embeddable":true,"href":"https:\/\/blackviewphones.com\/fr\/wp-json\/wp\/v2\/comments?post=9310"}],"version-history":[{"count":0,"href":"https:\/\/blackviewphones.com\/fr\/wp-json\/wp\/v2\/product\/9310\/revisions"}],"wp:featuredmedia":[{"embeddable":true,"href":"https:\/\/blackviewphones.com\/fr\/wp-json\/wp\/v2\/media\/12024"}],"wp:attachment":[{"href":"https:\/\/blackviewphones.com\/fr\/wp-json\/wp\/v2\/media?parent=9310"}],"wp:term":[{"taxonomy":"product_brand","embeddable":true,"href":"https:\/\/blackviewphones.com\/fr\/wp-json\/wp\/v2\/product_brand?post=9310"},{"taxonomy":"product_cat","embeddable":true,"href":"https:\/\/blackviewphones.com\/fr\/wp-json\/wp\/v2\/product_cat?post=9310"},{"taxonomy":"product_tag","embeddable":true,"href":"https:\/\/blackviewphones.com\/fr\/wp-json\/wp\/v2\/product_tag?post=9310"}],"curies":[{"name":"wp","href":"https:\/\/api.w.org\/{rel}","templated":true}]}}