

{"id":9257,"date":"2025-10-27T16:18:02","date_gmt":"2025-10-27T15:18:02","guid":{"rendered":"https:\/\/blackviewphones.com\/?post_type=product&#038;p=9257"},"modified":"2026-02-13T13:54:11","modified_gmt":"2026-02-13T12:54:11","slug":"batterie-oscal-bp1800","status":"publish","type":"product","link":"https:\/\/blackviewphones.com\/fr\/product\/oscal-bp1800-pack-bateria\/","title":{"rendered":"Oscal BP1800 (Batterie)"},"content":{"rendered":"<h1 class=\"product_title entry-title\">Oscal BP1800 (Batterie)<\/h1>\n<h4>\u27a1\ufe0f\ud83d\udce6 Ce produit a un d\u00e9lai de livraison minimum de 15 jours ouvrables.<\/h4>\n<p>La photo est du mod\u00e8le PowerMax1800, et le BP1800 est le mod\u00e8le modulaire qui \u00e9tend la batterie, mais nous n&#039;avons pas de photos officielles du BP1800.<\/p>\n<p>Aucune centrale \u00e9lectrique portable n&#039;est livr\u00e9e avec des panneaux solaires inclus, ils sont vendus s\u00e9par\u00e9ment dans notre magasin.<\/p>\n<p>Il <strong data-start=\"1202\" data-end=\"1218\">OSCAL BP1800<\/strong> est le compagnon id\u00e9al pour le <strong data-start=\"1247\" data-end=\"1264\">PowerMax 1800<\/strong>, con\u00e7u pour ceux qui ont besoin de plus d&#039;autonomie \u00e9nerg\u00e9tique sans complications.<br data-start=\"1342\" data-end=\"1345\" \/>En le connectant simplement gr\u00e2ce \u00e0 son syst\u00e8me modulaire, la capacit\u00e9 totale augmente de <strong data-start=\"1421\" data-end=\"1442\">1024 Wh \u00e0 2048 Wh<\/strong>, doublant ainsi la dur\u00e9e de fonctionnement de vos appareils en ext\u00e9rieur ou en cas d&#039;urgence.<\/p>\n<h2>Caract\u00e9ristiques de l&#039;OSCAL BP1800<\/h2>\n<table style=\"height: 1297px;\" width=\"1361\">\n<tbody>\n<tr>\n<td>\n<h3 id=\"sec-design\" class=\"k-h3\">Caract\u00e9ristiques g\u00e9n\u00e9rales<\/h3>\n<\/td>\n<\/tr>\n<tr>\n<td><strong>Mod\u00e8le:<\/strong><\/td>\n<td>BP1800<\/td>\n<\/tr>\n<tr>\n<td><strong>Gars:<\/strong><\/td>\n<td>Module d&#039;extension de batterie<\/td>\n<\/tr>\n<tr>\n<td><strong>Compatibilit\u00e9:<\/strong><\/td>\n<td>PowerMax 1800<\/td>\n<\/tr>\n<tr>\n<td><strong>Capacit\u00e9:<\/strong><\/td>\n<td>1024 Wh suppl\u00e9mentaires<\/td>\n<\/tr>\n<tr>\n<td><strong>Capacit\u00e9 totale combin\u00e9e :<\/strong><\/td>\n<td>2048 Wh (avec PowerMax 1800)<\/td>\n<\/tr>\n<tr>\n<td><strong>Type de batterie :<\/strong><\/td>\n<td>LiFePO\u2084<\/td>\n<\/tr>\n<tr>\n<td><strong>Cycles de vie :<\/strong><\/td>\n<td>\u2265 3500 cycles jusqu&#039;\u00e0 80 % capacit\u00e9<\/td>\n<\/tr>\n<tr>\n<td>\n<h3>Conception et fonctionnement<\/h3>\n<\/td>\n<\/tr>\n<tr>\n<td><strong>Connexion:<\/strong><\/td>\n<td>Modulaire direct, sans fil<\/td>\n<\/tr>\n<tr>\n<td><strong>Expansion:<\/strong><\/td>\n<td>Double la capacit\u00e9 \u00e9nerg\u00e9tique du syst\u00e8me PowerMax 1800<\/td>\n<\/tr>\n<tr>\n<td><strong>Utilisation principale :<\/strong><\/td>\n<td>Alimentation de secours \u00e0 domicile, camping, alimentation portable<\/td>\n<\/tr>\n<tr>\n<td>\n<h3>Autres caract\u00e9ristiques<\/h3>\n<\/td>\n<td>\n<ul>\n<li>Conception empilable et compacte<\/li>\n<li>Gestion intelligente de l&#039;alimentation (BMS int\u00e9gr\u00e9)<\/li>\n<li>Haute s\u00e9curit\u00e9 thermique et \u00e9lectrique<\/li>\n<li>Compatible avec la t\u00e9l\u00e9commande depuis l&#039;application PowerMax<\/li>\n<\/ul>\n<\/td>\n<\/tr>\n<tr>\n<td>\n<h3>Contenu du colis<\/h3>\n<\/td>\n<td><\/td>\n<\/tr>\n<tr>\n<td><strong>OSCAL BP1800<\/strong><\/td>\n<td><\/td>\n<\/tr>\n<tr>\n<td><strong>C\u00e2ble ou connecteur modulaire<\/strong><\/td>\n<td><\/td>\n<\/tr>\n<tr>\n<td><strong>Manuel d&#039;utilisation<\/strong><\/td>\n<\/tr>\n<\/tbody>\n<\/table>","protected":false},"excerpt":{"rendered":"<h4>\u27a1\ufe0f\ud83d\udce6 Ce produit a un d\u00e9lai de livraison minimum de 15 jours ouvrables.<\/h4>\n<p>La photo est du mod\u00e8le PowerMax1800, et le BP1800 est le mod\u00e8le modulaire qui \u00e9tend la batterie, mais nous n&#039;avons pas de photos officielles du BP1800.<\/p>\n<p>Aucune centrale \u00e9lectrique portable n&#039;est livr\u00e9e avec des panneaux solaires inclus, ils sont vendus s\u00e9par\u00e9ment dans notre magasin.<\/p>\n<p>Il <strong data-start=\"1202\" data-end=\"1218\">OSCAL BP1800<\/strong> est le compagnon id\u00e9al pour le <strong data-start=\"1247\" data-end=\"1264\">PowerMax 1800<\/strong>, con\u00e7u pour ceux qui ont besoin de plus d&#039;autonomie \u00e9nerg\u00e9tique sans complications.<br data-start=\"1342\" data-end=\"1345\" \/>En le connectant simplement gr\u00e2ce \u00e0 son syst\u00e8me modulaire, la capacit\u00e9 totale augmente de <strong data-start=\"1421\" data-end=\"1442\">1024 Wh \u00e0 2048 Wh<\/strong>, doublant ainsi la dur\u00e9e de fonctionnement de vos appareils en ext\u00e9rieur ou en cas d&#039;urgence.<\/p>","protected":false},"featured_media":9260,"comment_status":"open","ping_status":"closed","template":"","meta":{"_acf_changed":false},"product_brand":[335],"product_cat":[336,339,338],"product_tag":[],"class_list":{"0":"post-9257","1":"product","2":"type-product","3":"status-publish","4":"has-post-thumbnail","6":"product_brand-oscal","7":"product_cat-estaciones-de-carga-portatil","8":"product_cat-otros-productos","9":"product_cat-productos","10":"product_shipping_class-productos-pesados","12":"first","13":"instock","14":"sale","15":"shipping-taxable","16":"purchasable","17":"product-type-variable","18":"has-default-attributes"},"acf":[],"_links":{"self":[{"href":"https:\/\/blackviewphones.com\/fr\/wp-json\/wp\/v2\/product\/9257","targetHints":{"allow":["GET"]}}],"collection":[{"href":"https:\/\/blackviewphones.com\/fr\/wp-json\/wp\/v2\/product"}],"about":[{"href":"https:\/\/blackviewphones.com\/fr\/wp-json\/wp\/v2\/types\/product"}],"replies":[{"embeddable":true,"href":"https:\/\/blackviewphones.com\/fr\/wp-json\/wp\/v2\/comments?post=9257"}],"version-history":[{"count":0,"href":"https:\/\/blackviewphones.com\/fr\/wp-json\/wp\/v2\/product\/9257\/revisions"}],"wp:featuredmedia":[{"embeddable":true,"href":"https:\/\/blackviewphones.com\/fr\/wp-json\/wp\/v2\/media\/9260"}],"wp:attachment":[{"href":"https:\/\/blackviewphones.com\/fr\/wp-json\/wp\/v2\/media?parent=9257"}],"wp:term":[{"taxonomy":"product_brand","embeddable":true,"href":"https:\/\/blackviewphones.com\/fr\/wp-json\/wp\/v2\/product_brand?post=9257"},{"taxonomy":"product_cat","embeddable":true,"href":"https:\/\/blackviewphones.com\/fr\/wp-json\/wp\/v2\/product_cat?post=9257"},{"taxonomy":"product_tag","embeddable":true,"href":"https:\/\/blackviewphones.com\/fr\/wp-json\/wp\/v2\/product_tag?post=9257"}],"curies":[{"name":"wp","href":"https:\/\/api.w.org\/{rel}","templated":true}]}}