

{"id":9245,"date":"2025-10-27T16:05:37","date_gmt":"2025-10-27T15:05:37","guid":{"rendered":"https:\/\/blackviewphones.com\/?post_type=product&#038;p=9245"},"modified":"2026-04-10T18:24:05","modified_gmt":"2026-04-10T16:24:05","slug":"chargeur-de-voiture-electrique-oscal-ev7000","status":"publish","type":"product","link":"https:\/\/blackviewphones.com\/fr\/product\/cargador-de-coche-electricos-oscal-ev7000\/","title":{"rendered":"Chargeur de voiture \u00e9lectrique Oscal EV7000"},"content":{"rendered":"<h1 class=\"product_title entry-title\">Chargeur de voiture \u00e9lectrique Oscal EV7000<\/h1>\n<h4>\u27a1\ufe0f\ud83d\udce6 Ce produit a un d\u00e9lai de livraison minimum de 15 jours ouvrables.<\/h4>\n<p>Il <strong data-start=\"895\" data-end=\"911\">OSCAL EV7000<\/strong> est un chargeur de v\u00e9hicule \u00e9lectrique r\u00e9sidentiel con\u00e7u pour offrir <strong data-start=\"987\" data-end=\"1033\">performances, s\u00e9curit\u00e9 et contr\u00f4le complets<\/strong>. Avec une puissance maximale de <strong data-start=\"1062\" data-end=\"1070\">7 kW<\/strong> et une sortie de <strong data-start=\"1087\" data-end=\"1095\">32 A<\/strong>, vous pouvez recharger une batterie de 50 kWh en environ 7 heures, soit deux fois plus vite qu&#039;avec les chargeurs standard de 3,5 kW.<\/p>","protected":false},"excerpt":{"rendered":"<h4>\u27a1\ufe0f\ud83d\udce6 Ce produit a un d\u00e9lai de livraison minimum de 15 jours ouvrables.<\/h4>\n<p>\u26a1Comprend des fonctionnalit\u00e9s intelligentes telles que le contr\u00f4le des applications (Bluetooth\/Wi-Fi en option), la planification de la charge en dehors des heures de pointe et l&#039;acc\u00e8s par carte RFID.<\/p>\n<p>\u26a1De plus, son \u00e9clairage d&#039;ambiance indique l&#039;\u00e9tat de charge en temps r\u00e9el.<\/p>\n<p>\u26a1Fabriqu\u00e9 avec des mat\u00e9riaux ignifuges UL94-V0 et prot\u00e9g\u00e9 contre la surchauffe, l&#039;EV7000 allie style et s\u00e9curit\u00e9.<\/p>","protected":false},"featured_media":9247,"comment_status":"open","ping_status":"closed","template":"","meta":{"_acf_changed":false},"product_brand":[335],"product_cat":[338,340,336,339],"product_tag":[],"class_list":{"0":"post-9245","1":"product","2":"type-product","3":"status-publish","4":"has-post-thumbnail","6":"product_brand-oscal","7":"product_cat-productos","8":"product_cat-cargadores-electricos-para-vehiculos","9":"product_cat-estaciones-de-carga-portatil","10":"product_cat-otros-productos","11":"product_shipping_class-productos-pesados","13":"first","14":"instock","15":"sale","16":"shipping-taxable","17":"purchasable","18":"product-type-variable","19":"has-default-attributes"},"acf":[],"_links":{"self":[{"href":"https:\/\/blackviewphones.com\/fr\/wp-json\/wp\/v2\/product\/9245","targetHints":{"allow":["GET"]}}],"collection":[{"href":"https:\/\/blackviewphones.com\/fr\/wp-json\/wp\/v2\/product"}],"about":[{"href":"https:\/\/blackviewphones.com\/fr\/wp-json\/wp\/v2\/types\/product"}],"replies":[{"embeddable":true,"href":"https:\/\/blackviewphones.com\/fr\/wp-json\/wp\/v2\/comments?post=9245"}],"version-history":[{"count":0,"href":"https:\/\/blackviewphones.com\/fr\/wp-json\/wp\/v2\/product\/9245\/revisions"}],"wp:featuredmedia":[{"embeddable":true,"href":"https:\/\/blackviewphones.com\/fr\/wp-json\/wp\/v2\/media\/9247"}],"wp:attachment":[{"href":"https:\/\/blackviewphones.com\/fr\/wp-json\/wp\/v2\/media?parent=9245"}],"wp:term":[{"taxonomy":"product_brand","embeddable":true,"href":"https:\/\/blackviewphones.com\/fr\/wp-json\/wp\/v2\/product_brand?post=9245"},{"taxonomy":"product_cat","embeddable":true,"href":"https:\/\/blackviewphones.com\/fr\/wp-json\/wp\/v2\/product_cat?post=9245"},{"taxonomy":"product_tag","embeddable":true,"href":"https:\/\/blackviewphones.com\/fr\/wp-json\/wp\/v2\/product_tag?post=9245"}],"curies":[{"name":"wp","href":"https:\/\/api.w.org\/{rel}","templated":true}]}}