

{"id":9241,"date":"2025-10-27T15:55:26","date_gmt":"2025-10-27T14:55:26","guid":{"rendered":"https:\/\/blackviewphones.com\/?post_type=product&#038;p=9241"},"modified":"2026-02-26T16:05:53","modified_gmt":"2026-02-26T15:05:53","slug":"panneau-solaire-portable-oscal-pm200-pro-200w","status":"publish","type":"product","link":"https:\/\/blackviewphones.com\/fr\/product\/oscal-pm200-pro-panel-solar-portatil-de-200w\/","title":{"rendered":"Oscal PM200 Pro \u2013 Panneau solaire portable 200 W"},"content":{"rendered":"<h1 class=\"product_title entry-title\">Oscal PM200 Pro \u2013 Panneau solaire portable 200 W<\/h1>\n<h3 class=\"product_title entry-title\">Monocristallin \u00e0 haut rendement<\/h3>\n<h4>\u27a1\ufe0f\ud83d\udce6 Ce produit a un d\u00e9lai de livraison minimum de 15 jours ouvrables.<\/h4>\n<p>Il <strong data-start=\"644\" data-end=\"663\">Oscal PM200 Pro<\/strong> est un panneau solaire portable haute performance con\u00e7u pour ceux qui recherchent une \u00e9nergie propre et fiable, o\u00f9 qu&#039;ils soient. Avec son <strong data-start=\"792\" data-end=\"820\">Puissance maximale de 200 W<\/strong> et les cellules <strong data-start=\"830\" data-end=\"877\">monocristallin \u00e0 haut rendement (\u226521,7%)<\/strong>, Ce panneau convertit la lumi\u00e8re du soleil en \u00e9nergie utile m\u00eame dans des conditions moins favorables.<\/p>\n<h2>Caract\u00e9ristiques de l&#039;OSCAL PM200 Pro<\/h2>\n<table style=\"height: 463px;\" width=\"1321\">\n<tbody>\n<tr>\n<td>\n<h3>Caract\u00e9ristiques g\u00e9n\u00e9rales<\/h3>\n<\/td>\n<\/tr>\n<tr>\n<td><strong>Mod\u00e8le:<\/strong><\/td>\n<td>PM 200 Pro<\/td>\n<\/tr>\n<tr>\n<td><strong>Puissance maximale (ppm) :<\/strong><\/td>\n<td>200 W \u00b1 5%<\/td>\n<\/tr>\n<tr>\n<td><strong>Courant maximal (Im) :<\/strong><\/td>\n<td>9,52 A \u00b1 5%<\/td>\n<\/tr>\n<tr>\n<td><strong>Tension maximale (Vm) :<\/strong><\/td>\n<td>21 V \u00b1 5%<\/td>\n<\/tr>\n<tr>\n<td><strong>Tension en circuit ouvert :<\/strong><\/td>\n<td>25,2 V \u00b1 5%<\/td>\n<\/tr>\n<tr>\n<td><strong>Courant de court-circuit :<\/strong><\/td>\n<td>11,42 A \u00b1 5%<\/td>\n<\/tr>\n<tr>\n<td><strong>Lamination cellulaire :<\/strong><\/td>\n<td>ETFE<\/td>\n<\/tr>\n<tr>\n<td><strong>Type de cellule :<\/strong><\/td>\n<td>silicium monocristallin<\/td>\n<\/tr>\n<tr>\n<td><strong>Efficacit\u00e9 de la transformation :<\/strong><\/td>\n<td>\u226521,7%<\/td>\n<\/tr>\n<tr>\n<td><strong>Temp\u00e9rature de fonctionnement :<\/strong><\/td>\n<td>-10\u2103 ~ +65\u2103<\/td>\n<\/tr>\n<tr>\n<td><strong>Poids du produit :<\/strong><\/td>\n<td>7 kg \u00b11 kg<\/td>\n<\/tr>\n<tr>\n<td><strong>Dimensions (d\u00e9pli\u00e9) :<\/strong><\/td>\n<td>2349 \u00d7 536 \u00d7 25 mm<\/td>\n<\/tr>\n<tr>\n<td><strong>Dimensions (pli\u00e9) :<\/strong><\/td>\n<td>536 \u00d7 618 \u00d7 54 mm<\/td>\n<\/tr>\n<\/tbody>\n<\/table>","protected":false},"excerpt":{"rendered":"<h4>\u27a1\ufe0f\ud83d\udce6 Ce produit a un d\u00e9lai de livraison minimum de 15 jours ouvrables.<\/h4>\n<p>\u26a1Merci \u00e0 votre <strong data-start=\"986\" data-end=\"1003\">Stratifi\u00e9 ETFE<\/strong> et sa conception <strong data-start=\"1016\" data-end=\"1028\">pliant<\/strong>, est robuste, durable et facile \u00e0 transporter. Sa structure compacte et son poids de seulement 7 kg le rendent id\u00e9al pour <strong data-start=\"1144\" data-end=\"1250\">Camping, camping-car, urgences ou utilisation quotidienne avec des stations portables comme l&#039;Oscal PowerMax<\/strong>.<\/p>\n<p data-start=\"1255\" data-end=\"1413\">Il <strong data-start=\"1258\" data-end=\"1271\">PM200 Pro<\/strong> garantit stabilit\u00e9, s\u00e9curit\u00e9 et efficacit\u00e9 \u00e9nerg\u00e9tique \u00e0 tout moment, vous permettant de garder vos appareils charg\u00e9s o\u00f9 que vous soyez.<\/p>","protected":false},"featured_media":9243,"comment_status":"open","ping_status":"closed","template":"","meta":{"_acf_changed":false},"product_brand":[335],"product_cat":[338,336,339,337],"product_tag":[],"class_list":{"0":"post-9241","1":"product","2":"type-product","3":"status-publish","4":"has-post-thumbnail","6":"product_brand-oscal","7":"product_cat-productos","8":"product_cat-estaciones-de-carga-portatil","9":"product_cat-otros-productos","10":"product_cat-paneles-solares","11":"product_shipping_class-productos-pesados","13":"first","14":"instock","15":"sale","16":"shipping-taxable","17":"purchasable","18":"product-type-variable","19":"has-default-attributes"},"acf":[],"_links":{"self":[{"href":"https:\/\/blackviewphones.com\/fr\/wp-json\/wp\/v2\/product\/9241","targetHints":{"allow":["GET"]}}],"collection":[{"href":"https:\/\/blackviewphones.com\/fr\/wp-json\/wp\/v2\/product"}],"about":[{"href":"https:\/\/blackviewphones.com\/fr\/wp-json\/wp\/v2\/types\/product"}],"replies":[{"embeddable":true,"href":"https:\/\/blackviewphones.com\/fr\/wp-json\/wp\/v2\/comments?post=9241"}],"version-history":[{"count":0,"href":"https:\/\/blackviewphones.com\/fr\/wp-json\/wp\/v2\/product\/9241\/revisions"}],"wp:featuredmedia":[{"embeddable":true,"href":"https:\/\/blackviewphones.com\/fr\/wp-json\/wp\/v2\/media\/9243"}],"wp:attachment":[{"href":"https:\/\/blackviewphones.com\/fr\/wp-json\/wp\/v2\/media?parent=9241"}],"wp:term":[{"taxonomy":"product_brand","embeddable":true,"href":"https:\/\/blackviewphones.com\/fr\/wp-json\/wp\/v2\/product_brand?post=9241"},{"taxonomy":"product_cat","embeddable":true,"href":"https:\/\/blackviewphones.com\/fr\/wp-json\/wp\/v2\/product_cat?post=9241"},{"taxonomy":"product_tag","embeddable":true,"href":"https:\/\/blackviewphones.com\/fr\/wp-json\/wp\/v2\/product_tag?post=9241"}],"curies":[{"name":"wp","href":"https:\/\/api.w.org\/{rel}","templated":true}]}}