

{"id":9234,"date":"2025-10-27T15:48:18","date_gmt":"2025-10-27T14:48:18","guid":{"rendered":"https:\/\/blackviewphones.com\/?post_type=product&#038;p=9234"},"modified":"2026-04-21T17:24:08","modified_gmt":"2026-04-21T15:24:08","slug":"panneau-solaire-portable-oscal-pm400-pro-400-w","status":"publish","type":"product","link":"https:\/\/blackviewphones.com\/fr\/product\/oscal-pm400-pro-panel-solar-portatil-de-400w\/","title":{"rendered":"Oscal PM400 Pro \u2013 Panneau solaire portable 400 W"},"content":{"rendered":"<h1 class=\"product_title entry-title\">Oscal PM400 Pro \u2013 Panneau solaire portable 400 W<\/h1>\n<h3 class=\"product_title entry-title\">Monocristallin \u00e0 haut rendement<\/h3>\n<h4>\u27a1\ufe0f\ud83d\udce6 Ce produit a un d\u00e9lai de livraison minimum de 15 jours ouvrables.<\/h4>\n<p>Avec une puissance allant jusqu&#039;\u00e0 400 W, des cellules monocristallines \u00e0 haut rendement et un rev\u00eatement ETFE, elles sont con\u00e7ues pour des performances ext\u00e9rieures exceptionnelles et id\u00e9ales pour les centrales \u00e9lectriques portables.<\/p>\n<h2>Caract\u00e9ristiques du panneau solaire portable Oscal PM400 Pro 400 W<\/h2>\n<table style=\"height: 473px;\" width=\"1326\">\n<tbody>\n<tr>\n<td>\n<h3 class=\"k-h3\">Caract\u00e9ristiques g\u00e9n\u00e9rales<\/h3>\n<\/td>\n<\/tr>\n<tr>\n<td><strong>Mod\u00e8le:<\/strong><\/td>\n<td>PM400 Pro<\/td>\n<\/tr>\n<tr>\n<td><strong>Puissance maximale (Pmax) :<\/strong><\/td>\n<td>400 W \u00b1 5%<\/td>\n<\/tr>\n<tr>\n<td><strong>Courant \u00e0 puissance maximale (Im) :<\/strong><\/td>\n<td>10,1 A \u00b1 5%<\/td>\n<\/tr>\n<tr>\n<td><strong>Tension \u00e0 puissance maximale (Vm) :<\/strong><\/td>\n<td>39,6 V \u00b1 5%<\/td>\n<\/tr>\n<tr>\n<td><strong>Tension en circuit ouvert (Voc) :<\/strong><\/td>\n<td>47,52 V \u00b1 5%<\/td>\n<\/tr>\n<tr>\n<td><strong>Courant de court-circuit (Isc) :<\/strong><\/td>\n<td>11,11 A \u00b1 5%<\/td>\n<\/tr>\n<tr>\n<td><strong>Lamination cellulaire :<\/strong><\/td>\n<td>ETFE<\/td>\n<\/tr>\n<tr>\n<td><strong>Type de cellule :<\/strong><\/td>\n<td>Silicium monocristallin<\/td>\n<\/tr>\n<tr>\n<td><strong>Efficacit\u00e9 de conversion :<\/strong><\/td>\n<td>\u226522,7%<\/td>\n<\/tr>\n<tr>\n<td><strong>Temp\u00e9rature de fonctionnement :<\/strong><\/td>\n<td>-10 \u00b0C ~ +65 \u00b0C<\/td>\n<\/tr>\n<tr>\n<td><strong>Poids:<\/strong><\/td>\n<td>17 kg \u00b11 kg<\/td>\n<\/tr>\n<tr>\n<td><strong>Dimensions (d\u00e9pli\u00e9) :<\/strong><\/td>\n<td>2333 \u00d7 1048 \u00d7 25 mm<\/td>\n<\/tr>\n<tr>\n<td><strong>Dimensions (pli\u00e9) :<\/strong><\/td>\n<td>532 \u00d7 1000 \u00d7 63 mm<\/td>\n<\/tr>\n<\/tbody>\n<\/table>","protected":false},"excerpt":{"rendered":"<h4>\u27a1\ufe0f\ud83d\udce6 Ce produit a un d\u00e9lai de livraison minimum de 15 jours ouvrables.<\/h4>\n<p>Il <strong data-start=\"1258\" data-end=\"1271\">PM400 Pro<\/strong> garantit stabilit\u00e9, s\u00e9curit\u00e9 et efficacit\u00e9 \u00e9nerg\u00e9tique \u00e0 tout moment, vous permettant de garder vos appareils charg\u00e9s o\u00f9 que vous soyez.<\/p>","protected":false},"featured_media":9238,"comment_status":"open","ping_status":"closed","template":"","meta":{"_acf_changed":false},"product_brand":[335],"product_cat":[338,336,339,337],"product_tag":[],"class_list":{"0":"post-9234","1":"product","2":"type-product","3":"status-publish","4":"has-post-thumbnail","6":"product_brand-oscal","7":"product_cat-productos","8":"product_cat-estaciones-de-carga-portatil","9":"product_cat-otros-productos","10":"product_cat-paneles-solares","11":"product_shipping_class-productos-pesados","13":"first","14":"onbackorder","15":"sale","16":"shipping-taxable","17":"purchasable","18":"product-type-variable","19":"has-default-attributes"},"acf":[],"_links":{"self":[{"href":"https:\/\/blackviewphones.com\/fr\/wp-json\/wp\/v2\/product\/9234","targetHints":{"allow":["GET"]}}],"collection":[{"href":"https:\/\/blackviewphones.com\/fr\/wp-json\/wp\/v2\/product"}],"about":[{"href":"https:\/\/blackviewphones.com\/fr\/wp-json\/wp\/v2\/types\/product"}],"replies":[{"embeddable":true,"href":"https:\/\/blackviewphones.com\/fr\/wp-json\/wp\/v2\/comments?post=9234"}],"version-history":[{"count":0,"href":"https:\/\/blackviewphones.com\/fr\/wp-json\/wp\/v2\/product\/9234\/revisions"}],"wp:featuredmedia":[{"embeddable":true,"href":"https:\/\/blackviewphones.com\/fr\/wp-json\/wp\/v2\/media\/9238"}],"wp:attachment":[{"href":"https:\/\/blackviewphones.com\/fr\/wp-json\/wp\/v2\/media?parent=9234"}],"wp:term":[{"taxonomy":"product_brand","embeddable":true,"href":"https:\/\/blackviewphones.com\/fr\/wp-json\/wp\/v2\/product_brand?post=9234"},{"taxonomy":"product_cat","embeddable":true,"href":"https:\/\/blackviewphones.com\/fr\/wp-json\/wp\/v2\/product_cat?post=9234"},{"taxonomy":"product_tag","embeddable":true,"href":"https:\/\/blackviewphones.com\/fr\/wp-json\/wp\/v2\/product_tag?post=9234"}],"curies":[{"name":"wp","href":"https:\/\/api.w.org\/{rel}","templated":true}]}}