

{"id":9221,"date":"2025-10-27T15:34:49","date_gmt":"2025-10-27T14:34:49","guid":{"rendered":"https:\/\/blackviewphones.com\/?post_type=product&#038;p=9221"},"modified":"2026-03-24T17:52:46","modified_gmt":"2026-03-24T16:52:46","slug":"oscal-powermax-2400","status":"publish","type":"product","link":"https:\/\/blackviewphones.com\/fr\/product\/oscal-powermax-2400\/","title":{"rendered":"OSCAL PowerMax 2400"},"content":{"rendered":"<h1 class=\"product_title entry-title\">OSCAL PowerMax 2400<\/h1>\n<h4>\u27a1\ufe0f\ud83d\udce6 Ce produit a un d\u00e9lai de livraison minimum de 30 jours ouvrables.<\/h4>\n<p data-start=\"1707\" data-end=\"2076\">\u2728 Le <strong data-start=\"1710\" data-end=\"1733\">OSCAL PowerMax 2400<\/strong> combine puissance, portabilit\u00e9 et polyvalence dans une centrale \u00e9lectrique sup\u00e9rieure. Avec <strong data-start=\"1821\" data-end=\"1851\">Capacit\u00e9 de base de 1 872 Wh<\/strong> et un investisseur de <strong data-start=\"1869\" data-end=\"1896\">2400 W (4800 W cr\u00eate)<\/strong>, vous pouvez alimenter des r\u00e9frig\u00e9rateurs, des outils \u00e9lectriques, des syst\u00e8mes d&#039;\u00e9clairage et m\u00eame des syst\u00e8mes d&#039;\u00e9clairage domestiques en toute confiance.<\/p>\n<p data-start=\"2078\" data-end=\"2398\">Un long voyage en van ? Une randonn\u00e9e nature ? Une panne de courant impr\u00e9vue \u00e0 la maison ? Le PowerMax 2400 est le compagnon id\u00e9al. Gr\u00e2ce \u00e0 sa conception modulaire, vous pouvez l&#039;\u00e9tendre jusqu&#039;\u00e0 100 % avec des modules BP2400. <strong data-start=\"2290\" data-end=\"2303\">20,592 Wh<\/strong>, obtenant des jours ou des semaines d&#039;autonomie sans souci.<\/p>\n<p data-start=\"2400\" data-end=\"2989\">La charge rapide est \u00e0 votre port\u00e9e : rechargez-la \u00e0 la <strong data-start=\"2449\" data-end=\"2477\">80 % en seulement 1,6 heure<\/strong> en utilisant le courant alternatif (jusqu&#039;\u00e0 ~1 400 W) ou l&#039;\u00e9nergie solaire (jusqu&#039;\u00e0 800 W) en environ 2,8 heures.<br data-start=\"2611\" data-end=\"2614\" \/>Il comprend une grande vari\u00e9t\u00e9 de sorties : 4 prises CA, USB-C 100 W, USB-A, DC5521, port voiture et connecteur Anderson.<br data-start=\"2771\" data-end=\"2774\" \/>Sa batterie LiFePO\u2084 garantit plus de <strong data-start=\"2810\" data-end=\"2826\">3 500 cycles<\/strong> Jusqu&#039;\u00e0 80 capacit\u00e9s %, prise en charge BMS compl\u00e8te et fonctionnement s\u00fbr dans une plage de temp\u00e9rature de \u201320\u00b0C \u00e0 45\u00b0C.<\/p>\n<h2>Caract\u00e9ristiques OSCAL PowerMax 2400<\/h2>\n<table style=\"height: 1325px;\" width=\"1358\">\n<tbody>\n<tr>\n<td>\n<h3 id=\"sec-design\" class=\"k-h3\">Caract\u00e9ristiques g\u00e9n\u00e9rales<\/h3>\n<\/td>\n<\/tr>\n<tr>\n<td><strong>Mod\u00e8le:<\/strong><\/td>\n<td>PowerMax 2400<\/td>\n<\/tr>\n<tr>\n<td><strong>Gars:<\/strong><\/td>\n<td>Centrale \u00e9lectrique portable<\/td>\n<\/tr>\n<tr>\n<td><strong>Capacit\u00e9 de base :<\/strong><\/td>\n<td>1,872 Wh<\/td>\n<\/tr>\n<tr>\n<td><strong>Puissance de sortie CA :<\/strong><\/td>\n<td>2\u00a0400 W (cr\u00eate 4\u00a0800 W)<\/td>\n<\/tr>\n<tr>\n<td><strong>Dimensions:<\/strong><\/td>\n<td>47 \u00d7 29 \u00d7 32,6 cm<\/td>\n<\/tr>\n<tr>\n<td><strong>Poids:<\/strong><\/td>\n<td>25,5 kg<\/td>\n<\/tr>\n<tr>\n<td><strong>Type de batterie :<\/strong><\/td>\n<td>LiFePO\u2084<\/td>\n<\/tr>\n<tr>\n<td><strong>Cycles de vie :<\/strong><\/td>\n<td>\u2265 3 500 cycles jusqu&#039;\u00e0 80 % capacit\u00e9<\/td>\n<\/tr>\n<tr>\n<td>\n<h3>Chargement \/ Entr\u00e9es<\/h3>\n<\/td>\n<\/tr>\n<tr>\n<td><strong>Entr\u00e9e CA :<\/strong><\/td>\n<td>Jusqu&#039;\u00e0 ~1\u00a0400 W (\u2248 1,6 h pour une charge compl\u00e8te)<\/td>\n<\/tr>\n<tr>\n<td><strong>Apport solaire (PV) :<\/strong><\/td>\n<td>Jusqu&#039;\u00e0 800 W (\u2248 2,8 h pour une charge compl\u00e8te)<\/td>\n<\/tr>\n<tr>\n<td><strong>Entr\u00e9e voiture (12V \/ 24V) :<\/strong><\/td>\n<td>18 h (12 V) \/ 9 h (24 V)<\/td>\n<\/tr>\n<tr>\n<td>\n<h3>D\u00e9parts \/ Ports<\/h3>\n<\/td>\n<\/tr>\n<tr>\n<td><strong>Prises secteur :<\/strong><\/td>\n<td>4 prises secteur (2\u00a0400 W au total)<\/td>\n<\/tr>\n<tr>\n<td><strong>USB-C :<\/strong><\/td>\n<td>2 \u00d7 100 W<\/td>\n<\/tr>\n<tr>\n<td><strong>USB-A :<\/strong><\/td>\n<td>4 \u00d7 18 W<\/td>\n<\/tr>\n<tr>\n<td><strong>DC 5521 :<\/strong><\/td>\n<td>2 \u00d7 60 W<\/td>\n<\/tr>\n<tr>\n<td><strong>Cigarette \/ voiture :<\/strong><\/td>\n<td>1 \u00d7 240 W<\/td>\n<\/tr>\n<tr>\n<td><strong>Anderson :<\/strong><\/td>\n<td>1 \u00d7 240 W<\/td>\n<\/tr>\n<tr>\n<td>\n<h3>Temp\u00e9rature de fonctionnement<\/h3>\n<\/td>\n<\/tr>\n<tr>\n<td><strong>D\u00e9charge:<\/strong><\/td>\n<td>-20 \u00b0C \u00e0 45 \u00b0C<\/td>\n<\/tr>\n<tr>\n<td><strong>Chargement\/Stockage :<\/strong><\/td>\n<td>(voir plage dans le manuel \u201310 \u00b0C \u00e0 45 \u00b0C sugg\u00e9r\u00e9e)<\/td>\n<\/tr>\n<tr>\n<td>\n<h3>Autres caract\u00e9ristiques<\/h3>\n<\/td>\n<td>\n<ul>\n<li>Extension modulaire jusqu&#039;\u00e0 20 592 Wh avec les modules BP2400<\/li>\n<li>Commutation UPS en 0,01 s<\/li>\n<li>Syst\u00e8me de gestion de batterie (BMS) avec protection contre les surcharges, la surchauffe et les courts-circuits<\/li>\n<li>Capacit\u00e9 de charge simultan\u00e9e (CA + solaire)<\/li>\n<li>Conception robuste pour les environnements ext\u00e9rieurs<\/li>\n<\/ul>\n<\/td>\n<\/tr>\n<tr>\n<td><strong>Utilisation recommand\u00e9e :<\/strong><\/td>\n<td>Voyages, camping prolong\u00e9, sauvegarde de la maison, projets de plein air<\/td>\n<\/tr>\n<tr>\n<td>\n<h3>Contenu du colis<\/h3>\n<\/td>\n<td><\/td>\n<\/tr>\n<tr>\n<td><strong>OSCAL PowerMax 2400<\/strong><\/td>\n<td><\/td>\n<\/tr>\n<tr>\n<td><strong>C\u00e2ble de charge CA<\/strong><\/td>\n<td><\/td>\n<\/tr>\n<tr>\n<td><strong>C\u00e2ble solaire (PV)<\/strong><\/td>\n<td><\/td>\n<\/tr>\n<tr>\n<td><strong>C\u00e2ble \/ adaptateur de voiture<\/strong><\/td>\n<td><\/td>\n<\/tr>\n<tr>\n<td><strong>Manuel d&#039;utilisation<\/strong><\/td>\n<\/tr>\n<\/tbody>\n<\/table>","protected":false},"excerpt":{"rendered":"<h4>\u27a1\ufe0f\ud83d\udce6 Ce produit a un d\u00e9lai de livraison minimum de 30 jours ouvrables.<\/h4>\n<p>\u2728 Le <strong data-start=\"1710\" data-end=\"1733\">OSCAL PowerMax 2400<\/strong> combine puissance, portabilit\u00e9 et polyvalence dans une centrale \u00e9lectrique sup\u00e9rieure. Avec <strong data-start=\"1821\" data-end=\"1851\">Capacit\u00e9 de base de 1 872 Wh<\/strong> et un investisseur de <strong data-start=\"1869\" data-end=\"1896\">2400 W (4800 W cr\u00eate)<\/strong>, vous pouvez alimenter des r\u00e9frig\u00e9rateurs, des outils \u00e9lectriques, des syst\u00e8mes d&#039;\u00e9clairage et m\u00eame des syst\u00e8mes d&#039;\u00e9clairage domestiques en toute confiance.<\/p>","protected":false},"featured_media":9223,"comment_status":"open","ping_status":"closed","template":"","meta":{"_acf_changed":false},"product_brand":[335],"product_cat":[336],"product_tag":[],"class_list":{"0":"post-9221","1":"product","2":"type-product","3":"status-publish","4":"has-post-thumbnail","6":"product_brand-oscal","7":"product_cat-estaciones-de-carga-portatil","8":"product_shipping_class-productos-pesados","10":"first","11":"instock","12":"sale","13":"shipping-taxable","14":"purchasable","15":"product-type-variable","16":"has-default-attributes"},"acf":[],"_links":{"self":[{"href":"https:\/\/blackviewphones.com\/fr\/wp-json\/wp\/v2\/product\/9221","targetHints":{"allow":["GET"]}}],"collection":[{"href":"https:\/\/blackviewphones.com\/fr\/wp-json\/wp\/v2\/product"}],"about":[{"href":"https:\/\/blackviewphones.com\/fr\/wp-json\/wp\/v2\/types\/product"}],"replies":[{"embeddable":true,"href":"https:\/\/blackviewphones.com\/fr\/wp-json\/wp\/v2\/comments?post=9221"}],"version-history":[{"count":0,"href":"https:\/\/blackviewphones.com\/fr\/wp-json\/wp\/v2\/product\/9221\/revisions"}],"wp:featuredmedia":[{"embeddable":true,"href":"https:\/\/blackviewphones.com\/fr\/wp-json\/wp\/v2\/media\/9223"}],"wp:attachment":[{"href":"https:\/\/blackviewphones.com\/fr\/wp-json\/wp\/v2\/media?parent=9221"}],"wp:term":[{"taxonomy":"product_brand","embeddable":true,"href":"https:\/\/blackviewphones.com\/fr\/wp-json\/wp\/v2\/product_brand?post=9221"},{"taxonomy":"product_cat","embeddable":true,"href":"https:\/\/blackviewphones.com\/fr\/wp-json\/wp\/v2\/product_cat?post=9221"},{"taxonomy":"product_tag","embeddable":true,"href":"https:\/\/blackviewphones.com\/fr\/wp-json\/wp\/v2\/product_tag?post=9221"}],"curies":[{"name":"wp","href":"https:\/\/api.w.org\/{rel}","templated":true}]}}