

{"id":9192,"date":"2025-10-27T09:49:12","date_gmt":"2025-10-27T08:49:12","guid":{"rendered":"https:\/\/blackviewphones.com\/?post_type=product&#038;p=9192"},"modified":"2026-04-09T13:14:22","modified_gmt":"2026-04-09T11:14:22","slug":"oscal-powermax-3600","status":"publish","type":"product","link":"https:\/\/blackviewphones.com\/fr\/product\/oscal-powermax-3600\/","title":{"rendered":"OSCAL PowerMax 3600"},"content":{"rendered":"<h1 class=\"product_title entry-title\">OSCAL PowerMax 3600<\/h1>\n<h4>\u27a1\ufe0f\ud83d\udce6 Ce produit a un d\u00e9lai de livraison minimum de 15 jours ouvrables.<\/h4>\n<p id=\"title\" class=\"a-size-large a-spacing-none\">L&#039;OSCAL PowerMax 3600 allie une capacit\u00e9 de 3600 Wh \u00e0 une batterie lithium fer phosphate (LiFePO4) offrant plus de 3\u00a0500 cycles de vie. Sa puissance de sortie continue de 3600 W (7\u00a0200 W en cr\u00eate) lui permet d&#039;alimenter en toute s\u00e9curit\u00e9 outils, appareils \u00e9lectrom\u00e9nagers et appareils \u00e9lectroniques gr\u00e2ce \u00e0 son onde sinuso\u00efdale pure. Il int\u00e8gre des entr\u00e9es CA et solaire (jusqu&#039;\u00e0 2\u00a0200 W et 1\u00a0600 W respectivement) qui, combin\u00e9es, permettent une charge compl\u00e8te en 1,2 heure. Il dispose d&#039;une grande vari\u00e9t\u00e9 de ports\u00a0: 4 prises CA, USB-C 100 W, USB-A, Anderson et DC 5521, entre autres. Son syst\u00e8me intelligent de gestion de batterie garantit s\u00e9curit\u00e9 et performances m\u00eame dans des conditions de temp\u00e9ratures extr\u00eames. Avec sa conception robuste, ses roulettes int\u00e9gr\u00e9es, ses certifications internationales et sa garantie de 4 ans, le PowerMax 3600 est une solution d&#039;alimentation polyvalente et fiable.<\/p>","protected":false},"excerpt":{"rendered":"<h4>\u27a1\ufe0f\ud83d\udce6 Ce produit a un d\u00e9lai de livraison minimum de 15 jours ouvrables.<\/h4>\n<p><strong>Centrale \u00e9lectrique portable<\/strong> avec batterie LiFePO4 3600Wh, sortie 3600W et plusieurs ports AC, USB et DC.<\/p>\n<p>Id\u00e9al pour le camping, le travail en ext\u00e9rieur ou la sauvegarde \u00e0 domicile.<\/p>","protected":false},"featured_media":9205,"comment_status":"closed","ping_status":"closed","template":"","meta":{"_acf_changed":false},"product_brand":[335],"product_cat":[336],"product_tag":[],"class_list":{"0":"post-9192","1":"product","2":"type-product","3":"status-publish","4":"has-post-thumbnail","6":"product_brand-oscal","7":"product_cat-estaciones-de-carga-portatil","8":"product_shipping_class-productos-pesados","10":"first","11":"onbackorder","12":"sale","13":"purchasable","14":"product-type-variable","15":"has-default-attributes"},"acf":[],"_links":{"self":[{"href":"https:\/\/blackviewphones.com\/fr\/wp-json\/wp\/v2\/product\/9192","targetHints":{"allow":["GET"]}}],"collection":[{"href":"https:\/\/blackviewphones.com\/fr\/wp-json\/wp\/v2\/product"}],"about":[{"href":"https:\/\/blackviewphones.com\/fr\/wp-json\/wp\/v2\/types\/product"}],"replies":[{"embeddable":true,"href":"https:\/\/blackviewphones.com\/fr\/wp-json\/wp\/v2\/comments?post=9192"}],"version-history":[{"count":0,"href":"https:\/\/blackviewphones.com\/fr\/wp-json\/wp\/v2\/product\/9192\/revisions"}],"wp:featuredmedia":[{"embeddable":true,"href":"https:\/\/blackviewphones.com\/fr\/wp-json\/wp\/v2\/media\/9205"}],"wp:attachment":[{"href":"https:\/\/blackviewphones.com\/fr\/wp-json\/wp\/v2\/media?parent=9192"}],"wp:term":[{"taxonomy":"product_brand","embeddable":true,"href":"https:\/\/blackviewphones.com\/fr\/wp-json\/wp\/v2\/product_brand?post=9192"},{"taxonomy":"product_cat","embeddable":true,"href":"https:\/\/blackviewphones.com\/fr\/wp-json\/wp\/v2\/product_cat?post=9192"},{"taxonomy":"product_tag","embeddable":true,"href":"https:\/\/blackviewphones.com\/fr\/wp-json\/wp\/v2\/product_tag?post=9192"}],"curies":[{"name":"wp","href":"https:\/\/api.w.org\/{rel}","templated":true}]}}