

{"id":9167,"date":"2025-10-23T13:32:35","date_gmt":"2025-10-23T11:32:35","guid":{"rendered":"https:\/\/blackviewphones.com\/?post_type=product&#038;p=9167"},"modified":"2026-05-16T20:14:24","modified_gmt":"2026-05-16T18:14:24","slug":"station-de-chargement-blackview-xplore-1","status":"publish","type":"product","link":"https:\/\/blackviewphones.com\/fr\/product\/blackview-base-de-carga-xplore-1\/","title":{"rendered":"Base de chargement Blackview Xplore 1"},"content":{"rendered":"<h1>Base de chargement Blackview Xplore 1<\/h1>\n<div class=\"t4s-product__price-review\">\n<h2 class=\"t4s-price-stock t4s-price-stock-border__true t4s-d-flex t4s-align-items-center t4s-justify-content-between\"><strong>Avantages de la base de chargement pour Blackview Xplore 1<\/strong><\/h2>\n<\/div>\n<ul>\n<li data-start=\"2174\" data-end=\"2267\">\n<p data-start=\"2176\" data-end=\"2267\"><strong data-start=\"2176\" data-end=\"2192\">Charge rapide<\/strong>, id\u00e9al pour les utilisateurs qui ont besoin que leur t\u00e9l\u00e9phone soit charg\u00e9 rapidement.<\/p>\n<\/li>\n<li data-start=\"2268\" data-end=\"2333\">\n<p data-start=\"2270\" data-end=\"2333\"><strong data-start=\"2270\" data-end=\"2302\">Conception compacte et robuste<\/strong>, id\u00e9al pour n&#039;importe quel espace.<\/p>\n<\/li>\n<li data-start=\"2334\" data-end=\"2399\">\n<p data-start=\"2336\" data-end=\"2399\"><strong data-start=\"2336\" data-end=\"2353\">Facile \u00e0 utiliser<\/strong>, placez simplement le t\u00e9l\u00e9phone et commencez \u00e0 charger.<\/p>\n<\/li>\n<li data-start=\"2400\" data-end=\"2455\">\n<p data-start=\"2402\" data-end=\"2455\"><strong data-start=\"2402\" data-end=\"2419\">Indicateur depuis votre \u00e9cran <\/strong>pour afficher l&#039;\u00e9tat de charge.<\/p>\n<\/li>\n<li data-start=\"2456\" data-end=\"2555\">\n<p data-start=\"2458\" data-end=\"2555\"><strong data-start=\"2458\" data-end=\"2504\">Compatible exclusivement avec le Xplore 1<\/strong>, offrant une charge optimis\u00e9e pour ce mod\u00e8le.<\/p>\n<\/li>\n<li data-start=\"2556\" data-end=\"2639\">\n<p data-start=\"2558\" data-end=\"2639\"><strong data-start=\"2558\" data-end=\"2581\">Polyvalent et pratique<\/strong>, fonctionne sur n&#039;importe quelle surface dot\u00e9e d&#039;une connexion \u00e9lectrique.<\/p>\n<\/li>\n<li data-start=\"2556\" data-end=\"2639\">Il est livr\u00e9 avec un c\u00e2ble, mais pas la t\u00eate.<\/li>\n<\/ul>\n<p><strong>FICHE NON INCLUSE, C\u00c2BLE UNIQUEMENT<\/strong><\/p>","protected":false},"excerpt":{"rendered":"<div class=\"t4s-product__price-review\">\n<h2 class=\"t4s-price-stock t4s-price-stock-border__true t4s-d-flex t4s-align-items-center t4s-justify-content-between\"><strong>Avantages de la base de chargement pour Blackview Xplore 1<\/strong><\/h2>\n<\/div>\n<ul>\n<li data-start=\"2174\" data-end=\"2267\">\n<p data-start=\"2176\" data-end=\"2267\"><strong data-start=\"2176\" data-end=\"2192\">Charge rapide<\/strong>, id\u00e9al pour les utilisateurs qui ont besoin que leur t\u00e9l\u00e9phone soit charg\u00e9 rapidement.<\/p>\n<\/li>\n<li data-start=\"2268\" data-end=\"2333\">\n<p data-start=\"2270\" data-end=\"2333\"><strong data-start=\"2270\" data-end=\"2302\">Conception compacte et robuste<\/strong>, id\u00e9al pour n&#039;importe quel espace.<\/p>\n<\/li>\n<li data-start=\"2334\" data-end=\"2399\">\n<p data-start=\"2336\" data-end=\"2399\"><strong data-start=\"2336\" data-end=\"2353\">Facile \u00e0 utiliser<\/strong>, placez simplement le t\u00e9l\u00e9phone et commencez \u00e0 charger.<\/p>\n<\/li>\n<li data-start=\"2400\" data-end=\"2455\">\n<p data-start=\"2402\" data-end=\"2455\"><strong data-start=\"2402\" data-end=\"2419\">Indicateur depuis votre \u00e9cran <\/strong>pour afficher l&#039;\u00e9tat de charge.<\/p>\n<\/li>\n<li data-start=\"2456\" data-end=\"2555\">\n<p data-start=\"2458\" data-end=\"2555\"><strong data-start=\"2458\" data-end=\"2504\">Compatible exclusivement avec le Xplore 1<\/strong>, offrant une charge optimis\u00e9e pour ce mod\u00e8le.<\/p>\n<\/li>\n<li data-start=\"2556\" data-end=\"2639\">\n<p data-start=\"2558\" data-end=\"2639\"><strong data-start=\"2558\" data-end=\"2581\">Polyvalent et pratique<\/strong>, fonctionne sur n&#039;importe quelle surface dot\u00e9e d&#039;une connexion \u00e9lectrique.<\/p>\n<\/li>\n<li data-start=\"2556\" data-end=\"2639\">Il est livr\u00e9 avec un c\u00e2ble, mais pas la t\u00eate.<\/li>\n<\/ul>","protected":false},"featured_media":10031,"comment_status":"closed","ping_status":"closed","template":"","meta":{"_acf_changed":false},"product_brand":[287],"product_cat":[154,330,159],"product_tag":[],"class_list":{"0":"post-9167","1":"product","2":"type-product","3":"status-publish","4":"has-post-thumbnail","6":"product_brand-blackview","7":"product_cat-accesorios-blackview","8":"product_cat-accesorios-blackview-accesorios-para-moviles","9":"product_cat-ofertas","11":"first","12":"instock","13":"sale","14":"purchasable","15":"product-type-variable","16":"has-default-attributes"},"acf":[],"_links":{"self":[{"href":"https:\/\/blackviewphones.com\/fr\/wp-json\/wp\/v2\/product\/9167","targetHints":{"allow":["GET"]}}],"collection":[{"href":"https:\/\/blackviewphones.com\/fr\/wp-json\/wp\/v2\/product"}],"about":[{"href":"https:\/\/blackviewphones.com\/fr\/wp-json\/wp\/v2\/types\/product"}],"replies":[{"embeddable":true,"href":"https:\/\/blackviewphones.com\/fr\/wp-json\/wp\/v2\/comments?post=9167"}],"version-history":[{"count":0,"href":"https:\/\/blackviewphones.com\/fr\/wp-json\/wp\/v2\/product\/9167\/revisions"}],"wp:featuredmedia":[{"embeddable":true,"href":"https:\/\/blackviewphones.com\/fr\/wp-json\/wp\/v2\/media\/10031"}],"wp:attachment":[{"href":"https:\/\/blackviewphones.com\/fr\/wp-json\/wp\/v2\/media?parent=9167"}],"wp:term":[{"taxonomy":"product_brand","embeddable":true,"href":"https:\/\/blackviewphones.com\/fr\/wp-json\/wp\/v2\/product_brand?post=9167"},{"taxonomy":"product_cat","embeddable":true,"href":"https:\/\/blackviewphones.com\/fr\/wp-json\/wp\/v2\/product_cat?post=9167"},{"taxonomy":"product_tag","embeddable":true,"href":"https:\/\/blackviewphones.com\/fr\/wp-json\/wp\/v2\/product_tag?post=9167"}],"curies":[{"name":"wp","href":"https:\/\/api.w.org\/{rel}","templated":true}]}}