

{"id":9149,"date":"2025-10-23T11:36:00","date_gmt":"2025-10-23T09:36:00","guid":{"rendered":"https:\/\/blackviewphones.com\/?post_type=product&#038;p=9149"},"modified":"2026-05-04T13:34:27","modified_gmt":"2026-05-04T11:34:27","slug":"projecteur-esim-blackview-xplore-2","status":"publish","type":"product","link":"https:\/\/blackviewphones.com\/fr\/product\/blackview-xplore-2-proyector-esim\/","title":{"rendered":"Projecteur Blackview Xplore 2\u00a0: projecteur, lampe torche et eSIM"},"content":{"rendered":"<h1>Projecteur Blackview Xplore 2\u00a0: projecteur, lampe torche et eSIM<\/h1>\n<p>Con\u00e7u pour ceux qui veulent tout dans un seul appareil, le projecteur XPLORE 2 combine une durabilit\u00e9 de qualit\u00e9 militaire, une double connectivit\u00e9 5G, <strong>lampe torche puissante, cam\u00e9ra de vision nocturne<\/strong> <em><strong>et un projecteur portable int\u00e9gr\u00e9<\/strong><\/em>. De plus, il est<strong> compatible avec <\/strong><em><strong>Netflix, Prime Video, Disney+, HBO Max, Hulu et YouTube.<\/strong><\/em><\/p>\n<p>Avec jusqu&#039;\u00e0 36 Go de RAM, jusqu&#039;\u00e0 2 To de stockage et le Wi-Fi 6E, il offre des performances exceptionnelles en ext\u00e9rieur comme dans les environnements professionnels les plus exigeants. Il est dot\u00e9 d&#039;une batterie de 20\u00a0000 mAh avec charge ultra-rapide 120 W, d&#039;un \u00e9cran AMOLED 3,2K \u00e0 120 Hz et de la puissante puce Dimensity 8300 5G, pour une fluidit\u00e9 et une puissance exceptionnelles.<\/p>\n<h2>\ud83d\udcf2<strong> Compatible avec vos applications pr\u00e9f\u00e9r\u00e9es\u00a0: transformez n\u2019importe quel mur en \u00e9cran g\u00e9ant pour profiter de s\u00e9ries, d\u2019\u00e9v\u00e9nements sportifs ou de pr\u00e9sentations o\u00f9 que vous soyez.<\/strong><\/h2>\n<p>Profitez du contenu directement depuis les principales plateformes de streaming, telles que Netflix, Prime Video, Disney+, HBO Max, Hulu et YouTube. Regardez des films, des s\u00e9ries, des documentaires ou des vid\u00e9os en ligne en toute simplicit\u00e9, sans appareil suppl\u00e9mentaire.<\/p>\n<p>De plus, il permet de contr\u00f4ler facilement la projection depuis un smartphone ou une t\u00e9l\u00e9commande compatible, et tire parti de sa compatibilit\u00e9 avec les applications de lecture et de diffusion vid\u00e9o install\u00e9es pour projeter des photos, des vid\u00e9os, des pr\u00e9sentations ou du contenu directement depuis vos applications pr\u00e9f\u00e9r\u00e9es. Il en r\u00e9sulte un outil polyvalent pour le travail comme pour les loisirs.<\/p>","protected":false},"excerpt":{"rendered":"<p>Con\u00e7u pour ceux qui veulent tout dans un seul appareil, le projecteur XPLORE 2 combine une durabilit\u00e9 de qualit\u00e9 militaire, une double connectivit\u00e9 5G,<strong> lampe torche puissante, cam\u00e9ra de vision nocturne<\/strong> <em><strong>et un projecteur portable int\u00e9gr\u00e9.<\/strong> <\/em>Avec jusqu&#039;\u00e0 36 Go de RAM, jusqu&#039;\u00e0 2 To de stockage et le Wi-Fi 6E, il offre des performances exceptionnelles aussi bien en ext\u00e9rieur que dans des environnements professionnels exigeants.<\/p>","protected":false},"featured_media":11113,"comment_status":"open","ping_status":"closed","template":"","meta":{"_acf_changed":false},"product_brand":[287],"product_cat":[42,136,166,159],"product_tag":[],"class_list":{"0":"post-9149","1":"product","2":"type-product","3":"status-publish","4":"has-post-thumbnail","6":"product_brand-blackview","7":"product_cat-moviles-blackview","8":"product_cat-moviles-resistentes-rugerizados","9":"product_cat-moviles-resistentes-rugerizados-nuevos-modelos","10":"product_cat-ofertas","12":"first","13":"instock","14":"sale","15":"shipping-taxable","16":"purchasable","17":"product-type-variable","18":"has-default-attributes"},"acf":[],"_links":{"self":[{"href":"https:\/\/blackviewphones.com\/fr\/wp-json\/wp\/v2\/product\/9149","targetHints":{"allow":["GET"]}}],"collection":[{"href":"https:\/\/blackviewphones.com\/fr\/wp-json\/wp\/v2\/product"}],"about":[{"href":"https:\/\/blackviewphones.com\/fr\/wp-json\/wp\/v2\/types\/product"}],"replies":[{"embeddable":true,"href":"https:\/\/blackviewphones.com\/fr\/wp-json\/wp\/v2\/comments?post=9149"}],"version-history":[{"count":0,"href":"https:\/\/blackviewphones.com\/fr\/wp-json\/wp\/v2\/product\/9149\/revisions"}],"wp:featuredmedia":[{"embeddable":true,"href":"https:\/\/blackviewphones.com\/fr\/wp-json\/wp\/v2\/media\/11113"}],"wp:attachment":[{"href":"https:\/\/blackviewphones.com\/fr\/wp-json\/wp\/v2\/media?parent=9149"}],"wp:term":[{"taxonomy":"product_brand","embeddable":true,"href":"https:\/\/blackviewphones.com\/fr\/wp-json\/wp\/v2\/product_brand?post=9149"},{"taxonomy":"product_cat","embeddable":true,"href":"https:\/\/blackviewphones.com\/fr\/wp-json\/wp\/v2\/product_cat?post=9149"},{"taxonomy":"product_tag","embeddable":true,"href":"https:\/\/blackviewphones.com\/fr\/wp-json\/wp\/v2\/product_tag?post=9149"}],"curies":[{"name":"wp","href":"https:\/\/api.w.org\/{rel}","templated":true}]}}