

{"id":9000,"date":"2025-10-09T14:52:37","date_gmt":"2025-10-09T12:52:37","guid":{"rendered":"https:\/\/blackviewphones.com\/?post_type=product&#038;p=9000"},"modified":"2026-05-08T13:54:54","modified_gmt":"2026-05-08T11:54:54","slug":"cable-usb-c-epais-jusqua-90-cm","status":"publish","type":"product","link":"https:\/\/blackviewphones.com\/fr\/product\/cable-usbc-grueso-hasta90cm\/","title":{"rendered":"C\u00e2ble de charge rapide Blackview 120 W Type C"},"content":{"rendered":"<h1 class=\"product_title entry-title\">C\u00e2ble de charge rapide Blackview 120 W Type C<\/h1>\n<p id=\"title\" class=\"a-size-large a-spacing-none\"><span id=\"productTitle\" class=\"a-size-large\">C\u00e2ble Blackview d&#039;origine, USB-C vers USB-C.<\/span><\/p>\n<p>C\u00e2ble plus \u00e9pais que les autres, permettant jusqu&#039;\u00e0 120 W, et peut \u00eatre utilis\u00e9 dans les t\u00e9l\u00e9phones mobiles tels que le BL9000 5G.<\/p>\n<p>Couleur blanche.<\/p>\n<p>\u00a0<\/p>","protected":false},"excerpt":{"rendered":"<p id=\"title\" class=\"a-size-large a-spacing-none\"><span id=\"productTitle\" class=\"a-size-large\">C\u00e2ble Blackview d&#039;origine, USB-C vers USB-C.<\/span><\/p>\n<p>C\u00e2ble plus \u00e9pais que les autres, permettant jusqu&#039;\u00e0 120 W, et peut \u00eatre utilis\u00e9 dans les t\u00e9l\u00e9phones mobiles tels que le BL9000 5G.<\/p>\n<p>Couleur blanche.<\/p>\n<p>&nbsp;<\/p>","protected":false},"featured_media":9002,"comment_status":"closed","ping_status":"closed","template":"","meta":{"_acf_changed":false},"product_brand":[287],"product_cat":[154],"product_tag":[],"class_list":{"0":"post-9000","1":"product","2":"type-product","3":"status-publish","4":"has-post-thumbnail","6":"product_brand-blackview","7":"product_cat-accesorios-blackview","9":"first","10":"instock","11":"sale","12":"shipping-taxable","13":"purchasable","14":"product-type-variable","15":"has-default-attributes"},"acf":[],"_links":{"self":[{"href":"https:\/\/blackviewphones.com\/fr\/wp-json\/wp\/v2\/product\/9000","targetHints":{"allow":["GET"]}}],"collection":[{"href":"https:\/\/blackviewphones.com\/fr\/wp-json\/wp\/v2\/product"}],"about":[{"href":"https:\/\/blackviewphones.com\/fr\/wp-json\/wp\/v2\/types\/product"}],"replies":[{"embeddable":true,"href":"https:\/\/blackviewphones.com\/fr\/wp-json\/wp\/v2\/comments?post=9000"}],"version-history":[{"count":0,"href":"https:\/\/blackviewphones.com\/fr\/wp-json\/wp\/v2\/product\/9000\/revisions"}],"wp:featuredmedia":[{"embeddable":true,"href":"https:\/\/blackviewphones.com\/fr\/wp-json\/wp\/v2\/media\/9002"}],"wp:attachment":[{"href":"https:\/\/blackviewphones.com\/fr\/wp-json\/wp\/v2\/media?parent=9000"}],"wp:term":[{"taxonomy":"product_brand","embeddable":true,"href":"https:\/\/blackviewphones.com\/fr\/wp-json\/wp\/v2\/product_brand?post=9000"},{"taxonomy":"product_cat","embeddable":true,"href":"https:\/\/blackviewphones.com\/fr\/wp-json\/wp\/v2\/product_cat?post=9000"},{"taxonomy":"product_tag","embeddable":true,"href":"https:\/\/blackviewphones.com\/fr\/wp-json\/wp\/v2\/product_tag?post=9000"}],"curies":[{"name":"wp","href":"https:\/\/api.w.org\/{rel}","templated":true}]}}