

{"id":8922,"date":"2025-10-02T11:04:23","date_gmt":"2025-10-02T09:04:23","guid":{"rendered":"https:\/\/blackviewphones.com\/?post_type=product&#038;p=8922"},"modified":"2026-04-13T17:24:37","modified_gmt":"2026-04-13T15:24:37","slug":"tablette-blackview-tab-60-pro-24-go-ram-128-go-rom-pack","status":"publish","type":"product","link":"https:\/\/blackviewphones.com\/fr\/product\/tablet-blackview-tab-60-pro-24-gb-ram-128-gb-rom-pack\/","title":{"rendered":"Tablette Blackview Tab 60 Pro | Pack 24 Go RAM et 128 Go ROM"},"content":{"rendered":"<h1>Tablette Blackview Tab 60 Pro | Pack 24 Go RAM et 128 Go ROM<\/h1>\n<p><strong>\ud83c\udf81 Cette version est livr\u00e9e avec un chargeur, un stylet, une souris, un protecteur d&#039;\u00e9cran en verre tremp\u00e9, un clavier et un \u00e9tui. \ud83c\udf81<\/strong><\/p>\n<p>D\u00e9couvrez la tablette <strong>Blackview Tab 60 Pro <\/strong>de la marque Blackview, une bonne option en termes de qualit\u00e9 \u2013 prix, compatible avec<em> Widevine L1 et Wifi5<\/em>. Avec une batterie de 7700 mAh et le syst\u00e8me d&#039;exploitation <strong>Android 15<\/strong>. <span data-spm-anchor-id=\"a2g0o.detail.1000023.i6.416912c6ea8IFf\">Il a un style \u00e9l\u00e9gant, minimaliste et simple. Avec des mesures de\u00a0 <strong>8,5<\/strong><\/span><strong data-spm-anchor-id=\"a2g0o.detail.1000023.i7.416912c6ea8IFf\">\u00a0mm de large <\/strong><span data-spm-anchor-id=\"a2g0o.detail.1000023.i7.416912c6ea8IFf\">et le poids de <\/span><strong>543 grammes.<\/strong> Il dispose \u00e9galement de 8 Go de RAM extensible <strong>jusqu&#039;\u00e0 24 Go<\/strong> et <strong>ROM de 128 Go<\/strong> et extensible <strong>jusqu&#039;\u00e0 2 To<\/strong> avec carte m\u00e9moire. De plus, un clavier sans fil peut \u00eatre adapt\u00e9 pour une meilleure utilisation. <strong>Tab 60 Pro compatible avec Widevine L1<\/strong> Streaming au maximum Profitez de l&#039;exp\u00e9rience de streaming ultime avec la Tab 60 Pro. Plongez dans le luxe de regarder vos films pr\u00e9f\u00e9r\u00e9s dans une r\u00e9solution exquise de 1080P. Avec la certification Widevine L1, cette tablette garantit une qualit\u00e9 vid\u00e9o in\u00e9gal\u00e9e, portant votre plaisir visuel vers de nouveaux sommets. *Prend en charge l&#039;exp\u00e9rience de visionnage multim\u00e9dia en streaming 1080p : Disney+, Prime Video, Netflix, YouTube et HBO.<\/p>\n<p>&nbsp;<\/p>","protected":false},"excerpt":{"rendered":"<p><strong>\ud83c\udf81 Cette version est livr\u00e9e avec un chargeur, un stylet, une souris, un clavier, un protecteur d&#039;\u00e9cran en verre tremp\u00e9 et un \u00e9tui. \ud83c\udf81<\/strong><\/p>\n<p>Tablette conventionnelle<\/p>\n<p>Unisoc T606<\/p>\n<p>Compatible avec Wideline L1<\/p>\n<p>Android 15 | Mode PC<\/p>\n<p>7700 mAh<\/p>\n<p>242,7*161,5*8,5 mm<\/p>\n<p>Poids 543 g | \u00e9cran 10,1\u2033<\/p>\n<p>8 Go + 16 Go de RAM 128 Go de ROM<\/p>","protected":false},"featured_media":12137,"comment_status":"closed","ping_status":"closed","template":"","meta":{"_acf_changed":false},"product_brand":[287],"product_cat":[332,159,95,328],"product_tag":[],"class_list":{"0":"post-8922","1":"product","2":"type-product","3":"status-publish","4":"has-post-thumbnail","6":"product_brand-blackview","7":"product_cat-reservar-moviles-blackview","8":"product_cat-ofertas","9":"product_cat-tablets-blackview","10":"product_cat-tablets-blackview-tablets-inteligentes-blackview","12":"first","13":"instock","14":"sale","15":"shipping-taxable","16":"purchasable","17":"product-type-variable","18":"has-default-attributes"},"acf":[],"_links":{"self":[{"href":"https:\/\/blackviewphones.com\/fr\/wp-json\/wp\/v2\/product\/8922","targetHints":{"allow":["GET"]}}],"collection":[{"href":"https:\/\/blackviewphones.com\/fr\/wp-json\/wp\/v2\/product"}],"about":[{"href":"https:\/\/blackviewphones.com\/fr\/wp-json\/wp\/v2\/types\/product"}],"replies":[{"embeddable":true,"href":"https:\/\/blackviewphones.com\/fr\/wp-json\/wp\/v2\/comments?post=8922"}],"version-history":[{"count":0,"href":"https:\/\/blackviewphones.com\/fr\/wp-json\/wp\/v2\/product\/8922\/revisions"}],"wp:featuredmedia":[{"embeddable":true,"href":"https:\/\/blackviewphones.com\/fr\/wp-json\/wp\/v2\/media\/12137"}],"wp:attachment":[{"href":"https:\/\/blackviewphones.com\/fr\/wp-json\/wp\/v2\/media?parent=8922"}],"wp:term":[{"taxonomy":"product_brand","embeddable":true,"href":"https:\/\/blackviewphones.com\/fr\/wp-json\/wp\/v2\/product_brand?post=8922"},{"taxonomy":"product_cat","embeddable":true,"href":"https:\/\/blackviewphones.com\/fr\/wp-json\/wp\/v2\/product_cat?post=8922"},{"taxonomy":"product_tag","embeddable":true,"href":"https:\/\/blackviewphones.com\/fr\/wp-json\/wp\/v2\/product_tag?post=8922"}],"curies":[{"name":"wp","href":"https:\/\/api.w.org\/{rel}","templated":true}]}}