

{"id":8803,"date":"2025-09-22T11:58:49","date_gmt":"2025-09-22T09:58:49","guid":{"rendered":"https:\/\/blackviewphones.com\/?post_type=product&#038;p=8803"},"modified":"2026-04-22T10:50:32","modified_gmt":"2026-04-22T08:50:32","slug":"mini-pc-blackview-mp100-amd","status":"publish","type":"product","link":"https:\/\/blackviewphones.com\/fr\/product\/mp100-mini-pc-blackview-amd\/","title":{"rendered":"Mini-PC Blackview MP100 \u2013 AMD Ryzen 5 (7430U)"},"content":{"rendered":"<h1>Mini-PC Blackview MP100 \u2013 AMD Ryzen 5 (7430U)<\/h1>\n<h2><strong>La puissance d&#039;un ordinateur de bureau dans la taille de votre main<\/strong><\/h2>\n<p>Il <strong>Mini-ordinateur Blackview MP100<\/strong> Il prouve qu&#039;il n&#039;est pas n\u00e9cessaire d&#039;avoir une tour g\u00e9ante pour profiter d&#039;un ordinateur puissant et polyvalent. Avec son design ultra-compact, \u00e9l\u00e9gant et silencieux, ce mini-ordinateur concentre tout ce dont vous avez besoin pour <strong>travailler, \u00e9tudier, cr\u00e9er du contenu ou profiter de votre temps libre<\/strong>. Disponible en deux versions, avec <strong>16 Go de RAM + 512 Go de SSD<\/strong> soit <strong>32 Go de RAM + 1 To de SSD<\/strong>, vous aurez toujours des options de performances et de stockage adapt\u00e9es \u00e0 vos besoins.<\/p>\n<p><em>Ce terminal est livr\u00e9 avec Windows 11 PRO et une licence OEM \u00e0 vie\u00a0; cette licence est li\u00e9e au mat\u00e9riel de l\u2019ordinateur et ne peut pas \u00eatre transf\u00e9r\u00e9e \u00e0 un autre ordinateur.<\/em><\/p>","protected":false},"excerpt":{"rendered":"<p>Une puissance impressionnante dans un format compact\u00a0: le Blackview MP100 est \u00e9quip\u00e9 d&#039;un processeur Ryzen 5, d&#039;un SSD jusqu&#039;\u00e0 1\u00a0To et de 32\u00a0Go de RAM\u00a0! Windows\u00a011 Pro, de multiples ports et des performances pour le travail, le divertissement et bien plus encore.<\/p>\n<p><strong>Ce terminal est livr\u00e9 avec Windows 11 PRO et une licence OEM \u00e0 vie\u00a0; cette licence est li\u00e9e au mat\u00e9riel de l\u2019ordinateur et ne peut pas \u00eatre transf\u00e9r\u00e9e \u00e0 un autre ordinateur.<\/strong><\/p>","protected":false},"featured_media":8811,"comment_status":"open","ping_status":"closed","template":"","meta":{"_acf_changed":false},"product_brand":[287],"product_cat":[349],"product_tag":[],"class_list":{"0":"post-8803","1":"product","2":"type-product","3":"status-publish","4":"has-post-thumbnail","6":"product_brand-blackview","7":"product_cat-sin-categoria","9":"first","10":"outofstock","11":"sale","12":"shipping-taxable","13":"purchasable","14":"product-type-variable","15":"has-default-attributes"},"acf":[],"_links":{"self":[{"href":"https:\/\/blackviewphones.com\/fr\/wp-json\/wp\/v2\/product\/8803","targetHints":{"allow":["GET"]}}],"collection":[{"href":"https:\/\/blackviewphones.com\/fr\/wp-json\/wp\/v2\/product"}],"about":[{"href":"https:\/\/blackviewphones.com\/fr\/wp-json\/wp\/v2\/types\/product"}],"replies":[{"embeddable":true,"href":"https:\/\/blackviewphones.com\/fr\/wp-json\/wp\/v2\/comments?post=8803"}],"version-history":[{"count":0,"href":"https:\/\/blackviewphones.com\/fr\/wp-json\/wp\/v2\/product\/8803\/revisions"}],"wp:featuredmedia":[{"embeddable":true,"href":"https:\/\/blackviewphones.com\/fr\/wp-json\/wp\/v2\/media\/8811"}],"wp:attachment":[{"href":"https:\/\/blackviewphones.com\/fr\/wp-json\/wp\/v2\/media?parent=8803"}],"wp:term":[{"taxonomy":"product_brand","embeddable":true,"href":"https:\/\/blackviewphones.com\/fr\/wp-json\/wp\/v2\/product_brand?post=8803"},{"taxonomy":"product_cat","embeddable":true,"href":"https:\/\/blackviewphones.com\/fr\/wp-json\/wp\/v2\/product_cat?post=8803"},{"taxonomy":"product_tag","embeddable":true,"href":"https:\/\/blackviewphones.com\/fr\/wp-json\/wp\/v2\/product_tag?post=8803"}],"curies":[{"name":"wp","href":"https:\/\/api.w.org\/{rel}","templated":true}]}}