

{"id":8787,"date":"2025-09-22T10:09:55","date_gmt":"2025-09-22T08:09:55","guid":{"rendered":"https:\/\/blackviewphones.com\/?post_type=product&#038;p=8787"},"modified":"2026-04-30T10:54:12","modified_gmt":"2026-04-30T08:54:12","slug":"blackview-active-7","status":"publish","type":"product","link":"https:\/\/blackviewphones.com\/fr\/product\/active-7-blackview\/","title":{"rendered":"Blackview Active 7"},"content":{"rendered":"<h1>Blackview Active 7\u00a0: la tablette robuste con\u00e7ue pour les aventures extr\u00eames<\/h1>\n<p>Le <strong>Blackview Active 7<\/strong> est un <strong>Tablette robuste de 11 pouces<\/strong> Con\u00e7u pour ceux qui recherchent un appareil robuste, puissant et polyvalent. Avec certifications. <strong>IP68 et IP69K<\/strong> et norme militaire <strong>Norme MIL-STD-810H<\/strong>, Con\u00e7ue pour r\u00e9sister aux chutes, \u00e0 l&#039;eau, \u00e0 la poussi\u00e8re et aux conditions extr\u00eames, cette tablette est id\u00e9ale pour les travailleurs de terrain, les aventuriers et les utilisateurs exigeants \u00e0 la recherche d&#039;une tablette quasiment indestructible. Un stylet est inclus.<\/p>\n<h3>\u00c9cran FHD+ de 11 pouces avec Gorilla Glass 5<\/h3>\n<p>Son <strong>\u00c9cran IPS de 11 pouces<\/strong> offre une r\u00e9solution FHD+, des couleurs vives et de larges angles de vision. Le verre renforc\u00e9 <strong>Verre Gorilla Glass 5<\/strong> Il offre une protection suppl\u00e9mentaire contre les rayures et les chocs, garantissant une durabilit\u00e9 dans les environnements de travail exigeants ou les activit\u00e9s de plein air.<\/p>\n<h3>Batterie de 10 000 mAh avec charge rapide de 45 W<\/h3>\n<p>L\u2019une des grandes forces de la <strong>Blackview Active 7<\/strong> est \u00e0 toi <strong>Batterie de 10 000 mAh<\/strong>, qui offre une autonomie pour des journ\u00e9es d&#039;utilisation intensive. Gr\u00e2ce \u00e0 la <strong>Charge rapide 45 W<\/strong> et compatibilit\u00e9 avec <em>Station d&#039;accueil<\/em> Avec 18 W, vous aurez toujours de l&#039;\u00e9nergie disponible pour continuer \u00e0 travailler ou \u00e0 profiter de votre temps libre.<\/p>\n<h3>Cam\u00e9ras de vision nocturne<\/h3>\n<p>Equip\u00e9 d&#039;un <strong>Appareil photo principal de 16 MP<\/strong>, un innovateur <strong>Cam\u00e9ra de vision nocturne 20 MP<\/strong> et un <strong>13 MP \u00e0 l&#039;avant<\/strong>Le Blackview Active 7 vous permet d&#039;immortaliser vos moments, m\u00eame en basse lumi\u00e8re. Id\u00e9al pour les inspections nocturnes, les activit\u00e9s de s\u00e9curit\u00e9 ou les aventures en pleine nature.<\/p>\n<h3>Puissance et stockage extensibles<\/h3>\n<p>Avec son <strong>8 Go de RAM<\/strong> (extensible jusqu&#039;\u00e0 16 Go via RAM virtuelle) et <strong>128 Go de stockage interne<\/strong>, extensible jusqu&#039;\u00e0 2 To avec carte TF, le <strong>Actif 7<\/strong> Il g\u00e8re facilement les applications exigeantes et le multit\u00e2che. Son processeur de derni\u00e8re g\u00e9n\u00e9ration garantit des performances stables pour un usage professionnel et personnel.<\/p>\n<h3>Fonctionnalit\u00e9s ext\u00e9rieures suppl\u00e9mentaires<\/h3>\n<ul>\n<li><strong>Lampe de camping int\u00e9gr\u00e9e<\/strong> double faisceau, parfait pour les activit\u00e9s nocturnes ou les urgences.<\/li>\n<li><strong>Mode gant<\/strong> pour pouvoir utiliser la tablette m\u00eame dans des conditions de froid.<\/li>\n<li><strong>D\u00e9verrouillage par reconnaissance faciale et par empreinte digitale<\/strong> pour plus de s\u00e9curit\u00e9 et un acc\u00e8s plus rapide.<\/li>\n<li><strong><strong>NFC et plusieurs GPS<\/strong><\/strong><\/li>\n<\/ul>\n<p>\u00a0<\/p>\n<p>Que <strong data-start=\"2509\" data-end=\"2521\">NE PAS faire<\/strong> avec ce produit<\/p>\n<p data-start=\"2542\" data-end=\"2614\">Bien qu&#039;il s&#039;agisse d&#039;une tablette extr\u00eamement robuste, il convient de garder \u00e0 l&#039;esprit :<\/p>\n<ul>\n<li style=\"list-style-type: none;\">\n<ul data-start=\"2616\" data-end=\"3236\">\n<li data-start=\"2616\" data-end=\"2725\">\n<p data-start=\"2618\" data-end=\"2725\">Ne pas immerger dans des liquides corrosifs ou des produits chimiques agressifs : la protection IP est con\u00e7ue pour l&#039;eau propre.<\/p>\n<\/li>\n<li data-start=\"2726\" data-end=\"2825\">\n<p data-start=\"2728\" data-end=\"2825\">Ne l&#039;exposez pas \u00e0 des chutes de hauteurs sup\u00e9rieures \u00e0 12 m\u00e8tres ni \u00e0 des impacts avec des objets tranchants.<\/p>\n<\/li>\n<li data-start=\"2826\" data-end=\"2926\">\n<p data-start=\"2828\" data-end=\"2926\">Ne chargez pas la batterie \u00e0 des temp\u00e9ratures tr\u00e8s \u00e9lev\u00e9es ou tr\u00e8s basses, car cela pourrait affecter sa dur\u00e9e de vie.<\/p>\n<\/li>\n<li data-start=\"2927\" data-end=\"3078\">\n<p data-start=\"2929\" data-end=\"3078\">Ne l&#039;utilisez pas comme substitut d&#039;un PC de bureau : malgr\u00e9 son mode PC, son poids (1,5 kg) et sa taille ne sont pas id\u00e9aux pour de longues heures de travail fixe.<\/p>\n<\/li>\n<li data-start=\"3079\" data-end=\"3236\">\n<p data-start=\"3081\" data-end=\"3236\">Ne bloquez pas les \u00e9vents ou les ports avec des bo\u00eetiers ou des accessoires non certifi\u00e9s, car cela pourrait affecter les performances du projecteur ou la dissipation de la chaleur.<\/p>\n<\/li>\n<\/ul>\n<\/li>\n<\/ul>","protected":false},"excerpt":{"rendered":"<p data-start=\"44\" data-end=\"120\"><strong>La Blackview Active 7 est une tablette durcie de 11 pouces con\u00e7ue pour r\u00e9sister \u00e0 toutes les \u00e9preuves\u00a0: certifications IP68\/IP69K, cam\u00e9ra de vision nocturne, batterie de 10\u00a0000\u00a0mAh avec charge rapide 45\u00a0W et fonctionnalit\u00e9s suppl\u00e9mentaires comme le mode PC et une lampe de camping. Id\u00e9ale pour les activit\u00e9s de plein air, le travail ou l\u2019aventure.<\/strong><\/p>","protected":false},"featured_media":10239,"comment_status":"closed","ping_status":"closed","template":"","meta":{"_acf_changed":false},"product_brand":[],"product_cat":[95,159,281],"product_tag":[],"class_list":{"0":"post-8787","1":"product","2":"type-product","3":"status-publish","4":"has-post-thumbnail","6":"product_cat-tablets-blackview","7":"product_cat-ofertas","8":"product_cat-tablets-blackview-tablets-resistentes-blackview","10":"first","11":"instock","12":"sale","13":"shipping-taxable","14":"purchasable","15":"product-type-variable","16":"has-default-attributes"},"acf":[],"_links":{"self":[{"href":"https:\/\/blackviewphones.com\/fr\/wp-json\/wp\/v2\/product\/8787","targetHints":{"allow":["GET"]}}],"collection":[{"href":"https:\/\/blackviewphones.com\/fr\/wp-json\/wp\/v2\/product"}],"about":[{"href":"https:\/\/blackviewphones.com\/fr\/wp-json\/wp\/v2\/types\/product"}],"replies":[{"embeddable":true,"href":"https:\/\/blackviewphones.com\/fr\/wp-json\/wp\/v2\/comments?post=8787"}],"version-history":[{"count":0,"href":"https:\/\/blackviewphones.com\/fr\/wp-json\/wp\/v2\/product\/8787\/revisions"}],"wp:featuredmedia":[{"embeddable":true,"href":"https:\/\/blackviewphones.com\/fr\/wp-json\/wp\/v2\/media\/10239"}],"wp:attachment":[{"href":"https:\/\/blackviewphones.com\/fr\/wp-json\/wp\/v2\/media?parent=8787"}],"wp:term":[{"taxonomy":"product_brand","embeddable":true,"href":"https:\/\/blackviewphones.com\/fr\/wp-json\/wp\/v2\/product_brand?post=8787"},{"taxonomy":"product_cat","embeddable":true,"href":"https:\/\/blackviewphones.com\/fr\/wp-json\/wp\/v2\/product_cat?post=8787"},{"taxonomy":"product_tag","embeddable":true,"href":"https:\/\/blackviewphones.com\/fr\/wp-json\/wp\/v2\/product_tag?post=8787"}],"curies":[{"name":"wp","href":"https:\/\/api.w.org\/{rel}","templated":true}]}}