

{"id":8775,"date":"2025-09-22T09:32:25","date_gmt":"2025-09-22T07:32:25","guid":{"rendered":"https:\/\/blackviewphones.com\/?post_type=product&#038;p=8775"},"modified":"2026-05-04T12:36:21","modified_gmt":"2026-05-04T10:36:21","slug":"lien-8-blackview","status":"publish","type":"product","link":"https:\/\/blackviewphones.com\/fr\/product\/link-8-blackview\/","title":{"rendered":"Tablette Blackview LINK 8 | 36 Go de RAM | 256 Go de ROM"},"content":{"rendered":"<h1>Tablette Blackview LINK 8 | 12 Go + 24 Go de RAM, 256 Go de ROM<\/h1>\n<p><strong>\ud83c\udf81 Cette version est livr\u00e9e avec un stylet, des \u00e9couteurs, un protecteur d&#039;\u00e9cran en verre tremp\u00e9, un clavier, une souris et un \u00e9tui. \ud83c\udf81<\/strong><\/p>\n<p>Le nouveau <strong data-start=\"318\" data-end=\"345\">Tablette Blackview LINK 8<\/strong> arrive pour transformer votre exp\u00e9rience num\u00e9rique. Avec un <strong data-start=\"401\" data-end=\"446\">\u00c9cran 12,7 pouces 90 Hz<\/strong>, une conception ultra-l\u00e9g\u00e8re de seulement 8,4 mm, <strong data-start=\"486\" data-end=\"526\">Batterie de 8400 mAh avec charge rapide, <\/strong>avec<strong data-start=\"486\" data-end=\"526\"> clavier sans fil<\/strong> et un <strong data-start=\"532\" data-end=\"551\">Stylet inclus. <\/strong>C&#039;est le compagnon id\u00e9al pour \u00e9tudier, travailler ou se divertir. Il comprend \u00e9galement\u2026 <strong data-start=\"653\" data-end=\"689\">Mode PC, son st\u00e9r\u00e9o Quad-BOX<\/strong> et syst\u00e8me d&#039;exploitation <strong data-start=\"710\" data-end=\"747\">DokeOS P 4.2 bas\u00e9 sur Android 15<\/strong>, con\u00e7u pour une productivit\u00e9 et des loisirs illimit\u00e9s.<\/p>\n<h2 data-start=\"1156\" data-end=\"1189\">\ud83d\udd0b Batterie longue dur\u00e9e<\/h2>\n<p data-start=\"1191\" data-end=\"1430\">Equip\u00e9 d&#039;un <strong data-start=\"1208\" data-end=\"1231\">Batterie de 8400 mAh<\/strong> et <strong data-start=\"1234\" data-end=\"1258\">Charge rapide 18 W<\/strong>Cette tablette vous offre une autonomie d&#039;une journ\u00e9e enti\u00e8re. Que vous soyez en cours, en r\u00e9union ou en plein visionnage de s\u00e9ries, vous disposerez de suffisamment d&#039;\u00e9nergie pour tenir le rythme sans interruption.<\/p>\n<h2 data-start=\"1437\" data-end=\"1473\">\ud83d\udda5\ufe0f \u00c9cran immersif de 12,7 pouces<\/h2>\n<p data-start=\"1475\" data-end=\"1764\">Profitez d&#039;un <strong data-start=\"1491\" data-end=\"1557\">\u00c9cran IPS de 12,7 pouces avec une r\u00e9solution de 2160 x 1600 et 90 Hz<\/strong>, avec des couleurs vives et une nettet\u00e9 exceptionnelle. Le cadre fin et le rapport \u00e9cran\/corps du 86 % offrent une exp\u00e9rience visuelle immersive, id\u00e9ale pour la lecture, le multit\u00e2che ou le visionnage de films.<\/p>","protected":false},"excerpt":{"rendered":"<p><strong>\ud83c\udf81 Cette version est livr\u00e9e avec un stylet, des \u00e9couteurs, un protecteur d&#039;\u00e9cran en verre tremp\u00e9, un clavier, une souris et un \u00e9tui. \ud83c\udf81<\/strong><\/p>\n<p>Le <strong data-start=\"2168\" data-end=\"2188\">Blackview LINK 8<\/strong> C&#039;est une grande tablette de 12,7 pouces avec un \u00e9cran 90 Hz, un stylet int\u00e9gr\u00e9 et une batterie de 8\u00a0400 mAh. Id\u00e9ale pour regarder des s\u00e9ries, lire, prendre des notes et travailler confortablement. Ultra-fine (8,4 mm) et dot\u00e9e d&#039;une grande capacit\u00e9 de stockage.<\/p>","protected":false},"featured_media":11084,"comment_status":"open","ping_status":"closed","template":"","meta":{"_acf_changed":false},"product_brand":[287],"product_cat":[95,159,328],"product_tag":[],"class_list":{"0":"post-8775","1":"product","2":"type-product","3":"status-publish","4":"has-post-thumbnail","6":"product_brand-blackview","7":"product_cat-tablets-blackview","8":"product_cat-ofertas","9":"product_cat-tablets-blackview-tablets-inteligentes-blackview","11":"first","12":"instock","13":"sale","14":"shipping-taxable","15":"purchasable","16":"product-type-variable","17":"has-default-attributes"},"acf":[],"_links":{"self":[{"href":"https:\/\/blackviewphones.com\/fr\/wp-json\/wp\/v2\/product\/8775","targetHints":{"allow":["GET"]}}],"collection":[{"href":"https:\/\/blackviewphones.com\/fr\/wp-json\/wp\/v2\/product"}],"about":[{"href":"https:\/\/blackviewphones.com\/fr\/wp-json\/wp\/v2\/types\/product"}],"replies":[{"embeddable":true,"href":"https:\/\/blackviewphones.com\/fr\/wp-json\/wp\/v2\/comments?post=8775"}],"version-history":[{"count":0,"href":"https:\/\/blackviewphones.com\/fr\/wp-json\/wp\/v2\/product\/8775\/revisions"}],"wp:featuredmedia":[{"embeddable":true,"href":"https:\/\/blackviewphones.com\/fr\/wp-json\/wp\/v2\/media\/11084"}],"wp:attachment":[{"href":"https:\/\/blackviewphones.com\/fr\/wp-json\/wp\/v2\/media?parent=8775"}],"wp:term":[{"taxonomy":"product_brand","embeddable":true,"href":"https:\/\/blackviewphones.com\/fr\/wp-json\/wp\/v2\/product_brand?post=8775"},{"taxonomy":"product_cat","embeddable":true,"href":"https:\/\/blackviewphones.com\/fr\/wp-json\/wp\/v2\/product_cat?post=8775"},{"taxonomy":"product_tag","embeddable":true,"href":"https:\/\/blackviewphones.com\/fr\/wp-json\/wp\/v2\/product_tag?post=8775"}],"curies":[{"name":"wp","href":"https:\/\/api.w.org\/{rel}","templated":true}]}}