

{"id":8305,"date":"2025-07-24T11:24:44","date_gmt":"2025-07-24T09:24:44","guid":{"rendered":"https:\/\/blackviewphones.com\/?post_type=product&#038;p=8305"},"modified":"2026-04-14T12:36:58","modified_gmt":"2026-04-14T10:36:58","slug":"tablette-blackview-tab-active-5-android-15","status":"publish","type":"product","link":"https:\/\/blackviewphones.com\/fr\/product\/blackview-tab-active-5-tablet-android-15\/","title":{"rendered":"Tablette Blackview Active 5 8,68\u2033"},"content":{"rendered":"<h1>Tablette Blackview Active 5 | 6 Go\/8 Go de RAM | 128 Go de ROM<\/h1>\n<p><strong data-start=\"164\" data-end=\"272\">D\u00e9couvrez la nouvelle tablette Blackview, la tablette Active 5 8,68\u2033, plus durable et plus performante.<\/strong> Cette tablette compacte, d&#039;une \u00e9paisseur de seulement 12,3 mm, est dot\u00e9e d&#039;une batterie de 6\u00a0600 mAh et d&#039;une charge rapide de 18 W, garantissant une autonomie constante tout au long de la journ\u00e9e. Elle fonctionne sous DokeOS P 4.2, bas\u00e9 sur Android 15. Autant d&#039;atouts qui en font un outil de navigation tr\u00e8s appr\u00e9ci\u00e9 des motards.<\/p>\n<p data-start=\"491\" data-end=\"873\">Une tablette au style robuste et au poids de 510 grammes, avec certification<strong> IP68, IP69K et MIL-STD-810H<\/strong>. Il est dot\u00e9 de 6 ou 8 Go de RAM et de 128 Go de stockage, extensible jusqu&#039;\u00e0 2 To. Il comprend \u00e9galement un mode gants et la technologie NFC, ce qui le rend id\u00e9al pour le travail, les \u00e9tudes ou les loisirs.<\/p>","protected":false},"excerpt":{"rendered":"<p><strong>Autonomie de la batterie :<\/strong>6600 mAh avec charge rapide 18 W<\/p>\n<p><strong>Dimensions:<\/strong>218,5*131,7*12,3 mm<\/p>\n<p><strong>\u00c9cran:<\/strong>\u00c9cran IPS de 8,68 pouces, r\u00e9solution 800 x 1340<br \/>\nPanda<sup>@<\/sup>\u00a0MN228<\/p>\n<p><strong>Briller:<\/strong>360 nits<\/p>\n<p><strong>Syst\u00e8me op\u00e9rateur:<\/strong>DokeOS P 4.2 bas\u00e9 sur Android 15<\/p>\n<p>&nbsp;<\/p>\n<div id=\"gtx-trans\" style=\"position: absolute; left: 10px; top: 55.2344px;\">\n<div class=\"gtx-trans-icon\"><\/div>\n<\/div>","protected":false},"featured_media":13143,"comment_status":"closed","ping_status":"closed","template":"","meta":{"_acf_changed":false},"product_brand":[],"product_cat":[95,159,281],"product_tag":[],"class_list":{"0":"post-8305","1":"product","2":"type-product","3":"status-publish","4":"has-post-thumbnail","6":"product_cat-tablets-blackview","7":"product_cat-ofertas","8":"product_cat-tablets-blackview-tablets-resistentes-blackview","10":"first","11":"instock","12":"sale","13":"shipping-taxable","14":"purchasable","15":"product-type-variable","16":"has-default-attributes"},"acf":[],"_links":{"self":[{"href":"https:\/\/blackviewphones.com\/fr\/wp-json\/wp\/v2\/product\/8305","targetHints":{"allow":["GET"]}}],"collection":[{"href":"https:\/\/blackviewphones.com\/fr\/wp-json\/wp\/v2\/product"}],"about":[{"href":"https:\/\/blackviewphones.com\/fr\/wp-json\/wp\/v2\/types\/product"}],"replies":[{"embeddable":true,"href":"https:\/\/blackviewphones.com\/fr\/wp-json\/wp\/v2\/comments?post=8305"}],"version-history":[{"count":0,"href":"https:\/\/blackviewphones.com\/fr\/wp-json\/wp\/v2\/product\/8305\/revisions"}],"wp:featuredmedia":[{"embeddable":true,"href":"https:\/\/blackviewphones.com\/fr\/wp-json\/wp\/v2\/media\/13143"}],"wp:attachment":[{"href":"https:\/\/blackviewphones.com\/fr\/wp-json\/wp\/v2\/media?parent=8305"}],"wp:term":[{"taxonomy":"product_brand","embeddable":true,"href":"https:\/\/blackviewphones.com\/fr\/wp-json\/wp\/v2\/product_brand?post=8305"},{"taxonomy":"product_cat","embeddable":true,"href":"https:\/\/blackviewphones.com\/fr\/wp-json\/wp\/v2\/product_cat?post=8305"},{"taxonomy":"product_tag","embeddable":true,"href":"https:\/\/blackviewphones.com\/fr\/wp-json\/wp\/v2\/product_tag?post=8305"}],"curies":[{"name":"wp","href":"https:\/\/api.w.org\/{rel}","templated":true}]}}