

{"id":8271,"date":"2025-07-22T11:54:34","date_gmt":"2025-07-22T09:54:34","guid":{"rendered":"https:\/\/blackviewphones.com\/?post_type=product&#038;p=8271"},"modified":"2026-04-02T12:13:20","modified_gmt":"2026-04-02T10:13:20","slug":"blackview-acebook-6-16-go-de-ram-512-go-de-rom","status":"publish","type":"product","link":"https:\/\/blackviewphones.com\/fr\/product\/blackview-acebook-6-16-gb-ram-512-gb-rom\/","title":{"rendered":"Blackview AceBook 6 Intel N150 | 16 Go de RAM, SSD de 512 Go"},"content":{"rendered":"<h1>Ordinateur portable Blackview AceBook 6 | 16 Go de RAM, 512 Go de ROM<\/h1>\n<p>D\u00e9couvrez le nouveau <strong data-start=\"236\" data-end=\"259\">Blackview AceBook 6<\/strong>, Cet ordinateur portable offre un \u00e9quilibre parfait entre puissance, portabilit\u00e9 et \u00e9l\u00e9gance. Avec son design moderne Gris Stellaire et son \u00e9cran IPS Full HD+ de 15,6 pouces, il vous garantit une exp\u00e9rience visuelle nette et immersive pour vos t\u00e2ches quotidiennes et vos loisirs. Il est \u00e9quip\u00e9 de 16 Go de RAM et d&#039;un SSD rapide de 512 Go pour des performances fluides et un stockage s\u00e9curis\u00e9.<\/p>\n<h2 data-start=\"654\" data-end=\"709\">Profitez d&#039;images claires et de performances efficaces<\/h2>\n<p data-start=\"711\" data-end=\"1007\">Il <strong data-start=\"714\" data-end=\"727\">AceBook 6<\/strong> Il est \u00e9quip\u00e9 de Windows 11 Famille et d&#039;un processeur Intel\u00ae Twin Lake N150 cadenc\u00e9 jusqu&#039;\u00e0 3,6 GHz, garantissant un multit\u00e2che efficace et une r\u00e9activit\u00e9 optimale pour vos applications pr\u00e9f\u00e9r\u00e9es. De plus, sa batterie de 38 Wh vous assure une autonomie prolong\u00e9e.<\/p>\n<p data-start=\"711\" data-end=\"1007\"><strong data-start=\"132\" data-end=\"175\">Informations importantes sur le clavier<\/strong><br data-start=\"175\" data-end=\"178\" \/>Ce produit est un <strong data-start=\"198\" data-end=\"235\">clavier QWERTY externe (s\u00e9par\u00e9)<\/strong>, ainsi <strong data-start=\"248\" data-end=\"275\">n&#039;inclut pas la touche \u00ab \u00d1 \u00bb<\/strong>.<\/p>\n<p data-start=\"711\" data-end=\"1007\"><strong>Ce terminal est livr\u00e9 avec Windows 11 Famille et une licence OEM \u00e0 vie\u00a0; cette licence est li\u00e9e au mat\u00e9riel de l\u2019ordinateur et ne peut pas \u00eatre transf\u00e9r\u00e9e \u00e0 un autre ordinateur.<\/strong><\/p>\n<p>\u00a0<\/p>","protected":false},"excerpt":{"rendered":"<p><strong data-start=\"132\" data-end=\"175\">Informations importantes sur le clavier<\/strong><br data-start=\"175\" data-end=\"178\" \/>Ce produit est un <strong data-start=\"198\" data-end=\"235\">clavier QWERTY externe (s\u00e9par\u00e9)<\/strong>, ainsi <strong data-start=\"248\" data-end=\"275\">n&#039;inclut pas la touche \u00ab \u00d1 \u00bb<\/strong>.<\/p>\n<p>Intel\u00ae Twin Lake N150<br data-start=\"150\" data-end=\"153\" \/>Carte graphique Intel\u00ae<br data-start=\"168\" data-end=\"171\" \/>Compatible avec Windows 11 Famille<br data-start=\"201\" data-end=\"204\" \/>357,5 \u00d7 229,5 \u00d7 19,5 mm<br data-start=\"227\" data-end=\"230\" \/>\u00c9cran FHD+ 15,6 pouces | Poids\u00a0: 1,7 kg<br data-start=\"263\" data-end=\"266\" \/>38 Wh | Wi-Fi ac | Bluetooth 5.0<br data-start=\"297\" data-end=\"300\" \/>16 Go de RAM 512 Go SSD<\/p>\n<p><em>Ce terminal est livr\u00e9 avec Windows 11 Famille et une licence OEM \u00e0 vie\u00a0; cette licence est li\u00e9e au mat\u00e9riel de l\u2019ordinateur et ne peut pas \u00eatre transf\u00e9r\u00e9e \u00e0 un autre ordinateur.<\/em><\/p>","protected":false},"featured_media":13170,"comment_status":"open","ping_status":"closed","template":"","meta":{"_acf_changed":false},"product_brand":[287],"product_cat":[349],"product_tag":[333,312],"class_list":{"0":"post-8271","1":"product","2":"type-product","3":"status-publish","4":"has-post-thumbnail","6":"product_brand-blackview","7":"product_cat-sin-categoria","8":"product_tag-cargador-eu","9":"product_tag-notebook","11":"first","12":"outofstock","13":"sale","14":"shipping-taxable","15":"purchasable","16":"product-type-variable","17":"has-default-attributes"},"acf":[],"_links":{"self":[{"href":"https:\/\/blackviewphones.com\/fr\/wp-json\/wp\/v2\/product\/8271","targetHints":{"allow":["GET"]}}],"collection":[{"href":"https:\/\/blackviewphones.com\/fr\/wp-json\/wp\/v2\/product"}],"about":[{"href":"https:\/\/blackviewphones.com\/fr\/wp-json\/wp\/v2\/types\/product"}],"replies":[{"embeddable":true,"href":"https:\/\/blackviewphones.com\/fr\/wp-json\/wp\/v2\/comments?post=8271"}],"version-history":[{"count":0,"href":"https:\/\/blackviewphones.com\/fr\/wp-json\/wp\/v2\/product\/8271\/revisions"}],"wp:featuredmedia":[{"embeddable":true,"href":"https:\/\/blackviewphones.com\/fr\/wp-json\/wp\/v2\/media\/13170"}],"wp:attachment":[{"href":"https:\/\/blackviewphones.com\/fr\/wp-json\/wp\/v2\/media?parent=8271"}],"wp:term":[{"taxonomy":"product_brand","embeddable":true,"href":"https:\/\/blackviewphones.com\/fr\/wp-json\/wp\/v2\/product_brand?post=8271"},{"taxonomy":"product_cat","embeddable":true,"href":"https:\/\/blackviewphones.com\/fr\/wp-json\/wp\/v2\/product_cat?post=8271"},{"taxonomy":"product_tag","embeddable":true,"href":"https:\/\/blackviewphones.com\/fr\/wp-json\/wp\/v2\/product_tag?post=8271"}],"curies":[{"name":"wp","href":"https:\/\/api.w.org\/{rel}","templated":true}]}}