

{"id":8260,"date":"2025-07-22T10:15:54","date_gmt":"2025-07-22T08:15:54","guid":{"rendered":"https:\/\/blackviewphones.com\/?post_type=product&#038;p=8260"},"modified":"2026-01-27T11:01:50","modified_gmt":"2026-01-27T10:01:50","slug":"ecouteurs-bluetooth-blackview-fitbuds-h1","status":"publish","type":"product","link":"https:\/\/blackviewphones.com\/fr\/produit\/ecouteurs-bluetooth-blackview-fitbuds-h1\/","title":{"rendered":"Blackview FitBuds H1 \u2013 \u00c9couteurs Bluetooth 5.4 avec suppression du bruit ENC+DNS"},"content":{"rendered":"<h1>Blackview FitBuds H1 \u2013 \u00c9couteurs Bluetooth 5.4 avec suppression du bruit ENC+DNS<\/h1>\n<p>Le <strong data-start=\"225\" data-end=\"249\">Blackview FitBuds H1<\/strong> Ces \u00e9couteurs sans fil au design enveloppant sont con\u00e7us pour les amateurs de son clair et puissant. \u00c9quip\u00e9s de haut-parleurs de 40 mm, de codecs audio avanc\u00e9s (SBC, AAC et LHDC) et d&#039;une batterie de 500 mAh, ils offrent une exp\u00e9rience d&#039;\u00e9coute longue dur\u00e9e et de haute qualit\u00e9.<\/p>\n<p data-start=\"532\" data-end=\"575\"><strong data-start=\"532\" data-end=\"575\">Son surround. Une musique captivante.<\/strong><\/p>\n<p data-start=\"577\" data-end=\"829\">Gr\u00e2ce \u00e0 leurs puissants haut-parleurs de 40 mm et \u00e0 la compatibilit\u00e9 LHDC, les FitBuds H1 offrent un son d\u00e9taill\u00e9 et profond, id\u00e9al pour la musique, les films ou les jeux. Leur large gamme de fr\u00e9quences (20 Hz \u00e0 20 kHz) garantit un son r\u00e9aliste \u00e0 chaque note.<\/p>\n<p data-start=\"831\" data-end=\"881\"><strong data-start=\"831\" data-end=\"881\">Connexion stable. Libert\u00e9 de mouvement totale.<\/strong><\/p>\n<p data-start=\"883\" data-end=\"1122\">Avec le Bluetooth 5.4 et une port\u00e9e allant jusqu&#039;\u00e0 15 m\u00e8tres en int\u00e9rieur, profitez d&#039;une connexion fiable et fluide. De plus, leur port de charge Type-C permet une charge rapide\u00a0: en seulement 2\u00a0heures, ils sont pr\u00eats \u00e0 vous accompagner tout au long de la journ\u00e9e.<\/p>\n<p data-start=\"1124\" data-end=\"1171\"><strong data-start=\"1124\" data-end=\"1171\">Design confortable. Utilisation prolong\u00e9e sans inconfort.<\/strong><\/p>\n<p data-start=\"1173\" data-end=\"1385\">Gr\u00e2ce \u00e0 leur design ergonomique et \u00e0 leur poids \u00e9quilibr\u00e9, les FitBuds H1 s&#039;adaptent parfaitement \u00e0 vos oreilles, vous permettant de longues sessions sans fatigue. Disponibles dans des coloris \u00e9l\u00e9gants, comme <strong data-start=\"1349\" data-end=\"1365\">Noir<\/strong> et <strong data-start=\"1368\" data-end=\"1384\">Blanc<\/strong>.<\/p>","protected":false},"excerpt":{"rendered":"<p data-start=\"173\" data-end=\"196\"><strong data-start=\"173\" data-end=\"187\">Combin\u00e9:<\/strong> 5,28 g<\/p>\n<p data-start=\"199\" data-end=\"227\"><strong data-start=\"199\" data-end=\"217\">Coffre de chargement :<\/strong> 36,01 g<\/p>\n<p data-start=\"230\" data-end=\"265\"><strong data-start=\"230\" data-end=\"241\">Conducteur:<\/strong> Pilote dynamique \u03a613 mm<\/p>\n<p data-start=\"268\" data-end=\"288\"><strong data-start=\"268\" data-end=\"282\">Bluetooth :<\/strong> 5.4<\/p>\n<p data-start=\"291\" data-end=\"331\"><strong data-start=\"291\" data-end=\"316\">Suppression du bruit :<\/strong> Oui (ENC+DNS)<\/p>","protected":false},"featured_media":8268,"comment_status":"closed","ping_status":"closed","template":"","meta":{"_acf_changed":false},"product_brand":[287],"product_cat":[349],"product_tag":[],"class_list":{"0":"post-8260","1":"product","2":"type-product","3":"status-publish","4":"has-post-thumbnail","6":"product_brand-blackview","7":"product_cat-sin-categoria","9":"first","10":"outofstock","11":"sale","12":"shipping-taxable","13":"purchasable","14":"product-type-variable","15":"has-default-attributes"},"acf":[],"_links":{"self":[{"href":"https:\/\/blackviewphones.com\/fr\/wp-json\/wp\/v2\/product\/8260","targetHints":{"allow":["GET"]}}],"collection":[{"href":"https:\/\/blackviewphones.com\/fr\/wp-json\/wp\/v2\/product"}],"about":[{"href":"https:\/\/blackviewphones.com\/fr\/wp-json\/wp\/v2\/types\/product"}],"replies":[{"embeddable":true,"href":"https:\/\/blackviewphones.com\/fr\/wp-json\/wp\/v2\/comments?post=8260"}],"version-history":[{"count":0,"href":"https:\/\/blackviewphones.com\/fr\/wp-json\/wp\/v2\/product\/8260\/revisions"}],"wp:featuredmedia":[{"embeddable":true,"href":"https:\/\/blackviewphones.com\/fr\/wp-json\/wp\/v2\/media\/8268"}],"wp:attachment":[{"href":"https:\/\/blackviewphones.com\/fr\/wp-json\/wp\/v2\/media?parent=8260"}],"wp:term":[{"taxonomy":"product_brand","embeddable":true,"href":"https:\/\/blackviewphones.com\/fr\/wp-json\/wp\/v2\/product_brand?post=8260"},{"taxonomy":"product_cat","embeddable":true,"href":"https:\/\/blackviewphones.com\/fr\/wp-json\/wp\/v2\/product_cat?post=8260"},{"taxonomy":"product_tag","embeddable":true,"href":"https:\/\/blackviewphones.com\/fr\/wp-json\/wp\/v2\/product_tag?post=8260"}],"curies":[{"name":"wp","href":"https:\/\/api.w.org\/{rel}","templated":true}]}}