

{"id":8256,"date":"2025-07-21T11:24:54","date_gmt":"2025-07-21T09:24:54","guid":{"rendered":"https:\/\/blackviewphones.com\/?post_type=product&#038;p=8256"},"modified":"2026-04-30T10:05:18","modified_gmt":"2026-04-30T08:05:18","slug":"blackview-zeno-1-8-avec-android-15-4-go-de-ram-et-64-go-de-rom","status":"publish","type":"product","link":"https:\/\/blackviewphones.com\/fr\/product\/blackview-zeno-1-8-con-android-15-4-gb-ram-y-64-gb-rom\/","title":{"rendered":"Blackview ZENO 1 | 8 pouces avec Android 15, 12 Go de RAM et 64 Go de ROM"},"content":{"rendered":"<h1>Tablette Blackview ZENO 1 | 12 Go (4 Go + 8 Go) de RAM, 64 Go de ROM<\/h1>\n<p data-start=\"355\" data-end=\"659\">Le nouveau <strong data-start=\"364\" data-end=\"384\">Blackview ZENO 1<\/strong> Elle vous offre une exp\u00e9rience compacte, puissante et intelligente. Avec son \u00e9cran de 8 pouces, son design portable et \u00e9l\u00e9gant et son processeur Unisoc T615 haute performance, cette tablette est id\u00e9ale pour \u00e9tudier, travailler, cr\u00e9er et vous divertir o\u00f9 que vous soyez.<\/p>\n<p data-start=\"661\" data-end=\"856\">\u00c9quip\u00e9 d&#039;Android 15 (DokeOS_P 4.2), d&#039;une batterie de 6000 mAh, d&#039;un double WiFi 5G et de fonctionnalit\u00e9s aliment\u00e9es par l&#039;IA, c&#039;est bien plus qu&#039;une tablette : c&#039;est votre nouveau centre de contr\u00f4le personnel.<\/p>\n<h3 data-start=\"863\" data-end=\"927\">Contr\u00f4le IA + Google Lens : plus intelligent que jamais<\/h3>\n<p data-start=\"928\" data-end=\"1210\">Gr\u00e2ce \u00e0 l&#039;int\u00e9gration d&#039;assistants tels que ChatGPT-4o mini, Gemini 2.0 ou DeepSeek-R1, le ZENO 1 vous permet de composer, traduire, cr\u00e9er des images et obtenir des r\u00e9ponses intelligentes en toute simplicit\u00e9. De plus, gr\u00e2ce \u00e0 <strong data-start=\"1131\" data-end=\"1146\">Google Lens<\/strong>, une seule image suffit pour rechercher, identifier, copier du texte et plus encore.<\/p>\n<h3 data-start=\"1721\" data-end=\"1773\">Espace priv\u00e9 : prot\u00e9gez ce qui compte le plus<\/h3>\n<p data-start=\"1774\" data-end=\"1956\">Votre vie priv\u00e9e est notre priorit\u00e9. Activez le mode <strong data-start=\"1817\" data-end=\"1836\">Espace priv\u00e9<\/strong> et masquez vos applications personnelles (bancaires, r\u00e9seaux sociaux, etc.) en toute s\u00e9curit\u00e9. Personne ne remarquera leur pr\u00e9sence.<\/p>","protected":false},"excerpt":{"rendered":"<p>\u00c9cran HD de 8 pouces avec taux de rafra\u00eechissement de 90 Hz<br \/>\n336,5 g ultra-l\u00e9ger et 8,2 mm ultra-fin<br \/>\nPrise en charge du format Widevine L1 1080P<br \/>\nSupport de tablette mains libres int\u00e9gr\u00e9<br \/>\nTablette IA optimis\u00e9e par ChatGPT, Gemini et DeepSeek<\/p>","protected":false},"featured_media":11378,"comment_status":"open","ping_status":"closed","template":"","meta":{"_acf_changed":false},"product_brand":[287],"product_cat":[159,339,95,328],"product_tag":[352],"class_list":{"0":"post-8256","1":"product","2":"type-product","3":"status-publish","4":"has-post-thumbnail","6":"product_brand-blackview","7":"product_cat-ofertas","8":"product_cat-otros-productos","9":"product_cat-tablets-blackview","10":"product_cat-tablets-blackview-tablets-inteligentes-blackview","11":"product_tag-352","13":"first","14":"instock","15":"sale","16":"shipping-taxable","17":"purchasable","18":"product-type-variable","19":"has-default-attributes"},"acf":[],"_links":{"self":[{"href":"https:\/\/blackviewphones.com\/fr\/wp-json\/wp\/v2\/product\/8256","targetHints":{"allow":["GET"]}}],"collection":[{"href":"https:\/\/blackviewphones.com\/fr\/wp-json\/wp\/v2\/product"}],"about":[{"href":"https:\/\/blackviewphones.com\/fr\/wp-json\/wp\/v2\/types\/product"}],"replies":[{"embeddable":true,"href":"https:\/\/blackviewphones.com\/fr\/wp-json\/wp\/v2\/comments?post=8256"}],"version-history":[{"count":0,"href":"https:\/\/blackviewphones.com\/fr\/wp-json\/wp\/v2\/product\/8256\/revisions"}],"wp:featuredmedia":[{"embeddable":true,"href":"https:\/\/blackviewphones.com\/fr\/wp-json\/wp\/v2\/media\/11378"}],"wp:attachment":[{"href":"https:\/\/blackviewphones.com\/fr\/wp-json\/wp\/v2\/media?parent=8256"}],"wp:term":[{"taxonomy":"product_brand","embeddable":true,"href":"https:\/\/blackviewphones.com\/fr\/wp-json\/wp\/v2\/product_brand?post=8256"},{"taxonomy":"product_cat","embeddable":true,"href":"https:\/\/blackviewphones.com\/fr\/wp-json\/wp\/v2\/product_cat?post=8256"},{"taxonomy":"product_tag","embeddable":true,"href":"https:\/\/blackviewphones.com\/fr\/wp-json\/wp\/v2\/product_tag?post=8256"}],"curies":[{"name":"wp","href":"https:\/\/api.w.org\/{rel}","templated":true}]}}