

{"id":8222,"date":"2025-07-11T12:01:17","date_gmt":"2025-07-11T10:01:17","guid":{"rendered":"https:\/\/blackviewphones.com\/?post_type=product&#038;p=8222"},"modified":"2026-04-02T09:25:51","modified_gmt":"2026-04-02T07:25:51","slug":"bandouliere-pour-tablette-blackview-rugged","status":"publish","type":"product","link":"https:\/\/blackviewphones.com\/fr\/produit\/bandouliere-pour-tablette-blackview-rugged\/","title":{"rendered":"Bandouli\u00e8re Blackview pour tablettes robustes"},"content":{"rendered":"<h1 data-spm-anchor-id=\"a2g0o.detail.1000016.i4.6bb25b43f3exZP\"><strong data-start=\"288\" data-end=\"343\">Bandouli\u00e8re Blackview pour tablettes robustes<\/strong><\/h1>\n<p data-spm-anchor-id=\"a2g0o.detail.1000016.i4.6bb25b43f3exZP\">Rendez votre quotidien plus confortable avec le <strong data-start=\"380\" data-end=\"410\">Bandouli\u00e8re Blackview<\/strong>Con\u00e7u pour faciliter le transport de votre tablette, en toute s\u00e9curit\u00e9 et commodit\u00e9. Id\u00e9al pour les professionnels en d\u00e9placement, les techniciens de terrain ou tout utilisateur souhaitant garder son appareil \u00e0 port\u00e9e de main.<\/p>\n<p data-start=\"621\" data-end=\"642\"><strong data-start=\"621\" data-end=\"640\">Compatible avec :<\/strong><\/p>\n<ul>\n<li data-start=\"645\" data-end=\"670\">Blackview <strong>Active 10 Pro<\/strong><\/li>\n<li data-start=\"673\" data-end=\"698\">Blackview <strong>Active 12 Pro<\/strong><\/li>\n<li data-start=\"701\" data-end=\"719\">Blackview <strong>Actif 7<\/strong><\/li>\n<li>Couleur : Noir<\/li>\n<li data-spm-anchor-id=\"a2g0o.detail.1000016.i4.6bb25b43f3exZP\">Mati\u00e8re : Cuir<\/li>\n<li data-spm-anchor-id=\"a2g0o.detail.1000016.i4.6bb25b43f3exZP\">Contenu : 1 bandouli\u00e8re<\/li>\n<\/ul>\n<h2 data-start=\"193\" data-end=\"246\"><strong data-start=\"197\" data-end=\"246\">Caract\u00e9ristiques de la bandouli\u00e8re Blackview<\/strong><\/h2>\n<ul data-start=\"248\" data-end=\"780\">\n<li data-start=\"248\" data-end=\"339\">\n<p data-start=\"250\" data-end=\"339\"><strong data-start=\"250\" data-end=\"263\">Portable:<\/strong> facilite le transport de votre tablette sans avoir \u00e0 la porter \u00e0 la main.<\/p>\n<\/li>\n<li data-start=\"340\" data-end=\"429\">\n<p data-start=\"342\" data-end=\"429\"><strong data-start=\"342\" data-end=\"359\">Mains libres :<\/strong> id\u00e9al pour travailler ou voyager en toute libert\u00e9 de mouvement.<\/p>\n<\/li>\n<li data-start=\"430\" data-end=\"524\">\n<p data-start=\"432\" data-end=\"524\"><strong data-start=\"432\" data-end=\"468\">Bandouli\u00e8re r\u00e9glable :<\/strong> s&#039;adapte \u00e0 diff\u00e9rentes hauteurs et pr\u00e9f\u00e9rences d&#039;utilisation.<\/p>\n<\/li>\n<li data-start=\"611\" data-end=\"687\">\n<p data-start=\"613\" data-end=\"687\"><strong data-start=\"613\" data-end=\"638\">Installation facile :<\/strong> se fixe facilement \u00e0 la tablette compatible.<\/p>\n<\/li>\n<li data-start=\"688\" data-end=\"780\">\n<p data-start=\"690\" data-end=\"780\"><strong data-start=\"690\" data-end=\"709\">Compatibilit\u00e9:<\/strong> Valable pour les tablettes Blackview Active 10 Pro, Active 12 Pro et Active 7.<\/p>\n<\/li>\n<\/ul>","protected":false},"excerpt":{"rendered":"<p>Bandouli\u00e8re Blackview pour tablettes robustes. Simplifiez-vous la vie au quotidien avec la bandouli\u00e8re Blackview, con\u00e7ue pour transporter votre tablette plus facilement et plus facilement. Id\u00e9ale pour les professionnels en d\u00e9placement, les techniciens de terrain ou tout utilisateur souhaitant toujours avoir son appareil \u00e0 port\u00e9e de main. Compatible avec\u00a0: Blackview<\/p>\n<div class=\"klb-readmore entry-button\"><a class=\"btn read-more\" href=\"https:\/\/blackviewphones.com\/fr\/produit\/bandouliere-pour-tablette-blackview-rugged\/\">En savoir plus<\/a><\/div>","protected":false},"featured_media":8227,"comment_status":"closed","ping_status":"closed","template":"","meta":{"_acf_changed":false},"product_brand":[],"product_cat":[154],"product_tag":[317,310,232],"class_list":{"0":"post-8222","1":"product","2":"type-product","3":"status-publish","4":"has-post-thumbnail","6":"product_cat-accesorios-blackview","7":"product_tag-active-8-pro","8":"product_tag-funda-teclado","9":"product_tag-tablet","11":"first","12":"instock","13":"sale","14":"shipping-taxable","15":"purchasable","16":"product-type-variable","17":"has-default-attributes"},"acf":[],"_links":{"self":[{"href":"https:\/\/blackviewphones.com\/fr\/wp-json\/wp\/v2\/product\/8222","targetHints":{"allow":["GET"]}}],"collection":[{"href":"https:\/\/blackviewphones.com\/fr\/wp-json\/wp\/v2\/product"}],"about":[{"href":"https:\/\/blackviewphones.com\/fr\/wp-json\/wp\/v2\/types\/product"}],"replies":[{"embeddable":true,"href":"https:\/\/blackviewphones.com\/fr\/wp-json\/wp\/v2\/comments?post=8222"}],"version-history":[{"count":0,"href":"https:\/\/blackviewphones.com\/fr\/wp-json\/wp\/v2\/product\/8222\/revisions"}],"wp:featuredmedia":[{"embeddable":true,"href":"https:\/\/blackviewphones.com\/fr\/wp-json\/wp\/v2\/media\/8227"}],"wp:attachment":[{"href":"https:\/\/blackviewphones.com\/fr\/wp-json\/wp\/v2\/media?parent=8222"}],"wp:term":[{"taxonomy":"product_brand","embeddable":true,"href":"https:\/\/blackviewphones.com\/fr\/wp-json\/wp\/v2\/product_brand?post=8222"},{"taxonomy":"product_cat","embeddable":true,"href":"https:\/\/blackviewphones.com\/fr\/wp-json\/wp\/v2\/product_cat?post=8222"},{"taxonomy":"product_tag","embeddable":true,"href":"https:\/\/blackviewphones.com\/fr\/wp-json\/wp\/v2\/product_tag?post=8222"}],"curies":[{"name":"wp","href":"https:\/\/api.w.org\/{rel}","templated":true}]}}