

{"id":7649,"date":"2025-05-20T17:34:57","date_gmt":"2025-05-20T15:34:57","guid":{"rendered":"https:\/\/blackviewphones.com\/?post_type=product&#038;p=7649"},"modified":"2026-04-23T12:14:58","modified_gmt":"2026-04-23T10:14:58","slug":"mini-pc-blackview-mp20-n150","status":"publish","type":"product","link":"https:\/\/blackviewphones.com\/fr\/product\/blackview-mp20-mini-pc-n150\/","title":{"rendered":"Mini PC Blackview MP20 N150 | 8 Go\/16 Go de RAM 256 Go\/512 Go de ROM"},"content":{"rendered":"<h1>Mini PC Blackview MP20 N150 | 8 Go\/16 Go de RAM 256 Go\/512 Go de ROM<\/h1>\n<p>Le Blackview MP20 est un mini PC petit et puissant con\u00e7u pour offrir des performances exceptionnelles, que vous travailliez sur <em>bureau \u00e0 domicile,\u00a0<\/em>voyage ou divertissement \u00e0 domicile. Il se distingue par son processeur Intel\u00ae Twin Lake N150, son Bluetooth 5.2 et son WiFi 6.0. De plus, il est disponible en deux capacit\u00e9s diff\u00e9rentes pour r\u00e9pondre \u00e0 vos besoins. Il utilise une faible consommation d\u2019\u00e9nergie, ce qui contribue \u00e0 r\u00e9duire votre empreinte carbone et \u00e0 \u00e9conomiser sur les co\u00fbts d\u2019\u00e9lectricit\u00e9 \u00e0 long terme.<\/p>\n<p><strong>IMPORTANT:<\/strong><\/p>\n<p>Ce mini PC est livr\u00e9 avec Windows 11 \u00c9tudiant pr\u00e9install\u00e9. Si vous avez un compte, veuillez le saisir lorsque le programme vous le demande. Si vous n&#039;avez pas de compte \u00c9tudiant, pour \u00e9viter de reformater ou de r\u00e9installer Windows, nous vous recommandons de d\u00e9marrer les param\u00e8tres AVEC LE C\u00c2BLE ETHERNET D\u00c9BRANCH\u00c9 afin de pouvoir effectuer une installation de compte local.<br \/>\nSinon, vous devrez r\u00e9installer le Windows de votre choix, que vous pouvez t\u00e9l\u00e9charger \u00e0 partir du site Web de Microsoft (et vous aurez peut-\u00eatre besoin des pilotes g\u00e9n\u00e9riques). Pour entrer dans le BIOS, utilisez la touche SUPPR pendant le d\u00e9marrage.<\/p>","protected":false},"excerpt":{"rendered":"<p>Intel\u00ae Twin Lake N150<\/p>\n<p>8 Go\/16 Go + 256 Go\/512 Go de ROM (jusqu&#039;\u00e0 2 To)<\/p>\n<p>Carte graphique Intel UHD 4K<\/p>\n<p>Windows 11 Pro pr\u00e9install\u00e9<\/p>\n<p>Dimensions 100*100*35,2 mm<\/p>\n<p>Wi-Fi 6 double bande et Bluetooth 5.2 sans fil<\/p>","protected":false},"featured_media":10947,"comment_status":"closed","ping_status":"closed","template":"","meta":{"_acf_changed":false},"product_brand":[287],"product_cat":[42],"product_tag":[],"class_list":{"0":"post-7649","1":"product","2":"type-product","3":"status-publish","4":"has-post-thumbnail","6":"product_brand-blackview","7":"product_cat-moviles-blackview","9":"first","10":"outofstock","11":"sale","12":"shipping-taxable","13":"purchasable","14":"product-type-variable","15":"has-default-attributes"},"acf":[],"_links":{"self":[{"href":"https:\/\/blackviewphones.com\/fr\/wp-json\/wp\/v2\/product\/7649","targetHints":{"allow":["GET"]}}],"collection":[{"href":"https:\/\/blackviewphones.com\/fr\/wp-json\/wp\/v2\/product"}],"about":[{"href":"https:\/\/blackviewphones.com\/fr\/wp-json\/wp\/v2\/types\/product"}],"replies":[{"embeddable":true,"href":"https:\/\/blackviewphones.com\/fr\/wp-json\/wp\/v2\/comments?post=7649"}],"version-history":[{"count":0,"href":"https:\/\/blackviewphones.com\/fr\/wp-json\/wp\/v2\/product\/7649\/revisions"}],"wp:featuredmedia":[{"embeddable":true,"href":"https:\/\/blackviewphones.com\/fr\/wp-json\/wp\/v2\/media\/10947"}],"wp:attachment":[{"href":"https:\/\/blackviewphones.com\/fr\/wp-json\/wp\/v2\/media?parent=7649"}],"wp:term":[{"taxonomy":"product_brand","embeddable":true,"href":"https:\/\/blackviewphones.com\/fr\/wp-json\/wp\/v2\/product_brand?post=7649"},{"taxonomy":"product_cat","embeddable":true,"href":"https:\/\/blackviewphones.com\/fr\/wp-json\/wp\/v2\/product_cat?post=7649"},{"taxonomy":"product_tag","embeddable":true,"href":"https:\/\/blackviewphones.com\/fr\/wp-json\/wp\/v2\/product_tag?post=7649"}],"curies":[{"name":"wp","href":"https:\/\/api.w.org\/{rel}","templated":true}]}}