

{"id":7636,"date":"2025-05-19T16:38:07","date_gmt":"2025-05-19T14:38:07","guid":{"rendered":"https:\/\/blackviewphones.com\/?post_type=product&#038;p=7636"},"modified":"2026-05-03T16:05:15","modified_gmt":"2026-05-03T14:05:15","slug":"blackview-color-6-24-go-de-ram-256-go-de-rom","status":"publish","type":"product","link":"https:\/\/blackviewphones.com\/fr\/product\/blackview-color-6-24gb-ram-256gb-rom\/","title":{"rendered":"Blackview COLOR 6 | 24 Go de RAM | 128 Go\/256 Go de ROM"},"content":{"rendered":"<h1>Blackview COLOR 6 | 24 Go de RAM | 128 Go\/256 Go de ROM<\/h1>\n<p>Le nouveau\u00a0<strong>Blackview COLOR 6<\/strong>, est le t\u00e9l\u00e9phone mobile Blackview avec un prix abordable, \u00e9l\u00e9gant et pratique. Il a un processeur\u00a0<strong>MediaTek Helio G81<\/strong>, avec un appareil photo principal de 50 Mpx, un \u00e9cran de\u00a0<strong>6,67 pouces\u00a0<\/strong>et un poids l\u00e9ger de<strong>\u00a0199,4 gr<\/strong>. De plus, il dispose d&#039;une batterie de\u00a0<strong>5000 mAh\u00a0<\/strong>et tout dans un seul syst\u00e8me d&#039;exploitation\u00a0<strong>Android 15<\/strong>. C&#039;est un t\u00e9l\u00e9phone mobile moderne avec de bonnes fonctionnalit\u00e9s, avec son<strong> 8 Go de RAM, extensible virtuellement \u00e0 24 Go<\/strong>\u00a0et<strong>\u00a0256 Go\u00a0<\/strong>stockage interne<strong>\u00a0ROM<\/strong>.<\/p>","protected":false},"excerpt":{"rendered":"<p data-start=\"183\" data-end=\"494\">Il <strong data-start=\"186\" data-end=\"207\">Blackview COLOR 6<\/strong> Il se distingue par son design \u00e9l\u00e9gant et raffin\u00e9, con\u00e7u pour ceux qui recherchent puissance et style dans un seul appareil. Il int\u00e8gre le processeur <strong data-start=\"347\" data-end=\"369\">MediaTek Helio G81<\/strong>, accompagn\u00e9 de 8 Go de RAM extensible jusqu&#039;\u00e0 24 Go (8 Go + 16 Go virtuels), garantissant une fluidit\u00e9 m\u00eame en cas de multit\u00e2ches exigeantes.<\/p>\n<p data-start=\"496\" data-end=\"883\">Disponible avec 128 Go ou 256 Go de stockage, il offre largement assez d&#039;espace pour vos applications, photos et fichiers. Son \u00e9cran de 6,67 pouces offre une exp\u00e9rience visuelle immersive, tandis que sa batterie de 5\u00a0000 mAh garantit une autonomie d&#039;une journ\u00e9e enti\u00e8re. Avec Android 15 et un appareil photo principal de 50 MP, le COLOR 6 capture chaque d\u00e9tail avec une nettet\u00e9 exceptionnelle, le tout dans un format ultra-l\u00e9ger de seulement 199,4 g.<\/p>","protected":false},"featured_media":13039,"comment_status":"closed","ping_status":"closed","template":"","meta":{"_acf_changed":false},"product_brand":[287],"product_cat":[42,327,159],"product_tag":[],"class_list":{"0":"post-7636","1":"product","2":"type-product","3":"status-publish","4":"has-post-thumbnail","6":"product_brand-blackview","7":"product_cat-moviles-blackview","8":"product_cat-moviles-inteligentes-blackview","9":"product_cat-ofertas","11":"first","12":"instock","13":"sale","14":"shipping-taxable","15":"purchasable","16":"product-type-variable","17":"has-default-attributes"},"acf":[],"_links":{"self":[{"href":"https:\/\/blackviewphones.com\/fr\/wp-json\/wp\/v2\/product\/7636","targetHints":{"allow":["GET"]}}],"collection":[{"href":"https:\/\/blackviewphones.com\/fr\/wp-json\/wp\/v2\/product"}],"about":[{"href":"https:\/\/blackviewphones.com\/fr\/wp-json\/wp\/v2\/types\/product"}],"replies":[{"embeddable":true,"href":"https:\/\/blackviewphones.com\/fr\/wp-json\/wp\/v2\/comments?post=7636"}],"version-history":[{"count":0,"href":"https:\/\/blackviewphones.com\/fr\/wp-json\/wp\/v2\/product\/7636\/revisions"}],"wp:featuredmedia":[{"embeddable":true,"href":"https:\/\/blackviewphones.com\/fr\/wp-json\/wp\/v2\/media\/13039"}],"wp:attachment":[{"href":"https:\/\/blackviewphones.com\/fr\/wp-json\/wp\/v2\/media?parent=7636"}],"wp:term":[{"taxonomy":"product_brand","embeddable":true,"href":"https:\/\/blackviewphones.com\/fr\/wp-json\/wp\/v2\/product_brand?post=7636"},{"taxonomy":"product_cat","embeddable":true,"href":"https:\/\/blackviewphones.com\/fr\/wp-json\/wp\/v2\/product_cat?post=7636"},{"taxonomy":"product_tag","embeddable":true,"href":"https:\/\/blackviewphones.com\/fr\/wp-json\/wp\/v2\/product_tag?post=7636"}],"curies":[{"name":"wp","href":"https:\/\/api.w.org\/{rel}","templated":true}]}}