

{"id":7629,"date":"2025-05-19T11:01:29","date_gmt":"2025-05-19T09:01:29","guid":{"rendered":"https:\/\/blackviewphones.com\/?post_type=product&#038;p=7629"},"modified":"2026-05-05T12:34:55","modified_gmt":"2026-05-05T10:34:55","slug":"blackview-bv4800-se-12-go-ram-64-go-rom","status":"publish","type":"product","link":"https:\/\/blackviewphones.com\/fr\/product\/blackview-bv4800-se-12gb-ram-64gb-rom\/","title":{"rendered":"Blackview BV4800 SE | 12 Go de RAM + 64 Go de ROM"},"content":{"rendered":"<h1>Blackview BV4800 SE | 12 Go de RAM + 64 Go de ROM<\/h1>\n<p>D\u00e9couvrez le nouveau t\u00e9l\u00e9phone robuste Blackview, le BV4800 SE avec NFC est un t\u00e9l\u00e9phone mobile id\u00e9al si vous recherchez un appareil simple, tr\u00e8s abordable et robuste. Ce smartphone a<strong> 4 Go <\/strong>par c\u0153ur<strong> B\u00c9LIER<\/strong> pratiquement extensible <strong>jusqu&#039;\u00e0 12 Go<\/strong> pr\u00e8s de <strong>64 Go<\/strong> de <strong>ROM<\/strong> <strong>extensible<\/strong> via la carte SD<strong> jusqu&#039;\u00e0 2 To<\/strong>. \u00c9cran HD de <strong>6,56 pouces<\/strong>\u00a0sous le syst\u00e8me d&#039;exploitation <strong>Android 15 <\/strong>et une batterie de<strong> 5100 mAh.<\/strong><\/p>\n<h2><span style=\"font-size: 16px;\">IP68 : CE QUE VOUS POUVEZ ET NE POUVEZ PAS FAIRE<\/span><\/h2>\n<p>Si un appareil est certifi\u00e9 IP68, cela signifie qu&#039;il peut \u00eatre immerg\u00e9 dans l&#039;eau. <strong>eau douce<\/strong>\u00a0<strong>\u00e0 des profondeurs allant jusqu&#039;\u00e0 un m\u00e8tre pendant une dur\u00e9e maximale de 30 minutes, \u00e0 condition que les protections terminales restent correctement scell\u00e9es.<\/strong><\/p>\n<p><strong>Nous vous laissons quelques conseils<\/strong>\u00a0<strong>pour tout terminal certifi\u00e9 IP68<\/strong>:<\/p>\n<ul>\n<li>N&#039;exposez pas le smartphone IP68 aux courants d&#039;eau tels que l&#039;eau du robinet, les vagues de l&#039;oc\u00e9an ou les cascades.<\/li>\n<li>Si votre smartphone IP68 a \u00e9t\u00e9 expos\u00e9 \u00e0 de l&#039;eau douce, s\u00e9chez-le soigneusement avec un chiffon propre et doux.<\/li>\n<li>Si le smartphone IP68 a \u00e9t\u00e9 expos\u00e9 \u00e0 un type de liquide autre que de l&#039;eau douce (comme l&#039;eau de mer), rincez imm\u00e9diatement l&#039;appareil d\u00e9licatement \u00e0 l&#039;eau douce et s\u00e9chez soigneusement avec un chiffon doux et propre.<\/li>\n<li>Si vous avez des doutes sur la bonne fermeture des protections.\u00a0<strong>NON\u00a0<\/strong>tu le mouilles.<\/li>\n<li>Nous vous d\u00e9conseillons d&#039;effectuer des tests agressifs pour d\u00e9montrer votre r\u00e9sistance.<\/li>\n<li>De plus, il est d\u00e9conseill\u00e9 de manipuler les boutons de l&#039;appareil dans l&#039;eau.<\/li>\n<li>Il n&#039;est pas recommand\u00e9 d&#039;immerger l&#039;appareil dans l&#039;eau sal\u00e9e, car la certification IP ne s&#039;applique qu&#039;\u00e0 l&#039;eau douce.<\/li>\n<\/ul>\n<div id=\"gtx-trans\" style=\"position: absolute; left: -7px; top: 9.4375px;\">\n<div class=\"gtx-trans-icon\"><\/div>\n<\/div>","protected":false},"excerpt":{"rendered":"<p>UNISOC T615<\/p>\n<p>4 Go + 8 Go de RAM 64 Go de ROM (jusqu&#039;\u00e0 2 To)<\/p>\n<p>Android 15<\/p>\n<p>174,7*81,5*13,5 mm<\/p>\n<p>\u00c9cran 6,56\u2033 Poids 285 grammes<\/p>\n<p>5100 mAh<\/p>\n<p>T\u00e9l\u00e9phone mobile robuste avec NFC<\/p>","protected":false},"featured_media":13153,"comment_status":"closed","ping_status":"closed","template":"","meta":{"_acf_changed":false},"product_brand":[287],"product_cat":[42,136,159,157],"product_tag":[],"class_list":{"0":"post-7629","1":"product","2":"type-product","3":"status-publish","4":"has-post-thumbnail","6":"product_brand-blackview","7":"product_cat-moviles-blackview","8":"product_cat-moviles-resistentes-rugerizados","9":"product_cat-ofertas","10":"product_cat-moviles-resistentes-rugerizados-otros-modelos","12":"first","13":"instock","14":"sale","15":"shipping-taxable","16":"purchasable","17":"product-type-variable","18":"has-default-attributes"},"acf":[],"_links":{"self":[{"href":"https:\/\/blackviewphones.com\/fr\/wp-json\/wp\/v2\/product\/7629","targetHints":{"allow":["GET"]}}],"collection":[{"href":"https:\/\/blackviewphones.com\/fr\/wp-json\/wp\/v2\/product"}],"about":[{"href":"https:\/\/blackviewphones.com\/fr\/wp-json\/wp\/v2\/types\/product"}],"replies":[{"embeddable":true,"href":"https:\/\/blackviewphones.com\/fr\/wp-json\/wp\/v2\/comments?post=7629"}],"version-history":[{"count":0,"href":"https:\/\/blackviewphones.com\/fr\/wp-json\/wp\/v2\/product\/7629\/revisions"}],"wp:featuredmedia":[{"embeddable":true,"href":"https:\/\/blackviewphones.com\/fr\/wp-json\/wp\/v2\/media\/13153"}],"wp:attachment":[{"href":"https:\/\/blackviewphones.com\/fr\/wp-json\/wp\/v2\/media?parent=7629"}],"wp:term":[{"taxonomy":"product_brand","embeddable":true,"href":"https:\/\/blackviewphones.com\/fr\/wp-json\/wp\/v2\/product_brand?post=7629"},{"taxonomy":"product_cat","embeddable":true,"href":"https:\/\/blackviewphones.com\/fr\/wp-json\/wp\/v2\/product_cat?post=7629"},{"taxonomy":"product_tag","embeddable":true,"href":"https:\/\/blackviewphones.com\/fr\/wp-json\/wp\/v2\/product_tag?post=7629"}],"curies":[{"name":"wp","href":"https:\/\/api.w.org\/{rel}","templated":true}]}}