

{"id":7336,"date":"2025-04-23T17:07:32","date_gmt":"2025-04-23T15:07:32","guid":{"rendered":"https:\/\/blackviewphones.com\/?post_type=product&#038;p=7336"},"modified":"2026-04-14T14:04:11","modified_gmt":"2026-04-14T12:04:11","slug":"etui-pour-blackview-active-8-pro","status":"publish","type":"product","link":"https:\/\/blackviewphones.com\/fr\/product\/blackview-funda-soporte-active-8-pro-holster\/","title":{"rendered":"\u00c9tui pour Blackview Active 8 Pro"},"content":{"rendered":"<h1 data-spm-anchor-id=\"a2g0o.detail.1000016.i4.6bb25b43f3exZP\">\u00c9tui pour Blackview Active 8 Pro<\/h1>\n<p data-spm-anchor-id=\"a2g0o.detail.1000016.i4.6bb25b43f3exZP\">D\u00e9couvrez l&#039;\u00e9tui Holster Blackview Active 8 Pro. Avec deux boucles lat\u00e9rales triangulaires pour ajouter une ceinture et le porter \u00e0 l&#039;\u00e9paule ou une poign\u00e9e pour faciliter le transport \u00e0 la main.<\/p>\n<ul>\n<li data-spm-anchor-id=\"a2g0o.detail.1000016.i4.6bb25b43f3exZP\">Compatible avec : Tablette Blackview Active 8 Pro<\/li>\n<li data-spm-anchor-id=\"a2g0o.detail.1000016.i4.6bb25b43f3exZP\">Couleur : Noir avec orange<\/li>\n<li data-spm-anchor-id=\"a2g0o.detail.1000016.i4.6bb25b43f3exZP\">Mati\u00e8re : Cuir<\/li>\n<li data-spm-anchor-id=\"a2g0o.detail.1000016.i4.6bb25b43f3exZP\">Contenu : 1* \u00c9tui, 1* Poign\u00e9e, 1* Bandouli\u00e8re<\/li>\n<\/ul>\n<h2>Caract\u00e9ristiques de l&#039;\u00e9tui Active 8 Pro<\/h2>\n<ul>\n<li>Portable<\/li>\n<li>Support arri\u00e8re<\/li>\n<li>Protection ext\u00e9rieure pour tablette<\/li>\n<li>Bandouli\u00e8re r\u00e9glable<\/li>\n<li>Ouvert sur le devant pour un acc\u00e8s facile<\/li>\n<li>Utilit\u00e9 : \u00c9tui portable, comme support et dragonne<\/li>\n<\/ul>","protected":false},"excerpt":{"rendered":"<p>\u00c9tui avec support pour Blackview Active 8 Pro. D\u00e9couvrez l&#039;\u00e9tui avec support pour Blackview Active 8 Pro. Il est dot\u00e9 de deux boucles triangulaires lat\u00e9rales permettant de le fixer \u00e0 une ceinture et de le porter \u00e0 l&#039;\u00e9paule, ou d&#039;une poign\u00e9e pour un transport ais\u00e9 \u00e0 la main. Compatible avec\u00a0: la tablette Blackview Active 8 Pro. Couleur\u00a0: Noir avec d\u00e9tails orange. Mati\u00e8re\u00a0: Cuir. Contenu\u00a0: 1 \u00e9tui, 1 poign\u00e9e.,<\/p>\n<div class=\"klb-readmore entry-button\"><a class=\"btn read-more\" href=\"https:\/\/blackviewphones.com\/fr\/product\/blackview-funda-soporte-active-8-pro-holster\/\">En savoir plus<\/a><\/div>","protected":false},"featured_media":7701,"comment_status":"closed","ping_status":"closed","template":"","meta":{"_acf_changed":false},"product_brand":[],"product_cat":[154],"product_tag":[317,310,232],"class_list":{"0":"post-7336","1":"product","2":"type-product","3":"status-publish","4":"has-post-thumbnail","6":"product_cat-accesorios-blackview","7":"product_tag-active-8-pro","8":"product_tag-funda-teclado","9":"product_tag-tablet","11":"first","12":"instock","13":"sale","14":"shipping-taxable","15":"purchasable","16":"product-type-variable","17":"has-default-attributes"},"acf":[],"_links":{"self":[{"href":"https:\/\/blackviewphones.com\/fr\/wp-json\/wp\/v2\/product\/7336","targetHints":{"allow":["GET"]}}],"collection":[{"href":"https:\/\/blackviewphones.com\/fr\/wp-json\/wp\/v2\/product"}],"about":[{"href":"https:\/\/blackviewphones.com\/fr\/wp-json\/wp\/v2\/types\/product"}],"replies":[{"embeddable":true,"href":"https:\/\/blackviewphones.com\/fr\/wp-json\/wp\/v2\/comments?post=7336"}],"version-history":[{"count":0,"href":"https:\/\/blackviewphones.com\/fr\/wp-json\/wp\/v2\/product\/7336\/revisions"}],"wp:featuredmedia":[{"embeddable":true,"href":"https:\/\/blackviewphones.com\/fr\/wp-json\/wp\/v2\/media\/7701"}],"wp:attachment":[{"href":"https:\/\/blackviewphones.com\/fr\/wp-json\/wp\/v2\/media?parent=7336"}],"wp:term":[{"taxonomy":"product_brand","embeddable":true,"href":"https:\/\/blackviewphones.com\/fr\/wp-json\/wp\/v2\/product_brand?post=7336"},{"taxonomy":"product_cat","embeddable":true,"href":"https:\/\/blackviewphones.com\/fr\/wp-json\/wp\/v2\/product_cat?post=7336"},{"taxonomy":"product_tag","embeddable":true,"href":"https:\/\/blackviewphones.com\/fr\/wp-json\/wp\/v2\/product_tag?post=7336"}],"curies":[{"name":"wp","href":"https:\/\/api.w.org\/{rel}","templated":true}]}}