

{"id":7330,"date":"2025-04-23T16:54:18","date_gmt":"2025-04-23T14:54:18","guid":{"rendered":"https:\/\/blackviewphones.com\/?post_type=product&#038;p=7330"},"modified":"2026-04-15T15:45:49","modified_gmt":"2026-04-15T13:45:49","slug":"etui-robuste-pour-telephone-blackview-bv-holster","status":"publish","type":"product","link":"https:\/\/blackviewphones.com\/fr\/product\/blackview-bv-holster-funda-telefonos-resistentes\/","title":{"rendered":"\u00c9tui Blackview BV\u00a0: \u00e9tui robuste pour t\u00e9l\u00e9phone"},"content":{"rendered":"<h1 data-spm-anchor-id=\"a2g0o.detail.1000016.i4.6bb25b43f3exZP\">\u00c9tui Blackview BV\u00a0: \u00e9tui robuste pour t\u00e9l\u00e9phone<\/h1>\n<p data-spm-anchor-id=\"a2g0o.detail.1000016.i4.6bb25b43f3exZP\">D\u00e9couvrez le Blackview BV Holster, un \u00e9tui <em>cas<\/em> pour t\u00e9l\u00e9phones robustes, renforc\u00e9s ou r\u00e9sistants. Dot\u00e9 d&#039;une boucle triangulaire pour un transport facile et d&#039;un m\u00e9canisme de verrouillage pratique, il est con\u00e7u sur mesure pour une gamme de t\u00e9l\u00e9phones robustes Blackview et d&#039;autres marques, vous permettant de le transporter verticalement ou lat\u00e9ralement sur votre ceinture avec deux boucles de ceinture. Il peut \u00e9galement \u00eatre accroch\u00e9 \u00e0 votre sac \u00e0 dos et convient parfaitement \u00e0 divers t\u00e9l\u00e9phones.<\/p>\n<ul>\n<li data-spm-anchor-id=\"a2g0o.detail.1000016.i4.6bb25b43f3exZP\">Compatible avec les t\u00e9l\u00e9phones portables jusqu&#039;\u00e0 6,67 pouces ou \u00e9crans de 24 mm d&#039;\u00e9paisseur<\/li>\n<li data-spm-anchor-id=\"a2g0o.detail.1000016.i4.6bb25b43f3exZP\">Couleur : Noir avec orange<\/li>\n<li data-spm-anchor-id=\"a2g0o.detail.1000016.i4.6bb25b43f3exZP\">Mati\u00e8re : Cuir<\/li>\n<li data-spm-anchor-id=\"a2g0o.detail.1000016.i4.6bb25b43f3exZP\">Dimensions : 20*9*3 cm<\/li>\n<li data-spm-anchor-id=\"a2g0o.detail.1000016.i4.6bb25b43f3exZP\">Contenu : 1* \u00c9tui robuste pour smartphone Blackview<\/li>\n<\/ul>\n<h2>Caract\u00e9ristiques du support BV<\/h2>\n<ol>\n<li>D\u00e9coupe pr\u00e9cise<\/li>\n<li>Acc\u00e8s facile<\/li>\n<li>D\u00e9placement vertical\/lat\u00e9ral<\/li>\n<li>Protection compl\u00e8te<\/li>\n<li>Compartiment porte-cartes inclus<\/li>\n<li>Compatible avec la plupart des appareils robustes<\/li>\n<\/ol>","protected":false},"excerpt":{"rendered":"<p>Compatible avec les t\u00e9l\u00e9phones portables jusqu&#039;\u00e0 6,67 pouces ou \u00e9crans de 24 mm d&#039;\u00e9paisseur<\/p>\n<p>Couleur : Noir avec orange<\/p>\n<p>Mati\u00e8re : Cuir<\/p>\n<p>Dimensions : 20*9*3 cm<\/p>\n<p>&nbsp;<\/p>","protected":false},"featured_media":7334,"comment_status":"closed","ping_status":"closed","template":"","meta":{"_acf_changed":false},"product_brand":[],"product_cat":[154,330],"product_tag":[318,171,319],"class_list":{"0":"post-7330","1":"product","2":"type-product","3":"status-publish","4":"has-post-thumbnail","6":"product_cat-accesorios-blackview","7":"product_cat-accesorios-blackview-accesorios-para-moviles","8":"product_tag-bl","9":"product_tag-blackview","10":"product_tag-bv","12":"first","13":"instock","14":"sale","15":"shipping-taxable","16":"purchasable","17":"product-type-variable"},"acf":[],"_links":{"self":[{"href":"https:\/\/blackviewphones.com\/fr\/wp-json\/wp\/v2\/product\/7330","targetHints":{"allow":["GET"]}}],"collection":[{"href":"https:\/\/blackviewphones.com\/fr\/wp-json\/wp\/v2\/product"}],"about":[{"href":"https:\/\/blackviewphones.com\/fr\/wp-json\/wp\/v2\/types\/product"}],"replies":[{"embeddable":true,"href":"https:\/\/blackviewphones.com\/fr\/wp-json\/wp\/v2\/comments?post=7330"}],"version-history":[{"count":0,"href":"https:\/\/blackviewphones.com\/fr\/wp-json\/wp\/v2\/product\/7330\/revisions"}],"wp:featuredmedia":[{"embeddable":true,"href":"https:\/\/blackviewphones.com\/fr\/wp-json\/wp\/v2\/media\/7334"}],"wp:attachment":[{"href":"https:\/\/blackviewphones.com\/fr\/wp-json\/wp\/v2\/media?parent=7330"}],"wp:term":[{"taxonomy":"product_brand","embeddable":true,"href":"https:\/\/blackviewphones.com\/fr\/wp-json\/wp\/v2\/product_brand?post=7330"},{"taxonomy":"product_cat","embeddable":true,"href":"https:\/\/blackviewphones.com\/fr\/wp-json\/wp\/v2\/product_cat?post=7330"},{"taxonomy":"product_tag","embeddable":true,"href":"https:\/\/blackviewphones.com\/fr\/wp-json\/wp\/v2\/product_tag?post=7330"}],"curies":[{"name":"wp","href":"https:\/\/api.w.org\/{rel}","templated":true}]}}