

{"id":7313,"date":"2025-04-23T16:30:32","date_gmt":"2025-04-23T14:30:32","guid":{"rendered":"https:\/\/blackviewphones.com\/?post_type=product&#038;p=7313"},"modified":"2026-04-30T10:15:21","modified_gmt":"2026-04-30T08:15:21","slug":"ecouteurs-bluetooth-blackview-airbuds-20-5-4","status":"publish","type":"product","link":"https:\/\/blackviewphones.com\/fr\/product\/blackview-airbuds-20-auriculares-bluetooth-5-4\/","title":{"rendered":"Blackview Airbuds 20"},"content":{"rendered":"<h1>Blackview Airbuds 20 \u2013 Casque Bluetooth 5.4<\/h1>\n<p>Il<strong> Blackview Airbuds 20<\/strong> Il s&#039;agit d&#039;un casque TWS au design ergonomique, avec IPX7 et <em>Contr\u00f4le tactile intelligent<\/em>. Id\u00e9al pour une utilisation en ext\u00e9rieur et pour le sport. Avec batterie longue dur\u00e9e de 400 mAh.<\/p>\n<p>Dot\u00e9 de la technologie de conduction d&#039;air, ressentez la musique, pas l&#039;engourdissement. Avec lui, vous pouvez profiter jusqu&#039;\u00e0 6,5 heures de lecture de musique. Compatible avec Android, iOS et HarmonyOS. De plus, vous pouvez charger pendant 10 minutes et profiter jusqu&#039;\u00e0 60 minutes de son.<\/p>\n<p><strong>Protection IPX7, qu&#039;il pleuve ou qu&#039;il fasse beau<\/strong><\/p>\n<p>Les Airbuds 20 avec protection IPX7 r\u00e9sistent \u00e0 la pluie, \u00e0 la transpiration et aux \u00e9claboussures. Parfaits pour le sport, les activit\u00e9s de plein air et l&#039;utilisation quotidienne, ils garantissent des performances fiables sans crainte de d\u00e9g\u00e2ts des eaux.<\/p>\n<p><strong>Ces \u00e9couteurs de marque Blackview sont IPX7, r\u00e9sistants \u00e0 la transpiration.<\/strong><\/p>\n<p><strong>Nous ne recommandons pas de les immerger dans l&#039;eau.<\/strong><\/p>","protected":false},"excerpt":{"rendered":"<p>AirPods IPX7<\/p>\n<p>Poids : Casque : 6,3 g | Bo\u00eete de chargement \u2013 28 g<\/p>\n<p>Conducteur : \u03a6 13 mm<\/p>\n<p>Bluetooth : 5.4<\/p>\n<p>Suppression du bruit : Oui<\/p>\n<p>Bo\u00eetier de charge : 400 mAh<\/p>","protected":false},"featured_media":7322,"comment_status":"closed","ping_status":"closed","template":"","meta":{"_acf_changed":false},"product_brand":[287],"product_cat":[154,156,159],"product_tag":[],"class_list":{"0":"post-7313","1":"product","2":"type-product","3":"status-publish","4":"has-post-thumbnail","6":"product_brand-blackview","7":"product_cat-accesorios-blackview","8":"product_cat-accesorios-blackview-auriculares","9":"product_cat-ofertas","11":"first","12":"instock","13":"sale","14":"shipping-taxable","15":"purchasable","16":"product-type-variable"},"acf":[],"_links":{"self":[{"href":"https:\/\/blackviewphones.com\/fr\/wp-json\/wp\/v2\/product\/7313","targetHints":{"allow":["GET"]}}],"collection":[{"href":"https:\/\/blackviewphones.com\/fr\/wp-json\/wp\/v2\/product"}],"about":[{"href":"https:\/\/blackviewphones.com\/fr\/wp-json\/wp\/v2\/types\/product"}],"replies":[{"embeddable":true,"href":"https:\/\/blackviewphones.com\/fr\/wp-json\/wp\/v2\/comments?post=7313"}],"version-history":[{"count":0,"href":"https:\/\/blackviewphones.com\/fr\/wp-json\/wp\/v2\/product\/7313\/revisions"}],"wp:featuredmedia":[{"embeddable":true,"href":"https:\/\/blackviewphones.com\/fr\/wp-json\/wp\/v2\/media\/7322"}],"wp:attachment":[{"href":"https:\/\/blackviewphones.com\/fr\/wp-json\/wp\/v2\/media?parent=7313"}],"wp:term":[{"taxonomy":"product_brand","embeddable":true,"href":"https:\/\/blackviewphones.com\/fr\/wp-json\/wp\/v2\/product_brand?post=7313"},{"taxonomy":"product_cat","embeddable":true,"href":"https:\/\/blackviewphones.com\/fr\/wp-json\/wp\/v2\/product_cat?post=7313"},{"taxonomy":"product_tag","embeddable":true,"href":"https:\/\/blackviewphones.com\/fr\/wp-json\/wp\/v2\/product_tag?post=7313"}],"curies":[{"name":"wp","href":"https:\/\/api.w.org\/{rel}","templated":true}]}}