

{"id":7273,"date":"2025-04-23T13:58:47","date_gmt":"2025-04-23T11:58:47","guid":{"rendered":"https:\/\/blackviewphones.com\/?post_type=product&#038;p=7273"},"modified":"2026-02-04T15:00:39","modified_gmt":"2026-02-04T14:00:39","slug":"blackview-airbuds-9","status":"publish","type":"product","link":"https:\/\/blackviewphones.com\/fr\/product\/blackview-airbuds-9\/","title":{"rendered":"Blackview Airbuds 9 \u2013 Casque Bluetooth 5.4"},"content":{"rendered":"<h1>Blackview Airbuds 9 \u2013 Casque Bluetooth 5.4<\/h1>\n<p>Les AirBuds 9 se distinguent par leur structure l\u00e9g\u00e8re et compacte. Ils s&#039;adaptent parfaitement \u00e0 l&#039;oreille, assurant une stabilit\u00e9 m\u00eame pendant les entra\u00eenements intenses ou les journ\u00e9es actives. Leur conception ergonomique permet de les utiliser pendant des heures sans g\u00eane. B\u00e9n\u00e9ficiez d&#039;une compatibilit\u00e9 totale avec vos appareils pr\u00e9f\u00e9r\u00e9s. Que vous utilisiez Android ou iPhone, les AirBuds 9 se connectent en quelques secondes et offrent une exp\u00e9rience personnalis\u00e9e directement depuis l&#039;application.<\/p>\n<p>\u00c9quip\u00e9s de pilotes dynamiques de haute pr\u00e9cision et de la technologie PNC, les AirBuds 9 offrent un son clair et \u00e9quilibr\u00e9 avec des basses profondes. Chaque note, chaque rythme et chaque appel sont entendus avec une clart\u00e9 \u00e9tonnante. Profitez de votre musique pr\u00e9f\u00e9r\u00e9e en qualit\u00e9 professionnelle o\u00f9 que vous soyez.<\/p>\n<h2><span style=\"font-size: 28px; font-weight: 600;\">Caract\u00e9ristiques <\/span>\u00c9couteurs Bluetooth Blackview Airbuds 9<\/h2>\n<table>\n<tbody>\n<tr>\n<td><strong>Caract\u00e9ristiques g\u00e9n\u00e9rales<\/strong><\/td>\n<td><\/td>\n<\/tr>\n<tr>\n<td>Plage de connexion :<\/td>\n<td>&gt;10 m<\/td>\n<\/tr>\n<tr>\n<td>Poids:<\/td>\n<td>\u00c9couteurs\u00a0: 2,83\u00a0g | Bo\u00eetier de charge\u00a0: 30,36\u00a0g<\/td>\n<\/tr>\n<tr>\n<td>Conducteur:<\/td>\n<td>Pilote dynamique \u03a6 6 mm<\/td>\n<\/tr>\n<tr>\n<td>Bluetooth :<\/td>\n<td>5.4<\/td>\n<\/tr>\n<tr>\n<td>R\u00e9duction du bruit :<\/td>\n<td>Ouais<\/td>\n<\/tr>\n<tr>\n<td>Plage de r\u00e9ponse en fr\u00e9quence :<\/td>\n<td>20-20 kHz<\/td>\n<\/tr>\n<tr>\n<td>Batterie:<\/td>\n<td>\u00c9couteurs : 30 mAh | Bo\u00eetier de charge : 400 mAh<\/td>\n<\/tr>\n<tr>\n<td>Temps de charge :<\/p>\n<p>Port de chargement :<\/td>\n<td>1h30 (\u00e9couteurs) \/ 1h75 (bo\u00eetier de charge)<\/p>\n<p>USB Type-C<\/td>\n<\/tr>\n<tr>\n<td>Contenu du colis :<\/td>\n<td>Airbuds 9<br \/>\nbo\u00eete de chargement<br \/>\nC\u00e2ble de charge de type C<br \/>\nManuel d&#039;utilisation<\/td>\n<\/tr>\n<\/tbody>\n<\/table>\n<h3>Guide d&#039;utilisation des Airbuds 9\u00a0:<\/h3>\n<ul>\n<li>Une touche\u00a0: Volume \u2013 (\u00e9couteur gauche) | Volume + (\u00e9couteur droit)<\/li>\n<li>Appuyez deux fois : Pause (\u00e9couteur gauche) | Lecture (\u00e9couteur droit) | Appels (r\u00e9pondre aux appels\/mettre fin aux appels)<\/li>\n<li>Triple appui : Chanson pr\u00e9c\u00e9dente (\u00e9couteur gauche) | Chanson suivante (\u00e9couteur droit)<\/li>\n<li>Appui long : rejeter les appels<\/li>\n<li>Quatre pressions : Mode veille<\/li>\n<\/ul>\n<p>\u00a0<\/p>","protected":false},"excerpt":{"rendered":"<p>Airbuds ergonomiques<\/p>\n<p>Poids : \u00c9couteur \u2013 2,83 g| Bo\u00eetier de charge \u2013 30,36 g<\/p>\n<p>Conducteur : \u03a6 6 mm<\/p>\n<p>Bluetooth : 5.4<\/p>\n<p>R\u00e9duction du bruit : Oui<\/p>\n<p>Bo\u00eetier de charge : 400 mAh<\/p>","protected":false},"featured_media":7275,"comment_status":"closed","ping_status":"closed","template":"","meta":{"_acf_changed":false},"product_brand":[],"product_cat":[154,156,159],"product_tag":[],"class_list":{"0":"post-7273","1":"product","2":"type-product","3":"status-publish","4":"has-post-thumbnail","6":"product_cat-accesorios-blackview","7":"product_cat-accesorios-blackview-auriculares","8":"product_cat-ofertas","10":"first","11":"outofstock","12":"sale","13":"shipping-taxable","14":"purchasable","15":"product-type-variable","16":"has-default-attributes"},"acf":[],"_links":{"self":[{"href":"https:\/\/blackviewphones.com\/fr\/wp-json\/wp\/v2\/product\/7273","targetHints":{"allow":["GET"]}}],"collection":[{"href":"https:\/\/blackviewphones.com\/fr\/wp-json\/wp\/v2\/product"}],"about":[{"href":"https:\/\/blackviewphones.com\/fr\/wp-json\/wp\/v2\/types\/product"}],"replies":[{"embeddable":true,"href":"https:\/\/blackviewphones.com\/fr\/wp-json\/wp\/v2\/comments?post=7273"}],"version-history":[{"count":0,"href":"https:\/\/blackviewphones.com\/fr\/wp-json\/wp\/v2\/product\/7273\/revisions"}],"wp:featuredmedia":[{"embeddable":true,"href":"https:\/\/blackviewphones.com\/fr\/wp-json\/wp\/v2\/media\/7275"}],"wp:attachment":[{"href":"https:\/\/blackviewphones.com\/fr\/wp-json\/wp\/v2\/media?parent=7273"}],"wp:term":[{"taxonomy":"product_brand","embeddable":true,"href":"https:\/\/blackviewphones.com\/fr\/wp-json\/wp\/v2\/product_brand?post=7273"},{"taxonomy":"product_cat","embeddable":true,"href":"https:\/\/blackviewphones.com\/fr\/wp-json\/wp\/v2\/product_cat?post=7273"},{"taxonomy":"product_tag","embeddable":true,"href":"https:\/\/blackviewphones.com\/fr\/wp-json\/wp\/v2\/product_tag?post=7273"}],"curies":[{"name":"wp","href":"https:\/\/api.w.org\/{rel}","templated":true}]}}