

{"id":7248,"date":"2025-04-22T14:00:23","date_gmt":"2025-04-22T12:00:23","guid":{"rendered":"https:\/\/blackviewphones.com\/?post_type=product&#038;p=7248"},"modified":"2025-11-26T17:24:18","modified_gmt":"2025-11-26T16:24:18","slug":"tablette-blackview-mega-8-36-go-ram-256-go-rom","status":"publish","type":"product","link":"https:\/\/blackviewphones.com\/fr\/product\/tablet-blackview-mega-8-36gb-ram-256gb-rom\/","title":{"rendered":"Tablette Blackview MEGA 8 AI 2.0 | 36 Go de RAM 256 Go de ROM"},"content":{"rendered":"<h1>Tablette Blackview MEGA 8 AI | 36 Go (12 Go + 24 Go) de RAM 256 Go de ROM<\/h1>\n<p>La nouvelle tablette <strong>Blackview Mega 8<\/strong> C&#039;est la premi\u00e8re tablette Blackview de <strong>\u00e9cran 13\u2033<\/strong> avec <strong>Android 15 avec Gemini AI 2.0<\/strong>. Dot\u00e9 d&#039;un design \u00e9l\u00e9gant, d&#039;une grande batterie de 11 000 mAh qui vous offrira jusqu&#039;\u00e0 20 heures d&#039;utilisation et d&#039;une compatibilit\u00e9 avec Wideline L1. De plus, il dispose des fonctions de d\u00e9verrouillage facial, anti-empreintes digitales et Smart Google Lens.<\/p>\n<p><strong>Stylet gratuit\u00a0: gribouillez avec audace, dessinez avec fluidit\u00e9<\/strong><\/p>\n<p>Des gribouillages spontan\u00e9s aux traits complexes, transformez votre MEGA 8 en le mod\u00e8le ultime pour vos grandes id\u00e9es. Avec chaque mouvement audacieux et chaque trait fluide, donnez vie \u00e0 vos inspirations sans effort. La fluidit\u00e9 du flux, que ce soit pour dessiner, \u00e9crire ou naviguer.<\/p>\n<h3>Ajoutez des widgets rapidement\u00a0: pas de glissement, tout est simple<\/h3>\n<p>Le nouveau bouton \u00ab\u00a0Ajouter\u00a0\u00bb permet de placer des widgets plus rapidement que jamais\u00a0\u2013 aucun glissement n\u2019est requis\u00a0! D&#039;un simple clic, vous pouvez rapidement ajouter vos widgets pr\u00e9f\u00e9r\u00e9s directement sur votre \u00e9cran d&#039;accueil, vous faisant ainsi gagner du temps et des efforts.<\/p>\n<h2>Connectivit\u00e9 MEGA 8<\/h2>\n<p>Bandes 2G\u00a0: B2\/B3\/B5\/B8<\/p>\n<p>Bandes 3G\u00a0: B1\/B8<\/p>\n<p>Bandes 4G\u00a0: FDD\u00a0: B1\/B3\/B7\/B8\/B20\/B19\/B28A\/B28B TDD\u00a0: B40\/B41\/B38<\/p>\n<p>&nbsp;<\/p>\n<p><strong>Tablette de marque Blackview, mais elle n&#039;est pas IP68, elle ne peut pas \u00eatre mouill\u00e9e ou frapp\u00e9e.<\/strong><\/p>\n<p>&nbsp;<\/p>","protected":false},"excerpt":{"rendered":"<p>Tablette conventionnelle avec stylet<br \/>\nUnisoc T615<br \/>\nCompatible avec Wideline L1<br \/>\nAndroid 15 | 11 000 mAh<br \/>\nPrend en charge la carte SIM<br \/>\n302.*197.5*7.85 mm<br \/>\nPoids 736 g | \u00e9cran 13\u2033<br \/>\n12 Go + 24 Go de RAM 256 Go de ROM<\/p>","protected":false},"featured_media":8700,"comment_status":"open","ping_status":"closed","template":"","meta":{"_acf_changed":false},"product_brand":[],"product_cat":[42],"product_tag":[315],"class_list":{"0":"post-7248","1":"product","2":"type-product","3":"status-publish","4":"has-post-thumbnail","6":"product_cat-moviles-blackview","7":"product_tag-315","9":"first","10":"outofstock","11":"sale","12":"featured","13":"shipping-taxable","14":"purchasable","15":"product-type-variable","16":"has-default-attributes"},"acf":[],"_links":{"self":[{"href":"https:\/\/blackviewphones.com\/fr\/wp-json\/wp\/v2\/product\/7248","targetHints":{"allow":["GET"]}}],"collection":[{"href":"https:\/\/blackviewphones.com\/fr\/wp-json\/wp\/v2\/product"}],"about":[{"href":"https:\/\/blackviewphones.com\/fr\/wp-json\/wp\/v2\/types\/product"}],"replies":[{"embeddable":true,"href":"https:\/\/blackviewphones.com\/fr\/wp-json\/wp\/v2\/comments?post=7248"}],"version-history":[{"count":0,"href":"https:\/\/blackviewphones.com\/fr\/wp-json\/wp\/v2\/product\/7248\/revisions"}],"wp:featuredmedia":[{"embeddable":true,"href":"https:\/\/blackviewphones.com\/fr\/wp-json\/wp\/v2\/media\/8700"}],"wp:attachment":[{"href":"https:\/\/blackviewphones.com\/fr\/wp-json\/wp\/v2\/media?parent=7248"}],"wp:term":[{"taxonomy":"product_brand","embeddable":true,"href":"https:\/\/blackviewphones.com\/fr\/wp-json\/wp\/v2\/product_brand?post=7248"},{"taxonomy":"product_cat","embeddable":true,"href":"https:\/\/blackviewphones.com\/fr\/wp-json\/wp\/v2\/product_cat?post=7248"},{"taxonomy":"product_tag","embeddable":true,"href":"https:\/\/blackviewphones.com\/fr\/wp-json\/wp\/v2\/product_tag?post=7248"}],"curies":[{"name":"wp","href":"https:\/\/api.w.org\/{rel}","templated":true}]}}