

{"id":7238,"date":"2025-04-22T11:12:49","date_gmt":"2025-04-22T09:12:49","guid":{"rendered":"https:\/\/blackviewphones.com\/?post_type=product&#038;p=7238"},"modified":"2026-05-08T13:04:24","modified_gmt":"2026-05-08T11:04:24","slug":"blackview-bl7000-5g-24-go-ram-256-go-rom","status":"publish","type":"product","link":"https:\/\/blackviewphones.com\/fr\/product\/blackview-bl7000-5g-24-gb-ram-256-gb-rom\/","title":{"rendered":"Blackview BL7000 | 24 Go de RAM + 256 Go de ROM"},"content":{"rendered":"<h1>Blackview BL7000 | 24 Go de RAM, 256 Go de ROM<\/h1>\n<p>Pr\u00e9sentation du Blackview BL7000 5G, avec certification IP68, IP69K et MIL-SPEC 810H, capable de r\u00e9sister \u00e0 des temp\u00e9ratures comprises entre -20\u00baC et +60\u00baC. Il a une capacit\u00e9 allant jusqu&#039;\u00e0<strong> 24 Go de RAM et 256 Go de ROM<\/strong>, avec le processeur de derni\u00e8re g\u00e9n\u00e9ration <strong>MediaTek Dimensity 6300 5G<\/strong>, Cela vous permettra de g\u00e9rer plusieurs t\u00e2ches simultan\u00e9ment et de passer facilement d&#039;une application \u00e0 l&#039;autre, notamment gr\u00e2ce \u00e0 la fonction d&#039;enregistrement des appels.<\/p>\n<p>C&#039;est aussi un appareil qui a <strong>Appareil photo principal de 50\u00a0MP (Samsung\u00ae JN1) et appareil photo frontal de 32\u00a0MP<\/strong>. De plus, il est dot\u00e9 d&#039;un \u00e9cran de 6,78 pouces, jusqu&#039;\u00e0 <strong>750 nits, NFC<\/strong>, une batterie de <strong>7500 mAh<\/strong> Charge rapide 33 W et syst\u00e8me d&#039;exploitation <strong>Android 15<\/strong>.<\/p>\n<p data-start=\"1324\" data-end=\"1511\">Et pour garantir la s\u00e9curit\u00e9 de vos informations en permanence, l&#039;appareil comprend <strong data-start=\"1394\" data-end=\"1447\">capteur de reconnaissance faciale et d&#039;empreintes digitales<\/strong>, permettant un acc\u00e8s rapide, pratique et totalement s\u00e9curis\u00e9.<\/p>\n<h2>Pourquoi acheter un BL7000 ?<\/h2>\n<p>Vous devriez acheter un BL7000 si vous recherchez :<\/p>\n<ul>\n<li>Premier t\u00e9l\u00e9phone robuste 5G AI avec application 4 Doke AI Pro et Android 15<\/li>\n<li>Un t\u00e9l\u00e9phone portable que vous pouvez utiliser avec des gants<\/li>\n<li>Vous avez besoin d\u2019un t\u00e9l\u00e9phone avec un bon appareil photo de 50 Mpx, un appareil photo de vision nocturne de 20 Mpx et un taux de rafra\u00eechissement de 120 Hz.<\/li>\n<li>Un t\u00e9l\u00e9phone portable avec protection pour une utilisation industrielle, ext\u00e9rieure ou quotidienne.<\/li>\n<\/ul>\n<h2><span style=\"font-size: 16px;\">IP68 : CE QUE VOUS POUVEZ ET NE POUVEZ PAS FAIRE<\/span><\/h2>\n<p>Si un appareil est certifi\u00e9 IP68, cela signifie qu&#039;il peut \u00eatre immerg\u00e9 dans l&#039;eau. <strong>eau douce<\/strong>\u00a0<strong>\u00e0 des profondeurs allant jusqu&#039;\u00e0 un m\u00e8tre pendant une dur\u00e9e maximale de 30 minutes, \u00e0 condition que les protections terminales restent correctement scell\u00e9es.<\/strong><\/p>\n<p><strong>Nous vous laissons quelques conseils<\/strong>\u00a0<strong>pour tout terminal certifi\u00e9 IP68<\/strong>:<\/p>\n<ul>\n<li>N&#039;exposez pas le smartphone IP68 aux courants d&#039;eau tels que l&#039;eau du robinet, les vagues de l&#039;oc\u00e9an ou les cascades.<\/li>\n<li>Si votre smartphone IP68 a \u00e9t\u00e9 expos\u00e9 \u00e0 de l&#039;eau douce, s\u00e9chez-le soigneusement avec un chiffon propre et doux.<\/li>\n<li>Si le smartphone IP68 a \u00e9t\u00e9 expos\u00e9 \u00e0 un type de liquide autre que de l&#039;eau douce (comme l&#039;eau de mer), rincez imm\u00e9diatement l&#039;appareil d\u00e9licatement \u00e0 l&#039;eau douce et s\u00e9chez soigneusement avec un chiffon doux et propre.<\/li>\n<li>Si vous avez des doutes sur la bonne fermeture des protections.\u00a0<strong>NON <\/strong>tu le mouilles.<\/li>\n<li>Nous vous d\u00e9conseillons d&#039;effectuer des tests agressifs pour d\u00e9montrer votre r\u00e9sistance.<\/li>\n<li>Il est d\u00e9conseill\u00e9 de manipuler les boutons de l&#039;appareil dans l&#039;eau.<\/li>\n<li>Il n&#039;est pas recommand\u00e9 d&#039;immerger l&#039;appareil dans l&#039;eau sal\u00e9e, car la certification IP ne s&#039;applique qu&#039;\u00e0 l&#039;eau douce.<\/li>\n<\/ul>","protected":false},"excerpt":{"rendered":"<p>MediaTek Dimensity 6300 5G<\/p>\n<p>12 Go + 12 Go de RAM 256 Go de ROM<\/p>\n<p>Android 15 \u2013 5G | 750 nits<\/p>\n<p>182,2*86*14,5 mm<\/p>\n<p>\u00c9cran 6,78\u2033 Poids 357 g<\/p>\n<p>7500 mAh avec charge rapide 33 W<\/p>\n<p>Mobile robuste avec NFC<\/p>\n<div id=\"gtx-trans\" style=\"position: absolute; left: 447px; top: 278px;\">\n<div class=\"gtx-trans-icon\"><\/div>\n<\/div>","protected":false},"featured_media":12477,"comment_status":"closed","ping_status":"closed","template":"","meta":{"_acf_changed":false},"product_brand":[287],"product_cat":[42,136,159],"product_tag":[],"class_list":{"0":"post-7238","1":"product","2":"type-product","3":"status-publish","4":"has-post-thumbnail","6":"product_brand-blackview","7":"product_cat-moviles-blackview","8":"product_cat-moviles-resistentes-rugerizados","9":"product_cat-ofertas","11":"first","12":"instock","13":"sale","14":"featured","15":"shipping-taxable","16":"purchasable","17":"product-type-variable","18":"has-default-attributes"},"acf":[],"_links":{"self":[{"href":"https:\/\/blackviewphones.com\/fr\/wp-json\/wp\/v2\/product\/7238","targetHints":{"allow":["GET"]}}],"collection":[{"href":"https:\/\/blackviewphones.com\/fr\/wp-json\/wp\/v2\/product"}],"about":[{"href":"https:\/\/blackviewphones.com\/fr\/wp-json\/wp\/v2\/types\/product"}],"replies":[{"embeddable":true,"href":"https:\/\/blackviewphones.com\/fr\/wp-json\/wp\/v2\/comments?post=7238"}],"version-history":[{"count":0,"href":"https:\/\/blackviewphones.com\/fr\/wp-json\/wp\/v2\/product\/7238\/revisions"}],"wp:featuredmedia":[{"embeddable":true,"href":"https:\/\/blackviewphones.com\/fr\/wp-json\/wp\/v2\/media\/12477"}],"wp:attachment":[{"href":"https:\/\/blackviewphones.com\/fr\/wp-json\/wp\/v2\/media?parent=7238"}],"wp:term":[{"taxonomy":"product_brand","embeddable":true,"href":"https:\/\/blackviewphones.com\/fr\/wp-json\/wp\/v2\/product_brand?post=7238"},{"taxonomy":"product_cat","embeddable":true,"href":"https:\/\/blackviewphones.com\/fr\/wp-json\/wp\/v2\/product_cat?post=7238"},{"taxonomy":"product_tag","embeddable":true,"href":"https:\/\/blackviewphones.com\/fr\/wp-json\/wp\/v2\/product_tag?post=7238"}],"curies":[{"name":"wp","href":"https:\/\/api.w.org\/{rel}","templated":true}]}}