

{"id":7188,"date":"2025-04-08T12:46:45","date_gmt":"2025-04-08T10:46:45","guid":{"rendered":"https:\/\/blackviewphones.com\/?post_type=product&#038;p=7188"},"modified":"2026-05-04T10:48:17","modified_gmt":"2026-05-04T08:48:17","slug":"tablette-blackview-active-10-pro-36-go-ram-256-go-rom","status":"publish","type":"product","link":"https:\/\/blackviewphones.com\/fr\/product\/tablet-blackview-active-10-pro-36gb-ram-256gb-rom\/","title":{"rendered":"Tablette Blackview Active 10 Pro 5G \u2013 Lampe de poche | 36 Go de RAM 256 Go de ROM"},"content":{"rendered":"<h1>Tablette Blackview Active 10 Pro \u2013 Lampe torche | 36 Go (12 Go + 24 Go) de RAM | 256 Go de ROM<\/h1>\n<p>D\u00e9couvrez le nouveau <strong>Tablette Blackview 5G avec lampe torche puissante de 400 lumens<\/strong>, le <strong>Tab Active 10 Pro<\/strong> Dot\u00e9 d&#039;un \u00e9cran de 10,95 pouces, d&#039;une cam\u00e9ra de vision nocturne de 20 m\u00e9gapixels, il est plus r\u00e9sistant et plus performant gr\u00e2ce \u00e0 son processeur. <strong>MediaTek Dimensity 7300<\/strong>. Il a un <strong>Batterie de 30 000 mAh<\/strong>, <strong>Charge rapide 55 W <\/strong>qui vous permet de charger le 50% en 130 minutes, un appareil photo principal de 108 Mpx, une cam\u00e9ra AI et avec syst\u00e8me d&#039;exploitation <strong>Android 14. Inclut un stylet (pointeur).<\/strong><\/p>\n<p>Une tablette au style robuste et pesant 1214 grammes, compatible Wideline L1, avec <strong>Certification IP68 et IP69K<\/strong> et dispose d&#039;une sangle en cuir rembourr\u00e9e facile \u00e0 utiliser. L&#039;Active 10 Pro a<strong> 12 Go de RAM pratiquement extensible jusqu&#039;\u00e0 36 Go<\/strong>\u00a0et <strong>ROM de 256 Go extensible jusqu&#039;\u00e0 1 To. <\/strong>De plus, un clavier sans fil peut \u00eatre adapt\u00e9 pour une meilleure utilisation. Il est donc id\u00e9al pour travailler, \u00e9tudier ou se divertir.<\/p>\n<h2 data-spm-anchor-id=\"a2g0o.detail.1000023.i7.388c274d1UTStG\"><strong>Pourquoi acheter le Blackview Active 10 Pro ?<\/strong><\/h2>\n<ul>\n<li>Gr\u00e2ce \u00e0 sa certification IP68 et IP69K, si vous recherchez une tablette robuste et r\u00e9sistante.<\/li>\n<li>Si vous recherchez une longue dur\u00e9e de vie de la batterie, cette tablette offre une batterie \u00e0 semi-conducteurs gigantesque.<\/li>\n<li>Si vous travaillez r\u00e9guli\u00e8rement dans des environnements dont les temp\u00e9ratures varient de -20\u00b0C \u00e0 +60\u00b0C, cette tablette est id\u00e9ale pour vous.<\/li>\n<li>Con\u00e7u pour r\u00e9sister \u00e0 : la pluie, le sable, la poussi\u00e8re, les vibrations, les chocs, l&#039;acc\u00e9l\u00e9ration, les temp\u00e9ratures \u00e9lev\u00e9es, les basses temp\u00e9ratures, l&#039;humidit\u00e9, l&#039;altitude et l&#039;immersion.<\/li>\n<li>Vous avez besoin d\u2019une tablette que vous pouvez utiliser comme support de charge invers\u00e9 ou comme lanterne de camping.<\/li>\n<li>Si vous pr\u00e9f\u00e9rez une tablette avec un support<\/li>\n<li>Multifonctionnel : permet d&#039;effectuer diff\u00e9rentes t\u00e2ches dans plusieurs fen\u00eatres simultan\u00e9ment.<\/li>\n<\/ul>\n<h2><span style=\"font-size: 16px;\">IP68 : CE QUE VOUS POUVEZ ET NE POUVEZ PAS FAIRE<\/span><\/h2>\n<p>Si un appareil est certifi\u00e9 IP68, cela signifie qu&#039;il peut \u00eatre immerg\u00e9 dans l&#039;eau. <strong>eau douce<\/strong>\u00a0<strong>\u00e0 des profondeurs allant jusqu&#039;\u00e0 un m\u00e8tre pendant une dur\u00e9e maximale de 30 minutes, \u00e0 condition que les protections terminales restent correctement scell\u00e9es.<\/strong><\/p>\n<p><strong>Nous vous laissons quelques conseils<\/strong>\u00a0<strong>pour tout terminal certifi\u00e9 IP68<\/strong>:<\/p>\n<ul>\n<li>N&#039;exposez pas votre smartphone\/tablette class\u00e9 IP68 aux courants d&#039;eau, tels que l&#039;eau du robinet, les vagues de l&#039;oc\u00e9an ou les cascades.<\/li>\n<li>De plus, si votre smartphone\/tablette IP68 a \u00e9t\u00e9 expos\u00e9 \u00e0 de l\u2019eau douce, s\u00e9chez-le soigneusement avec un chiffon propre et doux.<\/li>\n<li>Si votre smartphone\/tablette IP68 a \u00e9t\u00e9 expos\u00e9 \u00e0 un liquide autre que de l&#039;eau douce (comme de l&#039;eau de mer), rincez imm\u00e9diatement l&#039;appareil \u00e0 l&#039;eau douce et s\u00e9chez-le soigneusement avec un chiffon doux et propre.<\/li>\n<li>Si vous avez des doutes sur la bonne fermeture des protections.\u00a0<strong>NON\u00a0<\/strong>tu le mouilles.<\/li>\n<li>\u00c9vitez les tests agressifs pour d\u00e9montrer votre endurance<\/li>\n<li>Il est d\u00e9conseill\u00e9 de manipuler les boutons de l&#039;appareil dans l&#039;eau.<\/li>\n<li>Il est recommand\u00e9 de NE PAS tremper l&#039;appareil dans l&#039;eau sal\u00e9e car la certification IP ne s&#039;applique qu&#039;\u00e0 l&#039;eau douce.<\/li>\n<\/ul>","protected":false},"excerpt":{"rendered":"<p>Tablette robuste 5G avec lampe de poche<br \/>\nMediaTek Dimensity 7300<br \/>\nAndroid 14 | 30 000 mAh<br \/>\n267,6*179*19,5 mm<br \/>\nPoids 1214 g<br \/>\n\u00c9cran 10,95\u2033 | 360 nits<br \/>\n12 Go + 24 Go de RAM 256 Go de ROM<\/p>\n<div id=\"gtx-trans\" style=\"position: absolute; left: 402px; top: 182px;\">\n<div class=\"gtx-trans-icon\"><\/div>\n<\/div>","protected":false},"featured_media":12981,"comment_status":"closed","ping_status":"closed","template":"","meta":{"_acf_changed":false},"product_brand":[287],"product_cat":[95,281],"product_tag":[309,298,308],"class_list":{"0":"post-7188","1":"product","2":"type-product","3":"status-publish","4":"has-post-thumbnail","6":"product_brand-blackview","7":"product_cat-tablets-blackview","8":"product_cat-tablets-blackview-tablets-resistentes-blackview","9":"product_tag-5g","10":"product_tag-linterna","11":"product_tag-nfc","13":"first","14":"instock","15":"sale","16":"shipping-taxable","17":"purchasable","18":"product-type-variable"},"acf":[],"_links":{"self":[{"href":"https:\/\/blackviewphones.com\/fr\/wp-json\/wp\/v2\/product\/7188","targetHints":{"allow":["GET"]}}],"collection":[{"href":"https:\/\/blackviewphones.com\/fr\/wp-json\/wp\/v2\/product"}],"about":[{"href":"https:\/\/blackviewphones.com\/fr\/wp-json\/wp\/v2\/types\/product"}],"replies":[{"embeddable":true,"href":"https:\/\/blackviewphones.com\/fr\/wp-json\/wp\/v2\/comments?post=7188"}],"version-history":[{"count":0,"href":"https:\/\/blackviewphones.com\/fr\/wp-json\/wp\/v2\/product\/7188\/revisions"}],"wp:featuredmedia":[{"embeddable":true,"href":"https:\/\/blackviewphones.com\/fr\/wp-json\/wp\/v2\/media\/12981"}],"wp:attachment":[{"href":"https:\/\/blackviewphones.com\/fr\/wp-json\/wp\/v2\/media?parent=7188"}],"wp:term":[{"taxonomy":"product_brand","embeddable":true,"href":"https:\/\/blackviewphones.com\/fr\/wp-json\/wp\/v2\/product_brand?post=7188"},{"taxonomy":"product_cat","embeddable":true,"href":"https:\/\/blackviewphones.com\/fr\/wp-json\/wp\/v2\/product_cat?post=7188"},{"taxonomy":"product_tag","embeddable":true,"href":"https:\/\/blackviewphones.com\/fr\/wp-json\/wp\/v2\/product_tag?post=7188"}],"curies":[{"name":"wp","href":"https:\/\/api.w.org\/{rel}","templated":true}]}}