

{"id":7139,"date":"2025-04-07T17:08:11","date_gmt":"2025-04-07T15:08:11","guid":{"rendered":"https:\/\/blackviewphones.com\/?post_type=product&#038;p=7139"},"modified":"2026-04-08T12:25:59","modified_gmt":"2026-04-08T10:25:59","slug":"tablette-blackview-tab-a6-kids-12-go-ram-128-go-rom","status":"publish","type":"product","link":"https:\/\/blackviewphones.com\/fr\/produit\/tablette-blackview-tab-a6-kids-12-go-ram-128-go-rom\/","title":{"rendered":"Tablette pour enfants Blackview Tab A6 | 12 Go de RAM 128 Go de ROM"},"content":{"rendered":"<h1>Tablette pour enfants Blackview Tab A6 | 12 Go de RAM 128 Go de ROM<\/h1>\n<h2><span style=\"color: #ff0000;\">EXP\u00c9DITION \u00c0 PARTIR DU 13\/04\/2026<\/span><\/h2>\n<p><span style=\"color: #800000;\"><strong>PRIX DE LANCEMENT SP\u00c9CIAL PR\u00c9COMMANDE AVEC DATE DE LIVRAISON ULT\u00c9RIEURE. EXP\u00c9DITION IMPOSSIBLE AVANT LA DATE INDIQU\u00c9E, QUEL QUE SOIT LE MODE DE LIVRAISON.<\/strong><\/span><\/p>\n<p>Le <strong>Tab A6 Enfants<\/strong> C&#039;est le compagnon id\u00e9al et abordable pour les enfants dans leur parcours d&#039;apprentissage et de divertissement. Avec son contenu \u00e9ducatif et divertissant, cette tablette stimule la curiosit\u00e9 et la cr\u00e9ativit\u00e9 des petits explorateurs. De plus, sa conception durable assur\u00e9e par le bo\u00eetier EVA, son \u00e9cran de 10,1 pouces, sa compatibilit\u00e9 avec <em>Wideline L1<\/em> et les fonctions de <strong>contr\u00f4le parental<\/strong> Les solutions avanc\u00e9es offrent aux parents une tranquillit\u00e9 d\u2019esprit. Il a aussi <strong>mode de protection des yeux<\/strong>, s\u00e9curit\u00e9 et une batterie de 5100 mAh, la Tab A6 Kids offre une exp\u00e9rience s\u00fbre, passionnante et \u00e9ducative pour les enfants.<\/p>\n<h2><span style=\"font-size: 16px;\">Contenu \u00e9ducatif et ludique :<\/span><\/h2>\n<p>La tablette Tab A6 Kids est dot\u00e9e d&#039;une grande vari\u00e9t\u00e9 de contenus \u00e9ducatifs et divertissants. Des applications interactives et des jeux \u00e9ducatifs aux livres et vid\u00e9os num\u00e9riques, vos enfants peuvent apprendre et s&#039;amuser en m\u00eame temps.<\/p>\n<h4>Contr\u00f4le parental avanc\u00e9\u00a0:<\/h4>\n<p>Gr\u00e2ce aux fonctionnalit\u00e9s de contr\u00f4le parental de la Tab A6 Kids, vous pouvez d\u00e9finir des limites de temps d&#039;utilisation, filtrer le contenu inappropri\u00e9 et surveiller les activit\u00e9s en ligne de vos enfants. Maintenez un environnement s\u00fbr et adapt\u00e9 \u00e0 leur \u00e2ge pendant qu\u2019ils explorent le monde num\u00e9rique.<\/p>\n<p><strong>Cette tablette n&#039;est pas certifi\u00e9e IP68, elle n&#039;est PAS incassable.\u00a0\u00a0<\/strong><\/p>\n<p><strong>Le clavier n&#039;est pas inclus.<\/strong><\/p>","protected":false},"excerpt":{"rendered":"<h2><span style=\"color: #ff0000;\">EXP\u00c9DITION \u00c0 PARTIR DU 13\/04\/2026<\/span><\/h2>\n<p><span style=\"color: #800000;\"><strong>PRIX DE LANCEMENT SP\u00c9CIAL PR\u00c9COMMANDE AVEC DATE DE LIVRAISON ULT\u00c9RIEURE. EXP\u00c9DITION IMPOSSIBLE AVANT LA DATE INDIQU\u00c9E, QUEL QUE SOIT LE MODE DE LIVRAISON.<\/strong><\/span><\/p>\n<p>Tablette pour enfants (Wi-Fi uniquement)<br \/>\nAllwinner A523<br \/>\nAndroid 14 | 5100 mAh<br \/>\n242,7*162,5*8,5 mm<br \/>\nPoids 546 g | \u00e9cran 10,1\u2033<br \/>\n4 Go + 8 Go de RAM 128 Go de ROM<\/p>","protected":false},"featured_media":4957,"comment_status":"closed","ping_status":"closed","template":"","meta":{"_acf_changed":false},"product_brand":[287],"product_cat":[159,95,328],"product_tag":[299],"class_list":{"0":"post-7139","1":"product","2":"type-product","3":"status-publish","4":"has-post-thumbnail","6":"product_brand-blackview","7":"product_cat-ofertas","8":"product_cat-tablets-blackview","9":"product_cat-tablets-blackview-tablets-inteligentes-blackview","10":"product_tag-kids","12":"first","13":"instock","14":"sale","15":"shipping-taxable","16":"purchasable","17":"product-type-variable","18":"has-default-attributes"},"acf":[],"_links":{"self":[{"href":"https:\/\/blackviewphones.com\/fr\/wp-json\/wp\/v2\/product\/7139","targetHints":{"allow":["GET"]}}],"collection":[{"href":"https:\/\/blackviewphones.com\/fr\/wp-json\/wp\/v2\/product"}],"about":[{"href":"https:\/\/blackviewphones.com\/fr\/wp-json\/wp\/v2\/types\/product"}],"replies":[{"embeddable":true,"href":"https:\/\/blackviewphones.com\/fr\/wp-json\/wp\/v2\/comments?post=7139"}],"version-history":[{"count":2,"href":"https:\/\/blackviewphones.com\/fr\/wp-json\/wp\/v2\/product\/7139\/revisions"}],"predecessor-version":[{"id":13199,"href":"https:\/\/blackviewphones.com\/fr\/wp-json\/wp\/v2\/product\/7139\/revisions\/13199"}],"wp:featuredmedia":[{"embeddable":true,"href":"https:\/\/blackviewphones.com\/fr\/wp-json\/wp\/v2\/media\/4957"}],"wp:attachment":[{"href":"https:\/\/blackviewphones.com\/fr\/wp-json\/wp\/v2\/media?parent=7139"}],"wp:term":[{"taxonomy":"product_brand","embeddable":true,"href":"https:\/\/blackviewphones.com\/fr\/wp-json\/wp\/v2\/product_brand?post=7139"},{"taxonomy":"product_cat","embeddable":true,"href":"https:\/\/blackviewphones.com\/fr\/wp-json\/wp\/v2\/product_cat?post=7139"},{"taxonomy":"product_tag","embeddable":true,"href":"https:\/\/blackviewphones.com\/fr\/wp-json\/wp\/v2\/product_tag?post=7139"}],"curies":[{"name":"wp","href":"https:\/\/api.w.org\/{rel}","templated":true}]}}