

{"id":7117,"date":"2025-04-07T15:57:41","date_gmt":"2025-04-07T13:57:41","guid":{"rendered":"https:\/\/blackviewphones.com\/?post_type=product&#038;p=7117"},"modified":"2026-02-03T13:49:23","modified_gmt":"2026-02-03T12:49:23","slug":"blackview-bl8000-5g-12-go-ram-512-go-rom","status":"publish","type":"product","link":"https:\/\/blackviewphones.com\/fr\/produit\/blackview-bl8000-5g-12-go-ram-512-go-rom\/","title":{"rendered":"Blackview BL8000 \u2013 5G | 24 Go de RAM 512 Go de ROM"},"content":{"rendered":"<h1>Blackview BL8000 | 24 Go (12 Go + 12 Go) de RAM 512 Go de ROM<\/h1>\n<p>Nous vous pr\u00e9sentons le Blackview BL8000 5G, il arrive sur le march\u00e9 avec un double \u00e9cran int\u00e9gr\u00e9 et\u00a0<strong>jusqu&#039;\u00e0 550 nits<\/strong>. Il a une capacit\u00e9 allant jusqu&#039;\u00e0<strong>\u00a024 Go de RAM et 512 Go de ROM<\/strong>, avec le processeur de derni\u00e8re g\u00e9n\u00e9ration\u00a0<strong>MediaTek Dimensity 7050 5G<\/strong>, qui vous permettra de g\u00e9rer plusieurs t\u00e2ches en m\u00eame temps et de basculer de mani\u00e8re transparente entre les applications. De plus, il dispose d\u2019un \u00e9cran de 6,78 pouces,\u00a0<strong>NFC<\/strong>, une batterie de\u00a0<strong>8800 mAh<\/strong>\u00a0de\u00a0<strong>Charge rapide 33 W<\/strong>, et avec un syst\u00e8me d&#039;exploitation Android 13.<\/p>\n<p>C&#039;est aussi un appareil qui a\u00a0<strong>Triple cam\u00e9ra de 50 MP (Samsung\u00ae ISOCELL GN5), 8 MP (cam\u00e9ra grand angle 117\u00b0) et 2 Mpx<\/strong>. \u00c9galement, une cam\u00e9ra frontale de 16 MPx. Appareil robuste test\u00e9 avec certification IP68 et IP69K.<\/p>\n<h2>Connectivit\u00e9 BL8000<\/h2>\n<p>Bande 2G : GSM : B2\/B3\/B5\/B8<br \/>\nBande 3G\u00a0: WCDMA\u00a0: B1\/B2\/B4\/B5\/B6\/B8\/B19 CDMA\u00a0: BC0\/BC1\/BC10<br \/>\nBande 4G\u00a0: LTE-TDD\u00a0: B1\/2\/3\/4\/5\/7\/8\/12\/13\/17\/18\/19\/20\/25\/26\/28A\/28B\/30\/66 LTE-TDD\u00a0: B34\/38\/39\/40\/41<br \/>\nBande 5G : N1\/3\/5\/7\/8\/20\/28\/38\/40\/41\/77\/78\/79<\/p>\n<h3>IP68 : CE QUE VOUS POUVEZ ET NE POUVEZ PAS FAIRE<\/h3>\n<p>Si un appareil est certifi\u00e9 IP68, cela signifie qu&#039;il peut \u00eatre immerg\u00e9 dans l&#039;eau.\u00a0<strong>eau douce<\/strong>\u00a0<strong>\u00e0 des profondeurs allant jusqu&#039;\u00e0 un m\u00e8tre pendant une dur\u00e9e maximale de 30 minutes, \u00e0 condition que les protections terminales restent correctement scell\u00e9es.<\/strong><\/p>\n<p><strong>Nous vous laissons quelques conseils<\/strong>\u00a0<strong>pour tout terminal certifi\u00e9 IP68<\/strong>:<\/p>\n<ul>\n<li>N&#039;exposez pas le smartphone IP68 aux courants d&#039;eau tels que l&#039;eau du robinet, les vagues de l&#039;oc\u00e9an ou les cascades.<\/li>\n<li>Si votre smartphone IP68 a \u00e9t\u00e9 expos\u00e9 \u00e0 de l&#039;eau douce, s\u00e9chez-le soigneusement avec un chiffon propre et doux.<\/li>\n<li>Si le smartphone IP68 a \u00e9t\u00e9 expos\u00e9 \u00e0 un type de liquide autre que de l&#039;eau douce (comme l&#039;eau de mer), rincez imm\u00e9diatement l&#039;appareil d\u00e9licatement \u00e0 l&#039;eau douce et s\u00e9chez soigneusement avec un chiffon doux et propre.<\/li>\n<li>Si vous avez des doutes sur la bonne fermeture des protections.\u00a0<strong>NON\u00a0<\/strong>tu le mouilles.<\/li>\n<li>Nous vous d\u00e9conseillons d&#039;effectuer des tests agressifs pour d\u00e9montrer votre r\u00e9sistance.<\/li>\n<li>Il est d\u00e9conseill\u00e9 de manipuler les boutons de l&#039;appareil dans l&#039;eau.<\/li>\n<li>Il n&#039;est pas recommand\u00e9 d&#039;immerger l&#039;appareil dans l&#039;eau sal\u00e9e, car la certification IP ne s&#039;applique qu&#039;\u00e0 l&#039;eau douce.<\/li>\n<\/ul>","protected":false},"excerpt":{"rendered":"<p>MediaTek Dimensity 7050<\/p>\n<p>12 Go + 12 Go de RAM 512 Go de ROM<\/p>\n<p>Android 13 \u2013 5G | 550 nits<\/p>\n<p>179,5*82,6*17 mm<\/p>\n<p>\u00c9cran 6,78\u2033 Poids 385 g<\/p>\n<p>8800 mAh<\/p>\n<p>Mobile robuste avec NFC<\/p>","protected":false},"featured_media":8008,"comment_status":"closed","ping_status":"closed","template":"","meta":{"_acf_changed":false},"product_brand":[287],"product_cat":[349],"product_tag":[],"class_list":{"0":"post-7117","1":"product","2":"type-product","3":"status-publish","4":"has-post-thumbnail","6":"product_brand-blackview","7":"product_cat-sin-categoria","9":"first","10":"outofstock","11":"sale","12":"shipping-taxable","13":"purchasable","14":"product-type-variable"},"acf":[],"_links":{"self":[{"href":"https:\/\/blackviewphones.com\/fr\/wp-json\/wp\/v2\/product\/7117","targetHints":{"allow":["GET"]}}],"collection":[{"href":"https:\/\/blackviewphones.com\/fr\/wp-json\/wp\/v2\/product"}],"about":[{"href":"https:\/\/blackviewphones.com\/fr\/wp-json\/wp\/v2\/types\/product"}],"replies":[{"embeddable":true,"href":"https:\/\/blackviewphones.com\/fr\/wp-json\/wp\/v2\/comments?post=7117"}],"version-history":[{"count":0,"href":"https:\/\/blackviewphones.com\/fr\/wp-json\/wp\/v2\/product\/7117\/revisions"}],"wp:featuredmedia":[{"embeddable":true,"href":"https:\/\/blackviewphones.com\/fr\/wp-json\/wp\/v2\/media\/8008"}],"wp:attachment":[{"href":"https:\/\/blackviewphones.com\/fr\/wp-json\/wp\/v2\/media?parent=7117"}],"wp:term":[{"taxonomy":"product_brand","embeddable":true,"href":"https:\/\/blackviewphones.com\/fr\/wp-json\/wp\/v2\/product_brand?post=7117"},{"taxonomy":"product_cat","embeddable":true,"href":"https:\/\/blackviewphones.com\/fr\/wp-json\/wp\/v2\/product_cat?post=7117"},{"taxonomy":"product_tag","embeddable":true,"href":"https:\/\/blackviewphones.com\/fr\/wp-json\/wp\/v2\/product_tag?post=7117"}],"curies":[{"name":"wp","href":"https:\/\/api.w.org\/{rel}","templated":true}]}}