

{"id":7080,"date":"2025-04-07T14:01:30","date_gmt":"2025-04-07T12:01:30","guid":{"rendered":"https:\/\/blackviewphones.com\/?post_type=product&#038;p=7080"},"modified":"2026-05-03T13:34:11","modified_gmt":"2026-05-03T11:34:11","slug":"blackview-bv6200-plus-24-go-de-ram-256-go-de-rom","status":"publish","type":"product","link":"https:\/\/blackviewphones.com\/fr\/product\/blackview-bv6200-plus-24gb-ram-256gb-rom\/","title":{"rendered":"Blackview BV6200 Plus | NFC et batterie de 11\u00a0000 mAh"},"content":{"rendered":"<h1>Blackview BV6200 Plus | NFC et batterie de 11\u00a0000 mAh<\/h1>\n<p><span style=\"color: #0000ff;\"><strong>EXP\u00c9DITION \u00c0 PARTIR DU 12\/05\/2026<\/strong><\/span><\/p>\n<p><span style=\"color: #0000ff;\"><strong>PRIX SP\u00c9CIAL PR\u00c9COMMANDE. LIVRAISON IMPOSSIBLE AVANT LA DATE INDIQU\u00c9E, QUEL QUE SOIT LE MODE DE LIVRAISON.<\/strong><\/span><\/p>\n<p>Malgr\u00e9 son prix abordable, le\u00a0<strong>BV6200 Plus<\/strong>\u00a0ne sacrifie ni la performance ni l&#039;endurance. Il est \u00e9quip\u00e9 d&#039;un processeur Octa-Core,\u00a0<strong>8 Go<\/strong>\u00a0de\u00a0<strong>M\u00e9moire vive (RAM) extensible virtuellement jusqu&#039;\u00e0 24 Go ou 32 Go<\/strong> et\u00a0<strong> 128 ou 256 Go<\/strong>\u00a0stockage interne extensible jusqu&#039;\u00e0 2 To avec une carte m\u00e9moire, garantissant un fonctionnement fluide et la possibilit\u00e9 d&#039;ex\u00e9cuter des applications et des jeux sans probl\u00e8me.<\/p>\n<p>Avec une batterie de<strong>\u00a011 000 mAh<\/strong>, le BV6200 Plus vous offre une autonomie de batterie suffisante pour durer toute la journ\u00e9e. Vous pouvez utiliser votre smartphone sans craindre de manquer d&#039;\u00e9nergie, m\u00eame dans les situations o\u00f9 vous n&#039;avez pas acc\u00e8s \u00e0 une prise de courant. De plus, c&#039;est un mobile tout-terrain qui a\u00a0<strong>Certification IP68, IP69K et MIL-STD-810H<\/strong>.<\/p>\n<p>Ne laissez rien vous arr\u00eater et obtenez le BV6200 Plus maintenant pour une exp\u00e9rience mobile robuste \u00e0 un prix abordable !<\/p>\n<p><strong>IP68 : CE QUE VOUS POUVEZ ET NE POUVEZ PAS FAIRE<\/strong><\/p>\n<p>Si un appareil est certifi\u00e9 IP68, cela signifie qu&#039;il peut \u00eatre immerg\u00e9 dans l&#039;eau.\u00a0<strong>eau douce<\/strong>\u00a0<strong>\u00e0 des profondeurs allant jusqu&#039;\u00e0 un m\u00e8tre pendant une dur\u00e9e maximale de 30 minutes, \u00e0 condition que les protections terminales restent correctement scell\u00e9es.<\/strong><\/p>\n<p><strong>Nous vous laissons quelques conseils<\/strong>\u00a0<strong>pour tout terminal certifi\u00e9 IP68<\/strong>:<\/p>\n<ul>\n<li>N&#039;exposez pas le smartphone IP68 aux courants d&#039;eau tels que l&#039;eau du robinet, les vagues de l&#039;oc\u00e9an ou les cascades.<\/li>\n<li>De plus, si votre smartphone IP68 a \u00e9t\u00e9 expos\u00e9 \u00e0 l\u2019eau douce, s\u00e9chez-le soigneusement avec un chiffon propre et doux.<\/li>\n<li>Si le smartphone IP68 a \u00e9t\u00e9 expos\u00e9 \u00e0 un type de liquide autre que de l\u2019eau douce (comme l\u2019eau de mer), rincez imm\u00e9diatement l\u2019appareil \u00e0 l\u2019eau douce douce et s\u00e9chez soigneusement avec un chiffon doux et propre.<\/li>\n<li>Si vous avez des doutes sur la bonne fermeture des protections.\u00a0<strong>NON\u00a0<\/strong>tu le mouilles.<\/li>\n<li>\u00c9vitez les tests agressifs pour d\u00e9montrer votre endurance<\/li>\n<li>Il est d\u00e9conseill\u00e9 de manipuler les boutons de l&#039;appareil dans l&#039;eau.<\/li>\n<li>Il est recommand\u00e9 de NE PAS tremper l&#039;appareil dans l&#039;eau sal\u00e9e car la certification IP ne s&#039;applique qu&#039;\u00e0 l&#039;eau douce.<\/li>\n<\/ul>\n<p>\u00a0<\/p>\n<p><b>IP69K + MIL-STD-810H\u00a0: CE QUE VOUS POUVEZ ET CE QUE VOUS NE POUVEZ PAS FAIRE<\/b><\/p>\n<p><span style=\"font-weight: 400;\">Un appareil certifi\u00e9 IP69K et ayant pass\u00e9 avec succ\u00e8s les tests conformes \u00e0 la norme militaire MIL-STD-810H offre un niveau de r\u00e9sistance sup\u00e9rieur \u00e0 l&#039;eau sous haute pression, \u00e0 la poussi\u00e8re, aux chocs, aux vibrations et aux temp\u00e9ratures extr\u00eames.<\/span><\/p>\n<p><span style=\"font-weight: 400;\">Cette norme militaire am\u00e9ricaine \u00e9value les performances d&#039;un appareil dans des conditions d&#039;utilisation r\u00e9elles exigeantes, sans toutefois garantir son indestructibilit\u00e9. Voici quelques conseils pour tout appareil certifi\u00e9 IP69K et MIL-STD-810H\u00a0:<\/span><\/p>\n<ul>\n<li style=\"font-weight: 400;\" aria-level=\"1\"><span style=\"font-weight: 400;\">Ne pr\u00e9sumez pas que la norme militaire permette de r\u00e9sister \u00e0 des chocs extr\u00eames ou \u00e0 des chutes de n&#039;importe quelle hauteur. L&#039;appareil est durable, mais pas incassable.<\/span><\/li>\n<li style=\"font-weight: 400;\" aria-level=\"1\"><span style=\"font-weight: 400;\">\u00c9vitez d&#039;exposer votre smartphone \u00e0 des pressions, des temp\u00e9ratures ou des forces d\u00e9passant les limites indiqu\u00e9es par le fabricant.<\/span><\/li>\n<li style=\"font-weight: 400;\" aria-level=\"1\"><span style=\"font-weight: 400;\">Bien qu&#039;il puisse r\u00e9sister \u00e0 l&#039;eau sous haute pression, ne l&#039;immergez pas pendant des p\u00e9riodes prolong\u00e9es et \u00e9vitez de manipuler les boutons sous l&#039;eau ou lors de jets directs.<\/span><\/li>\n<li style=\"font-weight: 400;\" aria-level=\"1\"><span style=\"font-weight: 400;\">Si le terminal a \u00e9t\u00e9 en contact avec de l&#039;eau douce, s\u00e9chez-le soigneusement avec un chiffon doux.<\/span><\/li>\n<li style=\"font-weight: 400;\" aria-level=\"1\"><span style=\"font-weight: 400;\">Si l&#039;objet a \u00e9t\u00e9 expos\u00e9 \u00e0 de l&#039;eau sal\u00e9e, de la boue, des produits chimiques ou tout autre liquide que de l&#039;eau douce, rincez-le d\u00e9licatement \u00e0 l&#039;eau douce puis s\u00e9chez-le compl\u00e8tement.<\/span><\/li>\n<li style=\"font-weight: 400;\" aria-level=\"1\"><span style=\"font-weight: 400;\">Ne proc\u00e9dez pas \u00e0 des tests extr\u00eames avec du feu, des impacts d\u00e9lib\u00e9r\u00e9s ou des chutes inutiles dans le seul but de d\u00e9montrer la durabilit\u00e9.<\/span><\/li>\n<li style=\"font-weight: 400;\" aria-level=\"1\"><span style=\"font-weight: 400;\">Assurez-vous que tous les couvercles, protections ou joints sont compl\u00e8tement ferm\u00e9s avant d&#039;exposer l&#039;appareil \u00e0 la poussi\u00e8re, \u00e0 la pression ou \u00e0 l&#039;humidit\u00e9.<\/span><\/li>\n<li style=\"font-weight: 400;\" aria-level=\"1\"><span style=\"font-weight: 400;\">Bien qu&#039;il puisse r\u00e9sister aux vibrations et aux temp\u00e9ratures \u00e9lev\u00e9es, \u00e9vitez une utilisation prolong\u00e9e sur des machines lourdes d\u00e9passant les plages certifi\u00e9es.<\/span><\/li>\n<\/ul>","protected":false},"excerpt":{"rendered":"<p><strong><span style=\"color: #0000ff;\">EXP\u00c9DITION \u00c0 PARTIR DU 12\/05\/2026<\/span><\/strong><\/p>\n<p><strong><span style=\"color: #0000ff;\">PRIX SP\u00c9CIAL PR\u00c9COMMANDE. LIVRAISON IMPOSSIBLE AVANT LA DATE INDIQU\u00c9E, QUEL QUE SOIT LE MODE DE LIVRAISON.<\/span><\/strong><\/p>\n<p>Unisoc T606<\/p>\n<p><strong>8 Go + 16 Go de RAM, 128 Go \/ 256 Go de ROM (Remis \u00e0 neuf)<\/strong><\/p>\n<p>8 Go + 24 Go de RAM, 128 Go de ROM<\/p>\n<p>Android 15<\/p>\n<p>\u00c9cran 6,56\u2033 Poids 438 g<\/p>\n<p>11 000 mAh<\/p>\n<p>T\u00e9l\u00e9phone mobile robuste avec NFC<\/p>","protected":false},"featured_media":13601,"comment_status":"closed","ping_status":"closed","template":"","meta":{"_acf_changed":false},"product_brand":[287],"product_cat":[136,42,159],"product_tag":[],"class_list":{"0":"post-7080","1":"product","2":"type-product","3":"status-publish","4":"has-post-thumbnail","6":"product_brand-blackview","7":"product_cat-moviles-resistentes-rugerizados","8":"product_cat-moviles-blackview","9":"product_cat-ofertas","11":"first","12":"instock","13":"sale","14":"shipping-taxable","15":"purchasable","16":"product-type-variable","17":"has-default-attributes"},"acf":[],"_links":{"self":[{"href":"https:\/\/blackviewphones.com\/fr\/wp-json\/wp\/v2\/product\/7080","targetHints":{"allow":["GET"]}}],"collection":[{"href":"https:\/\/blackviewphones.com\/fr\/wp-json\/wp\/v2\/product"}],"about":[{"href":"https:\/\/blackviewphones.com\/fr\/wp-json\/wp\/v2\/types\/product"}],"replies":[{"embeddable":true,"href":"https:\/\/blackviewphones.com\/fr\/wp-json\/wp\/v2\/comments?post=7080"}],"version-history":[{"count":0,"href":"https:\/\/blackviewphones.com\/fr\/wp-json\/wp\/v2\/product\/7080\/revisions"}],"wp:featuredmedia":[{"embeddable":true,"href":"https:\/\/blackviewphones.com\/fr\/wp-json\/wp\/v2\/media\/13601"}],"wp:attachment":[{"href":"https:\/\/blackviewphones.com\/fr\/wp-json\/wp\/v2\/media?parent=7080"}],"wp:term":[{"taxonomy":"product_brand","embeddable":true,"href":"https:\/\/blackviewphones.com\/fr\/wp-json\/wp\/v2\/product_brand?post=7080"},{"taxonomy":"product_cat","embeddable":true,"href":"https:\/\/blackviewphones.com\/fr\/wp-json\/wp\/v2\/product_cat?post=7080"},{"taxonomy":"product_tag","embeddable":true,"href":"https:\/\/blackviewphones.com\/fr\/wp-json\/wp\/v2\/product_tag?post=7080"}],"curies":[{"name":"wp","href":"https:\/\/api.w.org\/{rel}","templated":true}]}}